{"id":7465,"date":"2026-03-28T14:26:46","date_gmt":"2026-03-28T13:26:46","guid":{"rendered":"https:\/\/barf-aalborg.dk\/?post_type=product&#038;p=7465"},"modified":"2026-03-28T14:26:47","modified_gmt":"2026-03-28T13:26:47","slug":"pala-recipe-7-lamb-herring","status":"publish","type":"product","link":"https:\/\/barf-aalborg.dk\/index.php\/vare\/pala-recipe-7-lamb-herring\/","title":{"rendered":"Pala Recipe # 7 &#8211; Lamb &#038; herring"},"content":{"rendered":"<h2><strong>Lam &amp; sild \u2013 hundefoder til alle livsstadier<\/strong><\/h2>\n<p>Opskrift #7 &#8211; Opskrift med lam, atlantisk sild, \u00e6g, gr\u00f8ntsager og naturlige boostere. Lam er rig p\u00e5 jern, zink, selen, vitamin B12, niacin og folater. Den er ideel til kardiovaskul\u00e6re og neurologiske funktioner, og ogs\u00e5 til muskul\u00e6r udvikling og vedligeholdelse.<\/p>\n<p>Denne opskrift har masser af protein og er fantastisk til hvalpe og aktive hunde. Omega-fedtsyrerne af h\u00f8j kvalitet fra atlantisk sild hj\u00e6lper med at holde huden sund og pelsen skinnende.<\/p>\n<p>Lam (44%) (Oprindelse: Island, Australien eller New Zealand), atlantisk sild (32%), \u00e6g (6%), gulerod, k\u00e5l, r\u00f8dbeder, tang, hvedegr\u00e6s, \u00e6ggeskal, oregano, naturlige tocopheroler med rosmarinekstrakt, havtorn, traneb\u00e6r, bl\u00e5b\u00e6r, havsalt, gurkemeje, timian, krabbe, bambusfiber, citrusbioflavonoider, sort peber. Ingen syntetiske tils\u00e6tningsstoffer, kosttilskud, smagsstoffer eller konserveringsmidler.<\/p>\n<p>R\u00e5protein: 47%, R\u00e5 Fedt: 30%, Omega 3 fedtsyrer: 1,8%, Omega 6 fedtsyrer: 2,3%, R\u00e5fiber: 2%, Fugt: 10%, Aske: 5%, Kulhydrater: 6%, Calcium (Ca): 1,3%, Fosfor (P): 1,1%, CA : P: 1,17 : 1<\/p>\n<p>kcal ME \/ Kg: 4842<\/p>\n<p>Opbevares p\u00e5 et k\u00f8ligt t\u00f8rt sted. Hold posen lukket efter \u00e5bning og indtag inden for 2 uger.<\/p>\n<table>\n<thead>\n<tr>\n<th>HUNDEV\u00c6GT<\/th>\n<th>GENNEMSNITLIG DAGLIG SERVERING<\/th>\n<\/tr>\n<\/thead>\n<tbody>\n<tr>\n<td>5 kg<\/td>\n<td>65g<\/td>\n<\/tr>\n<tr>\n<td>10kg<\/td>\n<td>110g<\/td>\n<\/tr>\n<tr>\n<td>15kg<\/td>\n<td>149g<\/td>\n<\/tr>\n<tr>\n<td>20 kg<\/td>\n<td>184g<\/td>\n<\/tr>\n<tr>\n<td>25kg<\/td>\n<td>218g<\/td>\n<\/tr>\n<tr>\n<td>35kg<\/td>\n<td>281g<\/td>\n<\/tr>\n<tr>\n<td>40 kg<\/td>\n<td>311g<\/td>\n<\/tr>\n<\/tbody>\n<\/table>\n","protected":false},"excerpt":{"rendered":"<p>Lam &amp; sild \u2013 hundefoder til alle livsstadier Opskrift #7 &#8211; Opskrift med lam, atlantisk sild, \u00e6g, gr\u00f8ntsager og naturlige boostere. Lam er rig p\u00e5 jern, zink, selen, vitamin B12, niacin og folater. Den er ideel til kardiovaskul\u00e6re og neurologiske funktioner, og ogs\u00e5 til muskul\u00e6r udvikling og vedligeholdelse. Denne opskrift har masser af protein og [&hellip;]<\/p>\n","protected":false},"featured_media":7466,"comment_status":"open","ping_status":"closed","template":"","meta":[],"product_brand":[479],"product_cat":[480,17],"product_tag":[64,65],"class_list":{"0":"post-7465","1":"product","2":"type-product","3":"status-publish","4":"has-post-thumbnail","6":"product_brand-pala","7":"product_cat-pala","8":"product_cat-toerfoder","9":"product_tag-fuldfoder","10":"product_tag-kornfrit-toerfoder-til-hunde","11":"pa_kilo-1-kg","12":"pa_kilo-100-gr","13":"pa_kilo-400-gr","15":"first","16":"instock","17":"taxable","18":"shipping-taxable","19":"purchasable","20":"product-type-variable"},"_links":{"self":[{"href":"https:\/\/barf-aalborg.dk\/index.php\/wp-json\/wp\/v2\/product\/7465","targetHints":{"allow":["GET"]}}],"collection":[{"href":"https:\/\/barf-aalborg.dk\/index.php\/wp-json\/wp\/v2\/product"}],"about":[{"href":"https:\/\/barf-aalborg.dk\/index.php\/wp-json\/wp\/v2\/types\/product"}],"replies":[{"embeddable":true,"href":"https:\/\/barf-aalborg.dk\/index.php\/wp-json\/wp\/v2\/comments?post=7465"}],"version-history":[{"count":1,"href":"https:\/\/barf-aalborg.dk\/index.php\/wp-json\/wp\/v2\/product\/7465\/revisions"}],"predecessor-version":[{"id":7470,"href":"https:\/\/barf-aalborg.dk\/index.php\/wp-json\/wp\/v2\/product\/7465\/revisions\/7470"}],"wp:featuredmedia":[{"embeddable":true,"href":"https:\/\/barf-aalborg.dk\/index.php\/wp-json\/wp\/v2\/media\/7466"}],"wp:attachment":[{"href":"https:\/\/barf-aalborg.dk\/index.php\/wp-json\/wp\/v2\/media?parent=7465"}],"wp:term":[{"taxonomy":"product_brand","embeddable":true,"href":"https:\/\/barf-aalborg.dk\/index.php\/wp-json\/wp\/v2\/product_brand?post=7465"},{"taxonomy":"product_cat","embeddable":true,"href":"https:\/\/barf-aalborg.dk\/index.php\/wp-json\/wp\/v2\/product_cat?post=7465"},{"taxonomy":"product_tag","embeddable":true,"href":"https:\/\/barf-aalborg.dk\/index.php\/wp-json\/wp\/v2\/product_tag?post=7465"}],"curies":[{"name":"wp","href":"https:\/\/api.w.org\/{rel}","templated":true}]}}