{"id":7459,"date":"2026-03-28T14:21:15","date_gmt":"2026-03-28T13:21:15","guid":{"rendered":"https:\/\/barf-aalborg.dk\/?post_type=product&#038;p=7459"},"modified":"2026-03-28T14:21:16","modified_gmt":"2026-03-28T13:21:16","slug":"pala-recipe-6-turkey-duck-herring","status":"publish","type":"product","link":"https:\/\/barf-aalborg.dk\/index.php\/vare\/pala-recipe-6-turkey-duck-herring\/","title":{"rendered":"Pala Recipe # 6 &#8211; Turkey, duck &#038; herring"},"content":{"rendered":"<h2><strong>Kalkun, and &amp; sild \u2013\u00a0 hundefoder til alle livsstadier<\/strong><\/h2>\n<p>Opskrift #6 &#8211; Opskrift med kalkun, and, atlantisk sild, \u00e6g, gr\u00f8ntsager, b\u00e6r og naturlige boostere. Kalkun og and er ofte velegnede til hunde med f\u00f8lsomme maver, og de er fremragende kilder til vitamin B, jern, zink, selen og essentielle aminosyrer.<\/p>\n<p>Omega-3 fedtsyrerne af h\u00f8j kvalitet fra atlantisk sild holder huden sund, pelsen skinner og styrker muskler og led. Denne opskrift hj\u00e6lper ogs\u00e5 med at vedligeholde og booste ford\u00f8jelses- og kardiovaskul\u00e6re systemer.<\/p>\n<p>Kalkun (37%), and (25%), atlantisk sild (19%), \u00e6g (3%), gulerod, k\u00e5l, r\u00f8dbeder, hvedegr\u00e6s, tang, oregano, havtorn, traneb\u00e6r, bl\u00e5b\u00e6r, naturlige tocopheroler med rosmarinekstrakt, havsalt, gurkemeje, krabbe, timian, bambusfibre, citrusbioflavonoider, sort peber. Ingen syntetiske tils\u00e6tningsstoffer, kosttilskud, smagsstoffer eller konserveringsmidler.<\/p>\n<p>R\u00e5protein: 38%, R\u00e5 Fedt: 34%, R\u00e5fiber: 2%, Fugt: 10%, Aske: 8%, Kulhydrater: 8%, Calcium (Ca): 1,4%, Fosfor (P): 1,2%, CA : P: 1,18 : 1, Omega 3 fedtsyrer: 1,0%, Omega 6 fedtsyrer: 4,7%<\/p>\n<p>kcal ME \/ Kg: 4911<\/p>\n<p>Opbevares p\u00e5 et k\u00f8ligt t\u00f8rt sted. Hold posen lukket efter \u00e5bning og indtag inden for 2 uger.<\/p>\n<table>\n<thead>\n<tr>\n<th>HUNDEV\u00c6GT<\/th>\n<th>GENNEMSNITLIG DAGLIG SERVERING<\/th>\n<\/tr>\n<\/thead>\n<tbody>\n<tr>\n<td>5 kg<\/td>\n<td>65g<\/td>\n<\/tr>\n<tr>\n<td>10kg<\/td>\n<td>110g<\/td>\n<\/tr>\n<tr>\n<td>15kg<\/td>\n<td>149g<\/td>\n<\/tr>\n<tr>\n<td>20 kg<\/td>\n<td>184g<\/td>\n<\/tr>\n<tr>\n<td>25kg<\/td>\n<td>218g<\/td>\n<\/tr>\n<tr>\n<td>35kg<\/td>\n<td>281g<\/td>\n<\/tr>\n<tr>\n<td>40 kg<\/td>\n<td>311g<\/td>\n<\/tr>\n<\/tbody>\n<\/table>\n","protected":false},"excerpt":{"rendered":"<p>Kalkun, and &amp; sild \u2013\u00a0 hundefoder til alle livsstadier Opskrift #6 &#8211; Opskrift med kalkun, and, atlantisk sild, \u00e6g, gr\u00f8ntsager, b\u00e6r og naturlige boostere. Kalkun og and er ofte velegnede til hunde med f\u00f8lsomme maver, og de er fremragende kilder til vitamin B, jern, zink, selen og essentielle aminosyrer. Omega-3 fedtsyrerne af h\u00f8j kvalitet fra [&hellip;]<\/p>\n","protected":false},"featured_media":7460,"comment_status":"open","ping_status":"closed","template":"","meta":[],"product_brand":[479],"product_cat":[480,17],"product_tag":[64,65],"class_list":{"0":"post-7459","1":"product","2":"type-product","3":"status-publish","4":"has-post-thumbnail","6":"product_brand-pala","7":"product_cat-pala","8":"product_cat-toerfoder","9":"product_tag-fuldfoder","10":"product_tag-kornfrit-toerfoder-til-hunde","11":"pa_kilo-1-kg","12":"pa_kilo-100-gr","13":"pa_kilo-400-gr","15":"first","16":"instock","17":"taxable","18":"shipping-taxable","19":"purchasable","20":"product-type-variable"},"_links":{"self":[{"href":"https:\/\/barf-aalborg.dk\/index.php\/wp-json\/wp\/v2\/product\/7459","targetHints":{"allow":["GET"]}}],"collection":[{"href":"https:\/\/barf-aalborg.dk\/index.php\/wp-json\/wp\/v2\/product"}],"about":[{"href":"https:\/\/barf-aalborg.dk\/index.php\/wp-json\/wp\/v2\/types\/product"}],"replies":[{"embeddable":true,"href":"https:\/\/barf-aalborg.dk\/index.php\/wp-json\/wp\/v2\/comments?post=7459"}],"version-history":[{"count":1,"href":"https:\/\/barf-aalborg.dk\/index.php\/wp-json\/wp\/v2\/product\/7459\/revisions"}],"predecessor-version":[{"id":7464,"href":"https:\/\/barf-aalborg.dk\/index.php\/wp-json\/wp\/v2\/product\/7459\/revisions\/7464"}],"wp:featuredmedia":[{"embeddable":true,"href":"https:\/\/barf-aalborg.dk\/index.php\/wp-json\/wp\/v2\/media\/7460"}],"wp:attachment":[{"href":"https:\/\/barf-aalborg.dk\/index.php\/wp-json\/wp\/v2\/media?parent=7459"}],"wp:term":[{"taxonomy":"product_brand","embeddable":true,"href":"https:\/\/barf-aalborg.dk\/index.php\/wp-json\/wp\/v2\/product_brand?post=7459"},{"taxonomy":"product_cat","embeddable":true,"href":"https:\/\/barf-aalborg.dk\/index.php\/wp-json\/wp\/v2\/product_cat?post=7459"},{"taxonomy":"product_tag","embeddable":true,"href":"https:\/\/barf-aalborg.dk\/index.php\/wp-json\/wp\/v2\/product_tag?post=7459"}],"curies":[{"name":"wp","href":"https:\/\/api.w.org\/{rel}","templated":true}]}}