{"id":7453,"date":"2026-03-28T13:57:52","date_gmt":"2026-03-28T12:57:52","guid":{"rendered":"https:\/\/barf-aalborg.dk\/?post_type=product&#038;p=7453"},"modified":"2026-03-28T13:57:52","modified_gmt":"2026-03-28T12:57:52","slug":"pala-recipe-5-chicken","status":"publish","type":"product","link":"https:\/\/barf-aalborg.dk\/index.php\/vare\/pala-recipe-5-chicken\/","title":{"rendered":"Pala Recipe # 5 &#8211; Chicken"},"content":{"rendered":"<h2>Kylling \u2013 r\u00e5 hundemad til alle livsstadier<\/h2>\n<p>Opskrift #5 &#8211; Opskrift med kylling, \u00e6g, gr\u00f8ntsager, b\u00e6r og naturlige boostere. Kylling er et letford\u00f8jeligt magert protein, rigt p\u00e5 glucosamin, B-vitaminer, cholin, aminosyrer som tryptofan, jern, zink, selen og omega-6 fedtsyrer.<\/p>\n<p>Denne opskrift har de h\u00f8jeste kalorier fra alle vores f\u00f8devarer og er fantastisk til aktive hunde. Det er godt for muskeludvikling, v\u00e6vsreparation, vedligeholdelse af hud- og pelssundhed samt ledstyrke, forbedring af kardiovaskul\u00e6re og neurologiske funktioner samt styrkelse af immunsystemet.<\/p>\n<p>Kylling (76%), \u00e6g (6%), gulerod, k\u00e5l, r\u00f8dbede, h\u00f8rfr\u00f8olie, tang, hvedegr\u00e6s, krabbeskall, oregano, traneb\u00e6r, bl\u00e5b\u00e6r, havtorn, naturlige tocopheroler med rosmarinekstrakt, gurkemeje, havsalt, timian, bambusfibre, citrusbioflavonoider, sort peber. Ingen syntetiske tils\u00e6tningsstoffer, kosttilskud, smagsstoffer eller konserveringsmidler.<\/p>\n<p>R\u00e5protein: 37%,\u00a0R\u00e5fedt: 39%,\u00a0R\u00e5fiber: 2%,\u00a0Fugtighed: 10%,\u00a0Ash: 7%,\u00a0Kulhydrater: 5%,\u00a0Calcium (Ca): 1,4 %,\u00a0Fosfor (P): 1%,\u00a0CA : P: 1,5 : 1,\u00a0Omega 3-fedtsyrer: 1,8%,\u00a0Omega 6 fedtsyrer: 6,6%<\/p>\n<p>kcal ME \/ kg: 5206<\/p>\n","protected":false},"excerpt":{"rendered":"<p>Kylling \u2013 r\u00e5 hundemad til alle livsstadier Opskrift #5 &#8211; Opskrift med kylling, \u00e6g, gr\u00f8ntsager, b\u00e6r og naturlige boostere. Kylling er et letford\u00f8jeligt magert protein, rigt p\u00e5 glucosamin, B-vitaminer, cholin, aminosyrer som tryptofan, jern, zink, selen og omega-6 fedtsyrer. Denne opskrift har de h\u00f8jeste kalorier fra alle vores f\u00f8devarer og er fantastisk til aktive hunde. [&hellip;]<\/p>\n","protected":false},"featured_media":7457,"comment_status":"open","ping_status":"closed","template":"","meta":[],"product_brand":[479],"product_cat":[480,17],"product_tag":[64,65],"class_list":{"0":"post-7453","1":"product","2":"type-product","3":"status-publish","4":"has-post-thumbnail","6":"product_brand-pala","7":"product_cat-pala","8":"product_cat-toerfoder","9":"product_tag-fuldfoder","10":"product_tag-kornfrit-toerfoder-til-hunde","11":"pa_kilo-1-kg","12":"pa_kilo-100-gr","13":"pa_kilo-400-gr","15":"first","16":"outofstock","17":"taxable","18":"shipping-taxable","19":"purchasable","20":"product-type-variable"},"_links":{"self":[{"href":"https:\/\/barf-aalborg.dk\/index.php\/wp-json\/wp\/v2\/product\/7453","targetHints":{"allow":["GET"]}}],"collection":[{"href":"https:\/\/barf-aalborg.dk\/index.php\/wp-json\/wp\/v2\/product"}],"about":[{"href":"https:\/\/barf-aalborg.dk\/index.php\/wp-json\/wp\/v2\/types\/product"}],"replies":[{"embeddable":true,"href":"https:\/\/barf-aalborg.dk\/index.php\/wp-json\/wp\/v2\/comments?post=7453"}],"version-history":[{"count":1,"href":"https:\/\/barf-aalborg.dk\/index.php\/wp-json\/wp\/v2\/product\/7453\/revisions"}],"predecessor-version":[{"id":7458,"href":"https:\/\/barf-aalborg.dk\/index.php\/wp-json\/wp\/v2\/product\/7453\/revisions\/7458"}],"wp:featuredmedia":[{"embeddable":true,"href":"https:\/\/barf-aalborg.dk\/index.php\/wp-json\/wp\/v2\/media\/7457"}],"wp:attachment":[{"href":"https:\/\/barf-aalborg.dk\/index.php\/wp-json\/wp\/v2\/media?parent=7453"}],"wp:term":[{"taxonomy":"product_brand","embeddable":true,"href":"https:\/\/barf-aalborg.dk\/index.php\/wp-json\/wp\/v2\/product_brand?post=7453"},{"taxonomy":"product_cat","embeddable":true,"href":"https:\/\/barf-aalborg.dk\/index.php\/wp-json\/wp\/v2\/product_cat?post=7453"},{"taxonomy":"product_tag","embeddable":true,"href":"https:\/\/barf-aalborg.dk\/index.php\/wp-json\/wp\/v2\/product_tag?post=7453"}],"curies":[{"name":"wp","href":"https:\/\/api.w.org\/{rel}","templated":true}]}}