{"id":7447,"date":"2026-03-28T13:29:26","date_gmt":"2026-03-28T12:29:26","guid":{"rendered":"https:\/\/barf-aalborg.dk\/?post_type=product&#038;p=7447"},"modified":"2026-03-28T13:29:26","modified_gmt":"2026-03-28T12:29:26","slug":"pala-recipe-4-rabbit-herring-salmon","status":"publish","type":"product","link":"https:\/\/barf-aalborg.dk\/index.php\/vare\/pala-recipe-4-rabbit-herring-salmon\/","title":{"rendered":"Pala Recipe # 4 &#8211; Rabbit, herring &#038; salmon"},"content":{"rendered":"<h2><strong>Kanin, Sild &amp; Laks &#8211; r\u00e5 hundefoder til alle livsstadier<\/strong><\/h2>\n<p>Opskrift #4 &#8211; Opskrift med kanin, atlantisk sild, laks, gr\u00f8ntsager, b\u00e6r og naturlige boostere. Kanin er et allergivenligt k\u00f8d, velegnet til mange hunde, der har f\u00f8lsomme maver, og det er pakket med magre proteiner, naturlige aminosyrer, jern, calcium, fosfor, kalium, zink, kobber, vitamin B12 og E.<\/p>\n<p>Med masser af omega fedtsyrer fra sild og laks, er denne opskrift ideel til hud og pels sundhed, styrke immunforsvaret, ford\u00f8jelsesfunktion, og muskel og knogle udvikling.<\/p>\n<p>Kanin (37%), atlantisk sild (30%), laks (15%), gulerod, k\u00e5l, r\u00f8dbeder, hvedegr\u00e6s, tang, havtorn, traneb\u00e6r, bl\u00e5b\u00e6r, oregano, naturlige tocopheroler med rosmarinekstrakt, krabbeskal, havsalt, gurkemeje, timian, bambusfibre, citrusbioflavonoider, sort peber. Ingen syntetiske tils\u00e6tningsstoffer, kosttilskud, smagsstoffer eller konserveringsmidler.<\/p>\n<p>R\u00e5protein: 52%, R\u00e5 Fedt: 22%, R\u00e5fiber: 3%, Fugt: 10%, Aske: 8%, Kulhydrater: 5%, Calcium (Ca): 1,6%, Fosfor (P): 1,1%, CA : P: 1,39 : 1, Omega 3 fedtsyrer: 2,9%, Omega 6 fedtsyrer: 2,3%<\/p>\n<p>kcal ME \/ Kg: 4302<\/p>\n<p>Opbevares p\u00e5 et k\u00f8ligt t\u00f8rt sted. Hold posen lukket efter \u00e5bning og indtag inden for 2 uger.<\/p>\n<table>\n<thead>\n<tr>\n<th>HUNDEV\u00c6GT<\/th>\n<th>GENNEMSNITLIG DAGLIG SERVERING<\/th>\n<\/tr>\n<\/thead>\n<tbody>\n<tr>\n<td>5 kg<\/td>\n<td>65g<\/td>\n<\/tr>\n<tr>\n<td>10kg<\/td>\n<td>110g<\/td>\n<\/tr>\n<tr>\n<td>15kg<\/td>\n<td>149g<\/td>\n<\/tr>\n<tr>\n<td>20 kg<\/td>\n<td>184g<\/td>\n<\/tr>\n<tr>\n<td>25kg<\/td>\n<td>218g<\/td>\n<\/tr>\n<tr>\n<td>35kg<\/td>\n<td>281g<\/td>\n<\/tr>\n<tr>\n<td>40 kg<\/td>\n<td>311g<\/td>\n<\/tr>\n<\/tbody>\n<\/table>\n","protected":false},"excerpt":{"rendered":"<p>Kanin, Sild &amp; Laks &#8211; r\u00e5 hundefoder til alle livsstadier Opskrift #4 &#8211; Opskrift med kanin, atlantisk sild, laks, gr\u00f8ntsager, b\u00e6r og naturlige boostere. Kanin er et allergivenligt k\u00f8d, velegnet til mange hunde, der har f\u00f8lsomme maver, og det er pakket med magre proteiner, naturlige aminosyrer, jern, calcium, fosfor, kalium, zink, kobber, vitamin B12 og [&hellip;]<\/p>\n","protected":false},"featured_media":7448,"comment_status":"open","ping_status":"closed","template":"","meta":[],"product_brand":[479],"product_cat":[480,17],"product_tag":[64,65],"class_list":{"0":"post-7447","1":"product","2":"type-product","3":"status-publish","4":"has-post-thumbnail","6":"product_brand-pala","7":"product_cat-pala","8":"product_cat-toerfoder","9":"product_tag-fuldfoder","10":"product_tag-kornfrit-toerfoder-til-hunde","11":"pa_kilo-1-kg","12":"pa_kilo-100-gr","13":"pa_kilo-400-gr","15":"first","16":"instock","17":"taxable","18":"shipping-taxable","19":"purchasable","20":"product-type-variable"},"_links":{"self":[{"href":"https:\/\/barf-aalborg.dk\/index.php\/wp-json\/wp\/v2\/product\/7447","targetHints":{"allow":["GET"]}}],"collection":[{"href":"https:\/\/barf-aalborg.dk\/index.php\/wp-json\/wp\/v2\/product"}],"about":[{"href":"https:\/\/barf-aalborg.dk\/index.php\/wp-json\/wp\/v2\/types\/product"}],"replies":[{"embeddable":true,"href":"https:\/\/barf-aalborg.dk\/index.php\/wp-json\/wp\/v2\/comments?post=7447"}],"version-history":[{"count":1,"href":"https:\/\/barf-aalborg.dk\/index.php\/wp-json\/wp\/v2\/product\/7447\/revisions"}],"predecessor-version":[{"id":7452,"href":"https:\/\/barf-aalborg.dk\/index.php\/wp-json\/wp\/v2\/product\/7447\/revisions\/7452"}],"wp:featuredmedia":[{"embeddable":true,"href":"https:\/\/barf-aalborg.dk\/index.php\/wp-json\/wp\/v2\/media\/7448"}],"wp:attachment":[{"href":"https:\/\/barf-aalborg.dk\/index.php\/wp-json\/wp\/v2\/media?parent=7447"}],"wp:term":[{"taxonomy":"product_brand","embeddable":true,"href":"https:\/\/barf-aalborg.dk\/index.php\/wp-json\/wp\/v2\/product_brand?post=7447"},{"taxonomy":"product_cat","embeddable":true,"href":"https:\/\/barf-aalborg.dk\/index.php\/wp-json\/wp\/v2\/product_cat?post=7447"},{"taxonomy":"product_tag","embeddable":true,"href":"https:\/\/barf-aalborg.dk\/index.php\/wp-json\/wp\/v2\/product_tag?post=7447"}],"curies":[{"name":"wp","href":"https:\/\/api.w.org\/{rel}","templated":true}]}}