{"id":7441,"date":"2026-03-28T13:22:24","date_gmt":"2026-03-28T12:22:24","guid":{"rendered":"https:\/\/barf-aalborg.dk\/?post_type=product&#038;p=7441"},"modified":"2026-03-28T13:22:25","modified_gmt":"2026-03-28T12:22:25","slug":"pala-recipe-2-kylling-laks","status":"publish","type":"product","link":"https:\/\/barf-aalborg.dk\/index.php\/vare\/pala-recipe-2-kylling-laks\/","title":{"rendered":"Pala Recipe # 2 &#8211; Kylling &#038; Laks"},"content":{"rendered":"<p>Opskrift #2 &#8211; Opskrift med kylling, laks, gr\u00f8ntsager, b\u00e6r og naturlige boostere. Kylling er let ford\u00f8jelig og fyldt med naturlige vitaminer B6, B12, selen, zink og essentielle aminosyrer. Laks er rig p\u00e5 omega-fedtsyrer, B-vitaminer, selen og kalium. Denne opskrift er ideel til at st\u00f8tte muskel- og v\u00e6vsopbygning, ledsundhed, dannelse af r\u00f8de blodlegemer, hud- og pelssundhed samt styrke immunforsvaret.<\/p>\n<p>Indhold: Kylling (67%), laks (19%), gulerod, k\u00e5l, r\u00f8dbede, tang, lakseolie, hvedegr\u00e6s, krabbeskal, oregano, bl\u00e5b\u00e6r, traneb\u00e6r, naturlige tokoferoler med rosmarinekstrakt, timian, bambusfibre, gurkemeje, havsalt, citrusbioflavonoider, sort peber. Ingen syntetiske tils\u00e6tningsstoffer, kosttilskud, smagsstoffer eller konserveringsmidler.<\/p>\n<p>R\u00e5protein: 42%, R\u00e5 fedt: 34%, R\u00e5fiber: 2%, Fugtighed: 12%, Aske: 6%, Kulhydrater: 4%, Calcium (Ca): 1,3 %, Fosfor (P): 1,1%, CA : P: 1.16 : 1, Omega 3 fedtsyrer: 2%, Omega 6-fedtsyrer: 5,4%<\/p>\n<p>kcal ME \/ kg: 4873<\/p>\n","protected":false},"excerpt":{"rendered":"<p>Opskrift #2 &#8211; Opskrift med kylling, laks, gr\u00f8ntsager, b\u00e6r og naturlige boostere. Kylling er let ford\u00f8jelig og fyldt med naturlige vitaminer B6, B12, selen, zink og essentielle aminosyrer. Laks er rig p\u00e5 omega-fedtsyrer, B-vitaminer, selen og kalium. Denne opskrift er ideel til at st\u00f8tte muskel- og v\u00e6vsopbygning, ledsundhed, dannelse af r\u00f8de blodlegemer, hud- og pelssundhed [&hellip;]<\/p>\n","protected":false},"featured_media":7442,"comment_status":"open","ping_status":"closed","template":"","meta":[],"product_brand":[479],"product_cat":[480,17],"product_tag":[64,65],"class_list":{"0":"post-7441","1":"product","2":"type-product","3":"status-publish","4":"has-post-thumbnail","6":"product_brand-pala","7":"product_cat-pala","8":"product_cat-toerfoder","9":"product_tag-fuldfoder","10":"product_tag-kornfrit-toerfoder-til-hunde","11":"pa_kilo-1-kg","12":"pa_kilo-100-gr","13":"pa_kilo-400-gr","15":"first","16":"instock","17":"taxable","18":"shipping-taxable","19":"purchasable","20":"product-type-variable"},"_links":{"self":[{"href":"https:\/\/barf-aalborg.dk\/index.php\/wp-json\/wp\/v2\/product\/7441","targetHints":{"allow":["GET"]}}],"collection":[{"href":"https:\/\/barf-aalborg.dk\/index.php\/wp-json\/wp\/v2\/product"}],"about":[{"href":"https:\/\/barf-aalborg.dk\/index.php\/wp-json\/wp\/v2\/types\/product"}],"replies":[{"embeddable":true,"href":"https:\/\/barf-aalborg.dk\/index.php\/wp-json\/wp\/v2\/comments?post=7441"}],"version-history":[{"count":1,"href":"https:\/\/barf-aalborg.dk\/index.php\/wp-json\/wp\/v2\/product\/7441\/revisions"}],"predecessor-version":[{"id":7446,"href":"https:\/\/barf-aalborg.dk\/index.php\/wp-json\/wp\/v2\/product\/7441\/revisions\/7446"}],"wp:featuredmedia":[{"embeddable":true,"href":"https:\/\/barf-aalborg.dk\/index.php\/wp-json\/wp\/v2\/media\/7442"}],"wp:attachment":[{"href":"https:\/\/barf-aalborg.dk\/index.php\/wp-json\/wp\/v2\/media?parent=7441"}],"wp:term":[{"taxonomy":"product_brand","embeddable":true,"href":"https:\/\/barf-aalborg.dk\/index.php\/wp-json\/wp\/v2\/product_brand?post=7441"},{"taxonomy":"product_cat","embeddable":true,"href":"https:\/\/barf-aalborg.dk\/index.php\/wp-json\/wp\/v2\/product_cat?post=7441"},{"taxonomy":"product_tag","embeddable":true,"href":"https:\/\/barf-aalborg.dk\/index.php\/wp-json\/wp\/v2\/product_tag?post=7441"}],"curies":[{"name":"wp","href":"https:\/\/api.w.org\/{rel}","templated":true}]}}