{"id":7435,"date":"2026-03-27T16:57:52","date_gmt":"2026-03-27T15:57:52","guid":{"rendered":"https:\/\/barf-aalborg.dk\/?post_type=product&#038;p=7435"},"modified":"2026-03-28T13:19:21","modified_gmt":"2026-03-28T12:19:21","slug":"pala-recipe-1-original","status":"publish","type":"product","link":"https:\/\/barf-aalborg.dk\/index.php\/vare\/pala-recipe-1-original\/","title":{"rendered":"Pala Recipe # 1 &#8211; Original"},"content":{"rendered":"<p>Opskrift #1 &#8211; Vores oprindelige opskrift indeholder kylling (41%), oksek\u00f8d (32%) og laks (12%) sammen med gr\u00f8ntsager, b\u00e6r og naturlige boostere. Fremstillet med muskelk\u00f8d, n\u00e6ringsrige organer, kallun, ben og hel laks, leverer den naturlige vitaminerne A, B, D, jern, zink, selen, kalium, aminosyrer og omega-3 og -6 fedtsyrer.<\/p>\n<p>Fordelene inkluderer et sundt tarmmikrobiom, muskeludvikling og vedligeholdelse, st\u00e6rkere led og ledb\u00e5nd, sund hud og pels samt et velfungerende immunsystem.<\/p>\n<p>Indhold: Kylling (41%), oksek\u00f8d (32%), laks (12%), k\u00e5l, gulerod, r\u00f8dbede, tang, lakseolie, krabbeskall, hvedegr\u00e6s, oregano, bl\u00e5b\u00e6r, traneb\u00e6r, \u00e6ggeskal, naturlige tocopheroler med rosmarinekstrakt, bambusfibre, timian, gurkemeje, citrusbioflavonoider, sort peber. Ingen syntetiske tils\u00e6tningsstoffer, kosttilskud, smagsstoffer eller konserveringsmidler.<\/p>\n<p>R\u00e5protein: 42%, R\u00e5 fedt: 34%, R\u00e5fiber: 2%, Fugtighed: 12%, Ash: 5%, Kulhydrater: 5%, Calcium (Ca): 1,3 %, Fosfor (P): 1,1%, CA : P: 1.1 : 1, Omega 3 fedtsyrer: 1,7 %, Omega 6 fedtsyrer: 4,2%<\/p>\n<p>kcal ME \/ Kg: 4949<\/p>\n","protected":false},"excerpt":{"rendered":"<p>Opskrift #1 &#8211; Vores oprindelige opskrift indeholder kylling (41%), oksek\u00f8d (32%) og laks (12%) sammen med gr\u00f8ntsager, b\u00e6r og naturlige boostere. Fremstillet med muskelk\u00f8d, n\u00e6ringsrige organer, kallun, ben og hel laks, leverer den naturlige vitaminerne A, B, D, jern, zink, selen, kalium, aminosyrer og omega-3 og -6 fedtsyrer. Fordelene inkluderer et sundt tarmmikrobiom, muskeludvikling og [&hellip;]<\/p>\n","protected":false},"featured_media":7436,"comment_status":"open","ping_status":"closed","template":"","meta":[],"product_brand":[479],"product_cat":[480,17],"product_tag":[64,65],"class_list":{"0":"post-7435","1":"product","2":"type-product","3":"status-publish","4":"has-post-thumbnail","6":"product_brand-pala","7":"product_cat-pala","8":"product_cat-toerfoder","9":"product_tag-fuldfoder","10":"product_tag-kornfrit-toerfoder-til-hunde","11":"pa_kilo-1-kg","12":"pa_kilo-100-gr","13":"pa_kilo-400-gr","15":"first","16":"instock","17":"taxable","18":"shipping-taxable","19":"purchasable","20":"product-type-variable"},"_links":{"self":[{"href":"https:\/\/barf-aalborg.dk\/index.php\/wp-json\/wp\/v2\/product\/7435","targetHints":{"allow":["GET"]}}],"collection":[{"href":"https:\/\/barf-aalborg.dk\/index.php\/wp-json\/wp\/v2\/product"}],"about":[{"href":"https:\/\/barf-aalborg.dk\/index.php\/wp-json\/wp\/v2\/types\/product"}],"replies":[{"embeddable":true,"href":"https:\/\/barf-aalborg.dk\/index.php\/wp-json\/wp\/v2\/comments?post=7435"}],"version-history":[{"count":1,"href":"https:\/\/barf-aalborg.dk\/index.php\/wp-json\/wp\/v2\/product\/7435\/revisions"}],"predecessor-version":[{"id":7440,"href":"https:\/\/barf-aalborg.dk\/index.php\/wp-json\/wp\/v2\/product\/7435\/revisions\/7440"}],"wp:featuredmedia":[{"embeddable":true,"href":"https:\/\/barf-aalborg.dk\/index.php\/wp-json\/wp\/v2\/media\/7436"}],"wp:attachment":[{"href":"https:\/\/barf-aalborg.dk\/index.php\/wp-json\/wp\/v2\/media?parent=7435"}],"wp:term":[{"taxonomy":"product_brand","embeddable":true,"href":"https:\/\/barf-aalborg.dk\/index.php\/wp-json\/wp\/v2\/product_brand?post=7435"},{"taxonomy":"product_cat","embeddable":true,"href":"https:\/\/barf-aalborg.dk\/index.php\/wp-json\/wp\/v2\/product_cat?post=7435"},{"taxonomy":"product_tag","embeddable":true,"href":"https:\/\/barf-aalborg.dk\/index.php\/wp-json\/wp\/v2\/product_tag?post=7435"}],"curies":[{"name":"wp","href":"https:\/\/api.w.org\/{rel}","templated":true}]}}