{"id":7427,"date":"2026-03-27T16:36:03","date_gmt":"2026-03-27T15:36:03","guid":{"rendered":"https:\/\/barf-aalborg.dk\/?post_type=product&#038;p=7427"},"modified":"2026-03-28T13:24:01","modified_gmt":"2026-03-28T12:24:01","slug":"pala-recipe-3-beef-salmon","status":"publish","type":"product","link":"https:\/\/barf-aalborg.dk\/index.php\/vare\/pala-recipe-3-beef-salmon\/","title":{"rendered":"Pala Recipe # 3 Beef &#038; salmon"},"content":{"rendered":"<h2><strong>Oksek\u00f8d og laks &#8211; r\u00e5t hundefoder til alle livsstadier<\/strong><\/h2>\n<p>Opskrift #3 &#8211; Opskrift med oksek\u00f8d, laks, gr\u00f8ntsager, b\u00e6r og naturlige boostere. Den er lavet med muskelk\u00f8d, lever, hjerte, kallun og organer, der giver vitamin A, B, D, jern, zink, kobber, calcium, fosfor, essentielle aminosyrer, omega-3 og &amp; -6 fedtsyrer, probiotika og enzymer.<\/p>\n<p>Denne opskrift er h\u00f8j i kalorier og protein og popul\u00e6r blandt aktive hunde. Fordelene omfatter et sundt tarmmikrobiom, mere skinnende pels, styrket immunsystem, forbedret ford\u00f8jelse og vedligeholdelse af skelet-, muskel- og kardiovaskul\u00e6re systemer.<\/p>\n<p>Oksek\u00f8d (55%), laks (30%), gulerod, k\u00e5l, r\u00f8dbeder, tang, havtorn, hvedegr\u00e6s, krabbe, psyllium, \u00e6blecidereddike, oregano, bl\u00e5b\u00e6r, traneb\u00e6r, naturlige tocopheroler med rosmarinekstrakt, timian, bambusfiber, gurkemeje, sort peber. Ingen syntetiske tils\u00e6tningsstoffer, kosttilskud, smagsstoffer eller konserveringsmidler.<\/p>\n<p>Opbevares p\u00e5 et k\u00f8ligt t\u00f8rt sted. Hold posen lukket efter \u00e5bning og indtag inden for 2 uger<\/p>\n<p>R\u00e5protein: 45%,\u00a0R\u00e5 Fedt: 33%,\u00a0R\u00e5fiber: 2%,\u00a0Fugt: 12%,\u00a0Aske: 4%,\u00a0Kulhydrater: 4%,\u00a0Calcium (Ca): 1,2%,\u00a0Fosfor (P): 1,1%,\u00a0CA : P: 1,02 : 1,\u00a0Omega 3 fedtsyrer: 2,3%,\u00a0Omega 6 fedtsyrer: 2,4%<\/p>\n<p>kcal ME \/ Kg: 4937<\/p>\n","protected":false},"excerpt":{"rendered":"<p>Oksek\u00f8d og laks &#8211; r\u00e5t hundefoder til alle livsstadier Opskrift #3 &#8211; Opskrift med oksek\u00f8d, laks, gr\u00f8ntsager, b\u00e6r og naturlige boostere. Den er lavet med muskelk\u00f8d, lever, hjerte, kallun og organer, der giver vitamin A, B, D, jern, zink, kobber, calcium, fosfor, essentielle aminosyrer, omega-3 og &amp; -6 fedtsyrer, probiotika og enzymer. Denne opskrift er [&hellip;]<\/p>\n","protected":false},"featured_media":7428,"comment_status":"open","ping_status":"closed","template":"","meta":[],"product_brand":[479],"product_cat":[480,17],"product_tag":[64,65],"class_list":{"0":"post-7427","1":"product","2":"type-product","3":"status-publish","4":"has-post-thumbnail","6":"product_brand-pala","7":"product_cat-pala","8":"product_cat-toerfoder","9":"product_tag-fuldfoder","10":"product_tag-kornfrit-toerfoder-til-hunde","11":"pa_kilo-1-kg","12":"pa_kilo-100-gr","13":"pa_kilo-400-gr","15":"first","16":"instock","17":"taxable","18":"shipping-taxable","19":"purchasable","20":"product-type-variable"},"_links":{"self":[{"href":"https:\/\/barf-aalborg.dk\/index.php\/wp-json\/wp\/v2\/product\/7427","targetHints":{"allow":["GET"]}}],"collection":[{"href":"https:\/\/barf-aalborg.dk\/index.php\/wp-json\/wp\/v2\/product"}],"about":[{"href":"https:\/\/barf-aalborg.dk\/index.php\/wp-json\/wp\/v2\/types\/product"}],"replies":[{"embeddable":true,"href":"https:\/\/barf-aalborg.dk\/index.php\/wp-json\/wp\/v2\/comments?post=7427"}],"version-history":[{"count":1,"href":"https:\/\/barf-aalborg.dk\/index.php\/wp-json\/wp\/v2\/product\/7427\/revisions"}],"predecessor-version":[{"id":7434,"href":"https:\/\/barf-aalborg.dk\/index.php\/wp-json\/wp\/v2\/product\/7427\/revisions\/7434"}],"wp:featuredmedia":[{"embeddable":true,"href":"https:\/\/barf-aalborg.dk\/index.php\/wp-json\/wp\/v2\/media\/7428"}],"wp:attachment":[{"href":"https:\/\/barf-aalborg.dk\/index.php\/wp-json\/wp\/v2\/media?parent=7427"}],"wp:term":[{"taxonomy":"product_brand","embeddable":true,"href":"https:\/\/barf-aalborg.dk\/index.php\/wp-json\/wp\/v2\/product_brand?post=7427"},{"taxonomy":"product_cat","embeddable":true,"href":"https:\/\/barf-aalborg.dk\/index.php\/wp-json\/wp\/v2\/product_cat?post=7427"},{"taxonomy":"product_tag","embeddable":true,"href":"https:\/\/barf-aalborg.dk\/index.php\/wp-json\/wp\/v2\/product_tag?post=7427"}],"curies":[{"name":"wp","href":"https:\/\/api.w.org\/{rel}","templated":true}]}}