{"id":7416,"date":"2026-03-27T16:25:38","date_gmt":"2026-03-27T15:25:38","guid":{"rendered":"https:\/\/barf-aalborg.dk\/?post_type=product&#038;p=7416"},"modified":"2026-03-27T16:25:38","modified_gmt":"2026-03-27T15:25:38","slug":"hurtta-breezy-hygiene-pants-eco-loebetidsbukser","status":"publish","type":"product","link":"https:\/\/barf-aalborg.dk\/index.php\/vare\/hurtta-breezy-hygiene-pants-eco-loebetidsbukser\/","title":{"rendered":"Hurtta Breezy Hygiene Pants ECO l\u00f8betidsbukser"},"content":{"rendered":"<p>L\u00f8betidsbukser som er skabt til fordel for hundens komfort og bekvemmelighed.<\/p>\n<p>Breezy Hygiene Pants ECO er gode, n\u00e5r din hund slapper af derhjemme og ogs\u00e5 under sportsaktiviteter. Bukserne har et minimalistisk design, der g\u00f8r dem s\u00e5 diskrete som muligt, og som l\u00e6gger v\u00e6gt p\u00e5 pasform og komfort, der ikke begr\u00e6nser din hunds naturlige bev\u00e6gelser.<\/p>\n<p>De opdaterede Breezy Pants ECO er en frisk tilf\u00f8jelse til vores milj\u00f8venlige Hurtta ECO-serie og er l\u00f8betidsbukser, der ikke kr\u00e6ver et separat engangstrusseindl\u00e6g takket v\u00e6re deres bl\u00f8de, absorberende lag af mikrofiberfrott\u00e9 &#8211; placeret mellem det laminerede overfladestof og et bl\u00f8dt trikotfor &#8211; som holder fugten v\u00e6k fra hunhunde i l\u00f8betid. Slut med engangsbandager, der kl\u00e6ber til din hunds pels. I stedet kan Breezy Pants ECO maskinvaskes, og n\u00e5r de vedligeholdes korrekt (vaskes i varmt vand), kan de holde hele hundens liv.<\/p>\n<p>Designforbedringerne i den nye ECO-version kan b\u00e5de ses og m\u00e6rkes. Det lette stof l\u00f8ber langs hundens side eller ribben og giver en bedre pasform til halen takket v\u00e6re den udsk\u00e5rne wraparound-styling. Den justerbare elastiske linning er lavet af et bl\u00f8dt og fleksibelt materiale, som giver en behagelig pasform, der bliver p\u00e5 plads, selv n\u00e5r hunden l\u00f8ber hurtigt. Det smarte kroglukningssystem har en let og holdbar metalkrog, der lukkes hurtigt og nemt og sidder godt fast uden at hive i hundens pels.<\/p>\n<p>&nbsp;<\/p>\n","protected":false},"excerpt":{"rendered":"<p>L\u00f8betidsbukser som er skabt til fordel for hundens komfort og bekvemmelighed. Breezy Hygiene Pants ECO er gode, n\u00e5r din hund slapper af derhjemme og ogs\u00e5 under sportsaktiviteter. Bukserne har et minimalistisk design, der g\u00f8r dem s\u00e5 diskrete som muligt, og som l\u00e6gger v\u00e6gt p\u00e5 pasform og komfort, der ikke begr\u00e6nser din hunds naturlige bev\u00e6gelser. De [&hellip;]<\/p>\n","protected":false},"featured_media":7419,"comment_status":"open","ping_status":"closed","template":"","meta":[],"product_brand":[222],"product_cat":[477,391],"product_tag":[],"class_list":{"0":"post-7416","1":"product","2":"type-product","3":"status-publish","4":"has-post-thumbnail","6":"product_brand-hurtta","7":"product_cat-loebetids-buks","8":"product_cat-pelspleje-og-hygiejne","9":"pa_stoerrelse-l","10":"pa_stoerrelse-m","11":"pa_stoerrelse-s","12":"pa_stoerrelse-xl","13":"pa_stoerrelse-xs","14":"pa_stoerrelse-xxl","16":"first","17":"instock","18":"taxable","19":"shipping-taxable","20":"purchasable","21":"product-type-variable"},"_links":{"self":[{"href":"https:\/\/barf-aalborg.dk\/index.php\/wp-json\/wp\/v2\/product\/7416","targetHints":{"allow":["GET"]}}],"collection":[{"href":"https:\/\/barf-aalborg.dk\/index.php\/wp-json\/wp\/v2\/product"}],"about":[{"href":"https:\/\/barf-aalborg.dk\/index.php\/wp-json\/wp\/v2\/types\/product"}],"replies":[{"embeddable":true,"href":"https:\/\/barf-aalborg.dk\/index.php\/wp-json\/wp\/v2\/comments?post=7416"}],"version-history":[{"count":1,"href":"https:\/\/barf-aalborg.dk\/index.php\/wp-json\/wp\/v2\/product\/7416\/revisions"}],"predecessor-version":[{"id":7417,"href":"https:\/\/barf-aalborg.dk\/index.php\/wp-json\/wp\/v2\/product\/7416\/revisions\/7417"}],"wp:featuredmedia":[{"embeddable":true,"href":"https:\/\/barf-aalborg.dk\/index.php\/wp-json\/wp\/v2\/media\/7419"}],"wp:attachment":[{"href":"https:\/\/barf-aalborg.dk\/index.php\/wp-json\/wp\/v2\/media?parent=7416"}],"wp:term":[{"taxonomy":"product_brand","embeddable":true,"href":"https:\/\/barf-aalborg.dk\/index.php\/wp-json\/wp\/v2\/product_brand?post=7416"},{"taxonomy":"product_cat","embeddable":true,"href":"https:\/\/barf-aalborg.dk\/index.php\/wp-json\/wp\/v2\/product_cat?post=7416"},{"taxonomy":"product_tag","embeddable":true,"href":"https:\/\/barf-aalborg.dk\/index.php\/wp-json\/wp\/v2\/product_tag?post=7416"}],"curies":[{"name":"wp","href":"https:\/\/api.w.org\/{rel}","templated":true}]}}