{"id":7355,"date":"2026-02-06T16:48:42","date_gmt":"2026-02-06T15:48:42","guid":{"rendered":"https:\/\/barf-aalborg.dk\/?post_type=product&#038;p=7355"},"modified":"2026-02-11T14:13:22","modified_gmt":"2026-02-11T13:13:22","slug":"non-stop-long-distance-bootie","status":"publish","type":"product","link":"https:\/\/barf-aalborg.dk\/index.php\/vare\/non-stop-long-distance-bootie\/","title":{"rendered":"Non-Stop Long distance bootie"},"content":{"rendered":"<div class=\"opened-product__details\">\n<div class=\"opened-product__description\">\n<p>Vores langdistancest\u00f8vler er udviklet i samarbejde med nogle af verdens bedste mushere og bruges af dem b\u00e5de til tr\u00e6ning og l\u00f8b. Elastisk velcro sikrer, at st\u00f8vlen passer enhver hund og sidder godt p\u00e5 poterne. Langdistance-bootie er behagelig for hunden, da materialet b\u00e5de er let og bl\u00f8dt. De giver plads til, at kl\u00f8erne kan bev\u00e6ge sig naturligt, mens de har st\u00f8vlerne p\u00e5.<\/p>\n<p>Vi bruger t\u00e6t v\u00e6vet nylon p\u00e5 vores st\u00f8vler. Sokkerne bliver som alt fodt\u00f8j brugt, men langdistancest\u00f8vlen er holdbar p\u00e5 sne. Den beskytter hundens poter mod slid og kan ogs\u00e5 bruges p\u00e5 t\u00f8rt land.<\/p>\n<p>Langdistancest\u00f8vler kommer i pakker med 4stk.<\/p>\n<\/div>\n<\/div>\n<div class=\"opened-product__specifications\">\n<h3>Specifikationer<\/h3>\n<div class=\"opened-product__specifications-list\">\n<ul>\n<li>T\u00e6t v\u00e6vet nylon<\/li>\n<li>Velcro af h\u00f8j kvalitet med elastik<\/li>\n<li>4-pack<\/li>\n<\/ul>\n<p><strong>Find den rette st\u00f8rrelse:<\/strong><\/p>\n<div class=\"unit-toggle\"><\/div>\n<div class=\"size-table size-table--responsive\">\n<table>\n<thead>\n<tr>\n<th>St\u00f8rrelse<\/th>\n<th>3XS<\/th>\n<th>2XS<\/th>\n<th>XS<\/th>\n<th>S<\/th>\n<th>M<\/th>\n<th>L<\/th>\n<th>XL<\/th>\n<th>2XL<\/th>\n<\/tr>\n<\/thead>\n<tbody>\n<tr>\n<td>bredde<\/td>\n<td><span class=\"metric-unit\">1-2 cm<\/span><\/td>\n<td><span class=\"metric-unit\">2-3 cm<\/span><\/td>\n<td><span class=\"metric-unit\">3-4 cm<\/span><\/td>\n<td><span class=\"metric-unit\">4-5 cm<\/span><\/td>\n<td><span class=\"metric-unit\">5-6 cm<\/span><\/td>\n<td><span class=\"metric-unit\">6-7 cm<\/span><\/td>\n<td><span class=\"metric-unit\">7-8 cm<\/span><\/td>\n<td><span class=\"metric-unit\">8-9 cm<\/span><\/td>\n<\/tr>\n<\/tbody>\n<\/table>\n<\/div>\n<p><strong>Non-Stop dogwear:\u00a0<\/strong><\/p>\n<p>Non-Stop Dogwear blev grundlagt i Norge i 2009.\u00a0 I dag udvikler, designer og s\u00e6lger Non-Stop Dogwear hundeudstyr over hele verden. Alle produkter fra Non-Stop Dogwear er designet og udviklet af et erfarent team, der samarbejder med de mest erfarne atleter og professionelle hundefolk fra hele verden for at skabe produkter af h\u00f8jeste kvalitet og funktionalitet.<\/p>\n<\/div>\n<\/div>\n","protected":false},"excerpt":{"rendered":"<p>Vores langdistancest\u00f8vler er udviklet i samarbejde med nogle af verdens bedste mushere og bruges af dem b\u00e5de til tr\u00e6ning og l\u00f8b. Elastisk velcro sikrer, at st\u00f8vlen passer enhver hund og sidder godt p\u00e5 poterne. Langdistance-bootie er behagelig for hunden, da materialet b\u00e5de er let og bl\u00f8dt. De giver plads til, at kl\u00f8erne kan bev\u00e6ge sig [&hellip;]<\/p>\n","protected":false},"featured_media":7357,"comment_status":"open","ping_status":"closed","template":"","meta":[],"product_brand":[241],"product_cat":[338,467],"product_tag":[468,51],"class_list":{"0":"post-7355","1":"product","2":"type-product","3":"status-publish","4":"has-post-thumbnail","6":"product_brand-non-stop-dogwear","7":"product_cat-sikkerhed","8":"product_cat-sko-bootie","9":"product_tag-bootie","10":"product_tag-hundesko","11":"pa_stoerrelse-2xs","12":"pa_stoerrelse-3xs","13":"pa_stoerrelse-l","14":"pa_stoerrelse-m","15":"pa_stoerrelse-s","16":"pa_stoerrelse-xl","17":"pa_stoerrelse-xs","19":"first","20":"instock","21":"taxable","22":"shipping-taxable","23":"purchasable","24":"product-type-variable"},"_links":{"self":[{"href":"https:\/\/barf-aalborg.dk\/index.php\/wp-json\/wp\/v2\/product\/7355","targetHints":{"allow":["GET"]}}],"collection":[{"href":"https:\/\/barf-aalborg.dk\/index.php\/wp-json\/wp\/v2\/product"}],"about":[{"href":"https:\/\/barf-aalborg.dk\/index.php\/wp-json\/wp\/v2\/types\/product"}],"replies":[{"embeddable":true,"href":"https:\/\/barf-aalborg.dk\/index.php\/wp-json\/wp\/v2\/comments?post=7355"}],"version-history":[{"count":1,"href":"https:\/\/barf-aalborg.dk\/index.php\/wp-json\/wp\/v2\/product\/7355\/revisions"}],"predecessor-version":[{"id":7366,"href":"https:\/\/barf-aalborg.dk\/index.php\/wp-json\/wp\/v2\/product\/7355\/revisions\/7366"}],"wp:featuredmedia":[{"embeddable":true,"href":"https:\/\/barf-aalborg.dk\/index.php\/wp-json\/wp\/v2\/media\/7357"}],"wp:attachment":[{"href":"https:\/\/barf-aalborg.dk\/index.php\/wp-json\/wp\/v2\/media?parent=7355"}],"wp:term":[{"taxonomy":"product_brand","embeddable":true,"href":"https:\/\/barf-aalborg.dk\/index.php\/wp-json\/wp\/v2\/product_brand?post=7355"},{"taxonomy":"product_cat","embeddable":true,"href":"https:\/\/barf-aalborg.dk\/index.php\/wp-json\/wp\/v2\/product_cat?post=7355"},{"taxonomy":"product_tag","embeddable":true,"href":"https:\/\/barf-aalborg.dk\/index.php\/wp-json\/wp\/v2\/product_tag?post=7355"}],"curies":[{"name":"wp","href":"https:\/\/api.w.org\/{rel}","templated":true}]}}