{"id":7342,"date":"2026-02-06T15:59:39","date_gmt":"2026-02-06T14:59:39","guid":{"rendered":"https:\/\/barf-aalborg.dk\/?post_type=product&#038;p=7342"},"modified":"2026-02-06T15:59:39","modified_gmt":"2026-02-06T14:59:39","slug":"non-stop-protector-bootie","status":"publish","type":"product","link":"https:\/\/barf-aalborg.dk\/index.php\/vare\/non-stop-protector-bootie\/","title":{"rendered":"Non-Stop Protector Bootie"},"content":{"rendered":"<p>Protector Bootie til hunde af m\u00e6rket Non-Stop Dogwear. Slidst\u00e6rke sikkerhedssko, der beskytter poterne mod ru overflader, glas, salt og varm asfalt. Disse hundesko er lavet af niveau 5 anti-cut materiale, dyppet i nitrilgummi for ekstra beskyttelse. Gummiet g\u00f8r skoene vandafvisende og giver hunden et godt greb selv p\u00e5 glatte overflader.<\/p>\n<p>Sikkerhedsskoene er oprindelig udviklet til mushing og vandreture, men alle hunde, der har brug for potebeskyttelse, kan bruge disse. Stoffet er s\u00f8ml\u00f8st for at undg\u00e5 gnidninger. De bl\u00f8de materialer g\u00f8r, at poterne har en god og behagelig kontakt med overfladen. Skoene sp\u00e6ndes fast med elastisk velcro, som g\u00f8r at de sidder godt p\u00e5 poten.<\/p>\n<ul>\n<li>Materiale: 40% polyethylen, 15% nylon, 10% polyester, 10% glasfiber, 5% spandex, 20% nitrilgummi.<\/li>\n<li>Ideel til vandreture, sikkerhed, cykling, hverdag, mushing og canicross.<\/li>\n<li>Holdbare og lette.<\/li>\n<li>Kan vaskes ved maks. 30 grader i maskinen. M\u00e5 ikke t\u00f8rretumbles.<\/li>\n<li>Findes i pakker med fire stk.<\/li>\n<\/ul>\n<p><strong>Find den rette st\u00f8rrelse:<\/strong><\/p>\n<p>M\u00e5l bredden p\u00e5 hundens pote: XS &#8211; 3-4cm, S &#8211; 4-5cm, M &#8211; 5-6cm, L &#8211; 6-7cm, XL &#8211; 7-8cm, 2XL &#8211; 8-9cm.<\/p>\n<p><strong>Non-Stop dogwear:\u00a0<\/strong><\/p>\n<p>Non-Stop Dogwear blev grundlagt i Norge i 2009.\u00a0 I dag udvikler, designer og s\u00e6lger Non-Stop Dogwear hundeudstyr over hele verden. Alle produkter fra Non-Stop Dogwear er designet og udviklet af et erfarent team, der samarbejder med de mest erfarne atleter og professionelle hundefolk fra hele verden for at skabe produkter af h\u00f8jeste kvalitet og funktionalitet.<\/p>\n","protected":false},"excerpt":{"rendered":"<p>Protector Bootie til hunde af m\u00e6rket Non-Stop Dogwear. Slidst\u00e6rke sikkerhedssko, der beskytter poterne mod ru overflader, glas, salt og varm asfalt. Disse hundesko er lavet af niveau 5 anti-cut materiale, dyppet i nitrilgummi for ekstra beskyttelse. Gummiet g\u00f8r skoene vandafvisende og giver hunden et godt greb selv p\u00e5 glatte overflader. Sikkerhedsskoene er oprindelig udviklet til [&hellip;]<\/p>\n","protected":false},"featured_media":7344,"comment_status":"open","ping_status":"closed","template":"","meta":[],"product_brand":[241],"product_cat":[338,467],"product_tag":[468,51],"class_list":{"0":"post-7342","1":"product","2":"type-product","3":"status-publish","4":"has-post-thumbnail","6":"product_brand-non-stop-dogwear","7":"product_cat-sikkerhed","8":"product_cat-sko-bootie","9":"product_tag-bootie","10":"product_tag-hundesko","11":"pa_stoerrelse-l","12":"pa_stoerrelse-m","13":"pa_stoerrelse-s","14":"pa_stoerrelse-xl","15":"pa_stoerrelse-xs","16":"pa_stoerrelse-xxl","18":"first","19":"instock","20":"taxable","21":"shipping-taxable","22":"purchasable","23":"product-type-variable"},"_links":{"self":[{"href":"https:\/\/barf-aalborg.dk\/index.php\/wp-json\/wp\/v2\/product\/7342","targetHints":{"allow":["GET"]}}],"collection":[{"href":"https:\/\/barf-aalborg.dk\/index.php\/wp-json\/wp\/v2\/product"}],"about":[{"href":"https:\/\/barf-aalborg.dk\/index.php\/wp-json\/wp\/v2\/types\/product"}],"replies":[{"embeddable":true,"href":"https:\/\/barf-aalborg.dk\/index.php\/wp-json\/wp\/v2\/comments?post=7342"}],"version-history":[{"count":1,"href":"https:\/\/barf-aalborg.dk\/index.php\/wp-json\/wp\/v2\/product\/7342\/revisions"}],"predecessor-version":[{"id":7354,"href":"https:\/\/barf-aalborg.dk\/index.php\/wp-json\/wp\/v2\/product\/7342\/revisions\/7354"}],"wp:featuredmedia":[{"embeddable":true,"href":"https:\/\/barf-aalborg.dk\/index.php\/wp-json\/wp\/v2\/media\/7344"}],"wp:attachment":[{"href":"https:\/\/barf-aalborg.dk\/index.php\/wp-json\/wp\/v2\/media?parent=7342"}],"wp:term":[{"taxonomy":"product_brand","embeddable":true,"href":"https:\/\/barf-aalborg.dk\/index.php\/wp-json\/wp\/v2\/product_brand?post=7342"},{"taxonomy":"product_cat","embeddable":true,"href":"https:\/\/barf-aalborg.dk\/index.php\/wp-json\/wp\/v2\/product_cat?post=7342"},{"taxonomy":"product_tag","embeddable":true,"href":"https:\/\/barf-aalborg.dk\/index.php\/wp-json\/wp\/v2\/product_tag?post=7342"}],"curies":[{"name":"wp","href":"https:\/\/api.w.org\/{rel}","templated":true}]}}