{"id":7261,"date":"2025-08-28T14:53:41","date_gmt":"2025-08-28T12:53:41","guid":{"rendered":"https:\/\/barf-aalborg.dk\/?post_type=product&#038;p=7261"},"modified":"2026-04-01T09:13:29","modified_gmt":"2026-04-01T07:13:29","slug":"oribloc-dog-duel","status":"publish","type":"product","link":"https:\/\/barf-aalborg.dk\/index.php\/vare\/oribloc-dog-duel\/","title":{"rendered":"Oribloc Dog Duel"},"content":{"rendered":"<p>Orbiloc Dog Dual er en LED-hundelygte til halsb\u00e5ndet, selen og vesten.<\/p>\n<p>Lygten g\u00f8r din hund synlig i m\u00f8rket, s\u00e5 f\u00f8rere af biler, scootere og cyklister kan tilpasse deres hastighed i god tid og n\u00e6rme sig forsigtigt.<\/p>\n<p>Orbiloc Dog Dual hj\u00e6lper ogs\u00e5 dig selv med at holde \u00f8je med din hund i m\u00f8rket. Med de 10 forskellige farver kan du endda markere flere hunde for at skelne dem.<\/p>\n<p>Lygten er synlig p\u00e5 5 km, 100% vandt\u00e6t (IPX8), slagfast og t\u00e5ler ekstreme temperaturer. Det g\u00f8r den velegnet til mange vilde eventyr.<\/p>\n<p>For at tilbyde dig den h\u00f8jeste kvalitet fremstilles Orbiloc Dog Dual-hundelygten i Orbilocs eget produktionsanl\u00e6g i \u00c5rhus. Af den grund har du ogs\u00e5 mulighed for at f\u00e5 tre \u00e5rs garanti p\u00e5 lygtens elektronik og linse.<\/p>\n<p>Lygten har to lys funktioner, kontinuerlig eller blinkende. Batterilevetiden p\u00e5 kontinuerlig er 100 timer og ved blink, 250 timer. Den bruger 2 x CR2032 batterier, og disse er inklusiv.<\/p>\n","protected":false},"excerpt":{"rendered":"<p>Orbiloc Dog Dual er en LED-hundelygte til halsb\u00e5ndet, selen og vesten. Lygten g\u00f8r din hund synlig i m\u00f8rket, s\u00e5 f\u00f8rere af biler, scootere og cyklister kan tilpasse deres hastighed i god tid og n\u00e6rme sig forsigtigt. Orbiloc Dog Dual hj\u00e6lper ogs\u00e5 dig selv med at holde \u00f8je med din hund i m\u00f8rket. Med de 10 [&hellip;]<\/p>\n","protected":false},"featured_media":5648,"comment_status":"open","ping_status":"closed","template":"","meta":[],"product_brand":[242],"product_cat":[327,338],"product_tag":[462,52],"class_list":{"0":"post-7261","1":"product","2":"type-product","3":"status-publish","4":"has-post-thumbnail","6":"product_brand-orbiloc","7":"product_cat-ejeren","8":"product_cat-sikkerhed","9":"product_tag-lys-og-lygter","10":"product_tag-sikkerhed","11":"pa_farve-amber","12":"pa_farve-blaa","13":"pa_farve-dark","14":"pa_farve-gold","15":"pa_farve-groen","16":"pa_farve-gul","17":"pa_farve-hvid","18":"pa_farve-lilla","19":"pa_farve-pink","20":"pa_farve-roed","21":"pa_farve-turkis","23":"first","24":"instock","25":"taxable","26":"shipping-taxable","27":"purchasable","28":"product-type-variable"},"_links":{"self":[{"href":"https:\/\/barf-aalborg.dk\/index.php\/wp-json\/wp\/v2\/product\/7261","targetHints":{"allow":["GET"]}}],"collection":[{"href":"https:\/\/barf-aalborg.dk\/index.php\/wp-json\/wp\/v2\/product"}],"about":[{"href":"https:\/\/barf-aalborg.dk\/index.php\/wp-json\/wp\/v2\/types\/product"}],"replies":[{"embeddable":true,"href":"https:\/\/barf-aalborg.dk\/index.php\/wp-json\/wp\/v2\/comments?post=7261"}],"version-history":[{"count":1,"href":"https:\/\/barf-aalborg.dk\/index.php\/wp-json\/wp\/v2\/product\/7261\/revisions"}],"predecessor-version":[{"id":7274,"href":"https:\/\/barf-aalborg.dk\/index.php\/wp-json\/wp\/v2\/product\/7261\/revisions\/7274"}],"wp:featuredmedia":[{"embeddable":true,"href":"https:\/\/barf-aalborg.dk\/index.php\/wp-json\/wp\/v2\/media\/5648"}],"wp:attachment":[{"href":"https:\/\/barf-aalborg.dk\/index.php\/wp-json\/wp\/v2\/media?parent=7261"}],"wp:term":[{"taxonomy":"product_brand","embeddable":true,"href":"https:\/\/barf-aalborg.dk\/index.php\/wp-json\/wp\/v2\/product_brand?post=7261"},{"taxonomy":"product_cat","embeddable":true,"href":"https:\/\/barf-aalborg.dk\/index.php\/wp-json\/wp\/v2\/product_cat?post=7261"},{"taxonomy":"product_tag","embeddable":true,"href":"https:\/\/barf-aalborg.dk\/index.php\/wp-json\/wp\/v2\/product_tag?post=7261"}],"curies":[{"name":"wp","href":"https:\/\/api.w.org\/{rel}","templated":true}]}}