{"id":7228,"date":"2026-02-11T14:24:16","date_gmt":"2026-02-11T13:24:16","guid":{"rendered":"https:\/\/barf-aalborg.dk\/?post_type=product&#038;p=7228"},"modified":"2026-02-11T14:24:17","modified_gmt":"2026-02-11T13:24:17","slug":"hurtta-casuel-eco-y-harness","status":"publish","type":"product","link":"https:\/\/barf-aalborg.dk\/index.php\/vare\/hurtta-casuel-eco-y-harness\/","title":{"rendered":"Hurtta Casuel ECO Y-Harness"},"content":{"rendered":"<p><em>Hurtta Casual Y-Harness ECO er fremstillet af st\u00e6rke genbrugsmaterialer og er en mere b\u00e6redygtig version af en af vores mest popul\u00e6re hundeseler. En sele, som du kan stole p\u00e5 hver dag.<\/em><\/p>\n<p>Hurtta Casual Y-Harness ECO er en p\u00e5lidelig, g\u00f8r-alt-sele, der passer til alle racer og kan bruges til alt fra daglige g\u00e5ture til mere anstrengende aktiviteter.<\/p>\n<p>Hundeelskere, der bekymrer sig lige s\u00e5 meget om milj\u00f8et som os, vil s\u00e6tte pris p\u00e5,\u00a0denne nye b\u00e6redygtige version\u00a0af genbrugsmaterialer. Casual Y-hundeselen giver de forreste ben mulighed for at bev\u00e6ge sig frit, og den fordeler tr\u00e6kkets kraft j\u00e6vnt over hele brystomr\u00e5det.<\/p>\n<p>Alt andet, som Hurtta-fans elsker ved den originale Casual Y-sele, er det samme, herunder robuste quick-snap-sp\u00e6nder til nem p\u00e5- og afs\u00e6tningen, justerbar brystomkreds for den helt rigtige pasform til din hund, komfortabel, vandt\u00e6t neoprenpolstring og lyse 3M-reflektorer for bedre synlighed i m\u00f8rke.<\/p>\n<p><strong>Fordele<\/strong><\/p>\n<ul>\n<li>Komfortabel pasform<\/li>\n<li>Front metal snorring<\/li>\n<li>Fremstillet af genbrugsmateriale<\/li>\n<li>Vandt\u00e6t\u00a0ydre med komfortabel neoprenpolstring<\/li>\n<li>3M-reflekser p\u00e5 hele b\u00e5ndets l\u00e6ngde<\/li>\n<li>Justerbar brystrem<\/li>\n<\/ul>\n<div class=\"font-weight-bold\">Materialer<\/div>\n<div>Vandt\u00e6t, 2 mm neoprenpolstring kombineret med 100% genbrugsstrik 100% genbrugspolyester v\u00e6vede b\u00e6ltestropper 100% POM quick-snap sp\u00e6nder Metaldele af fornikket st\u00e5l<\/div>\n<div><\/div>\n<div>3XS(30-35): Hals: 15-30 cm, Bryst: 28-35 cm<\/div>\n<div>2XS(35-45): Hals: 20-38 cm, Bryst: 33-45 cm<\/div>\n<div>XS(45-55): Hals: 23-40 cm, Bryst: 43-55 cm<\/div>\n<div>S(50-60): Hals: 25-45 cm, Bryst: 48-60 cm<\/div>\n<div>M(60-70): Hals: 30-50 cm, Bryst: 58-70 cm<\/div>\n<div>L(70-80): Hals: 35-55 cm, Bryst: 68-80 cm<\/div>\n<div>XL(80-90): Hals: 40-65 cm, Bryst: 78-90 cm<\/div>\n<div><\/div>\n<div>Farve : Raven, Cinnamon, Ruby og Peacock<\/div>\n","protected":false},"excerpt":{"rendered":"<p>Hurtta Casual Y-Harness ECO er fremstillet af st\u00e6rke genbrugsmaterialer og er en mere b\u00e6redygtig version af en af vores mest popul\u00e6re hundeseler. En sele, som du kan stole p\u00e5 hver dag. Hurtta Casual Y-Harness ECO er en p\u00e5lidelig, g\u00f8r-alt-sele, der passer til alle racer og kan bruges til alt fra daglige g\u00e5ture til mere anstrengende [&hellip;]<\/p>\n","protected":false},"featured_media":0,"comment_status":"open","ping_status":"closed","template":"","meta":[],"product_brand":[222],"product_cat":[321],"product_tag":[325,46],"class_list":{"0":"post-7228","1":"product","2":"type-product","3":"status-publish","5":"product_brand-hurtta","6":"product_cat-hundesele","7":"product_tag-hunde-sele","8":"product_tag-y-sele","9":"pa_farve-cinnamon","10":"pa_farve-peacock","11":"pa_farve-raven","12":"pa_farve-ruby","13":"pa_stoerrelse-2xs","14":"pa_stoerrelse-3xs","15":"pa_stoerrelse-l","16":"pa_stoerrelse-m","17":"pa_stoerrelse-s","18":"pa_stoerrelse-xl","19":"pa_stoerrelse-xs","21":"first","22":"instock","23":"taxable","24":"shipping-taxable","25":"purchasable","26":"product-type-variable"},"_links":{"self":[{"href":"https:\/\/barf-aalborg.dk\/index.php\/wp-json\/wp\/v2\/product\/7228","targetHints":{"allow":["GET"]}}],"collection":[{"href":"https:\/\/barf-aalborg.dk\/index.php\/wp-json\/wp\/v2\/product"}],"about":[{"href":"https:\/\/barf-aalborg.dk\/index.php\/wp-json\/wp\/v2\/types\/product"}],"replies":[{"embeddable":true,"href":"https:\/\/barf-aalborg.dk\/index.php\/wp-json\/wp\/v2\/comments?post=7228"}],"version-history":[{"count":3,"href":"https:\/\/barf-aalborg.dk\/index.php\/wp-json\/wp\/v2\/product\/7228\/revisions"}],"predecessor-version":[{"id":7231,"href":"https:\/\/barf-aalborg.dk\/index.php\/wp-json\/wp\/v2\/product\/7228\/revisions\/7231"}],"wp:attachment":[{"href":"https:\/\/barf-aalborg.dk\/index.php\/wp-json\/wp\/v2\/media?parent=7228"}],"wp:term":[{"taxonomy":"product_brand","embeddable":true,"href":"https:\/\/barf-aalborg.dk\/index.php\/wp-json\/wp\/v2\/product_brand?post=7228"},{"taxonomy":"product_cat","embeddable":true,"href":"https:\/\/barf-aalborg.dk\/index.php\/wp-json\/wp\/v2\/product_cat?post=7228"},{"taxonomy":"product_tag","embeddable":true,"href":"https:\/\/barf-aalborg.dk\/index.php\/wp-json\/wp\/v2\/product_tag?post=7228"}],"curies":[{"name":"wp","href":"https:\/\/api.w.org\/{rel}","templated":true}]}}