{"id":7213,"date":"2025-07-29T17:41:18","date_gmt":"2025-07-29T15:41:18","guid":{"rendered":"https:\/\/barf-aalborg.dk\/?post_type=product&#038;p=7213"},"modified":"2026-04-01T09:13:33","modified_gmt":"2026-04-01T07:13:33","slug":"flexi-xtreme-baand","status":"publish","type":"product","link":"https:\/\/barf-aalborg.dk\/index.php\/vare\/flexi-xtreme-baand\/","title":{"rendered":"Flexi Xtreme &#8211; b\u00e5nd"},"content":{"rendered":"<p>Flexi XTREME rulleline med b\u00e5nd<\/p>\n<ul>\n<li>integreret ekspander, der absorberer pludselige ryk<\/li>\n<li>med bl\u00f8dt h\u00e5ndtag<\/li>\n<li>fra st\u00f8rrelse M med justerbart h\u00e5ndtag<\/li>\n<li>kan udvides med flexi Multi Box og LED-belysningssystem<\/li>\n<\/ul>\n<p>S: 5 m, hunde op til 20 kg<\/p>\n<div class=\"text-muted\">\n<p class=\"mb-0\">M: 5 m, hunde op til 35 kg<\/p>\n<\/div>\n<div class=\"d-flex align-items-center mt-2\">\n<form class=\"e-product-form js-e-product-form js-e-product-form-addtocart\" action=\"https:\/\/shop.eldorado.dk\/dk\/system\/data\/cart\" method=\"post\" novalidate=\"novalidate\">\n<div class=\"text-muted\">\n<p class=\"mb-0\">L: 5 m, hunde op til 65 kg<\/p>\n<div class=\"text-muted\">\n<p class=\"mb-0\">L: 8 m, hunde op til 55 kg<\/p>\n<\/div>\n<div class=\"mt-2\">\n<p class=\"e-product-price mb-0 mt-0 align-items-center\">\n<\/div>\n<\/div>\n<\/form>\n<div class=\"d-flex align-items-center mt-2\">\n<div class=\"border d-flex align-items-center eldorado-productdetails-add-to-favorites-wrapper justify-content-center\">\n<div class=\"dropdown js-e-product-favorites\" data-favorites-page=\"Default.aspx?Id=5907\" data-paragraph-id=\"16358\" data-product-id=\"93350\" data-variant-id=\"104466\">\n<div class=\"eldorado-productlist-addtofavorites-icon d-flex align-items-center \"><\/div>\n<\/div>\n<\/div>\n<\/div>\n<div class=\"mt-2\">\n<p class=\"e-product-price mb-0 mt-0 align-items-center\">\n<\/div>\n<div class=\"border d-flex align-items-center eldorado-productdetails-add-to-favorites-wrapper justify-content-center\">\n<div class=\"dropdown js-e-product-favorites\" data-favorites-page=\"Default.aspx?Id=5907\" data-paragraph-id=\"16358\" data-product-id=\"93350\" data-variant-id=\"104466\">\n<div class=\"eldorado-productlist-addtofavorites-icon d-flex align-items-center \"><\/div>\n<\/div>\n<\/div>\n<\/div>\n<div class=\"mt-2\">\n<p class=\"e-product-price mb-0 mt-0 align-items-center\">\n<\/div>\n","protected":false},"excerpt":{"rendered":"<p>Flexi XTREME rulleline med b\u00e5nd integreret ekspander, der absorberer pludselige ryk med bl\u00f8dt h\u00e5ndtag fra st\u00f8rrelse M med justerbart h\u00e5ndtag kan udvides med flexi Multi Box og LED-belysningssystem S: 5 m, hunde op til 20 kg M: 5 m, hunde op til 35 kg L: 5 m, hunde op til 65 kg L: 8 m, [&hellip;]<\/p>\n","protected":false},"featured_media":7214,"comment_status":"open","ping_status":"closed","template":"","meta":[],"product_brand":[218],"product_cat":[330],"product_tag":[453,452],"class_list":{"0":"post-7213","1":"product","2":"type-product","3":"status-publish","4":"has-post-thumbnail","6":"product_brand-flexi","7":"product_cat-hunde-line","8":"product_tag-flexi","9":"product_tag-hundeline","10":"pa_kilo-l-5m-tape","11":"pa_kilo-l-8m-tape","12":"pa_kilo-m-5m-tape","13":"pa_kilo-s-5m-tape","15":"first","16":"instock","17":"taxable","18":"shipping-taxable","19":"purchasable","20":"product-type-variable"},"_links":{"self":[{"href":"https:\/\/barf-aalborg.dk\/index.php\/wp-json\/wp\/v2\/product\/7213","targetHints":{"allow":["GET"]}}],"collection":[{"href":"https:\/\/barf-aalborg.dk\/index.php\/wp-json\/wp\/v2\/product"}],"about":[{"href":"https:\/\/barf-aalborg.dk\/index.php\/wp-json\/wp\/v2\/types\/product"}],"replies":[{"embeddable":true,"href":"https:\/\/barf-aalborg.dk\/index.php\/wp-json\/wp\/v2\/comments?post=7213"}],"version-history":[{"count":3,"href":"https:\/\/barf-aalborg.dk\/index.php\/wp-json\/wp\/v2\/product\/7213\/revisions"}],"predecessor-version":[{"id":7221,"href":"https:\/\/barf-aalborg.dk\/index.php\/wp-json\/wp\/v2\/product\/7213\/revisions\/7221"}],"wp:featuredmedia":[{"embeddable":true,"href":"https:\/\/barf-aalborg.dk\/index.php\/wp-json\/wp\/v2\/media\/7214"}],"wp:attachment":[{"href":"https:\/\/barf-aalborg.dk\/index.php\/wp-json\/wp\/v2\/media?parent=7213"}],"wp:term":[{"taxonomy":"product_brand","embeddable":true,"href":"https:\/\/barf-aalborg.dk\/index.php\/wp-json\/wp\/v2\/product_brand?post=7213"},{"taxonomy":"product_cat","embeddable":true,"href":"https:\/\/barf-aalborg.dk\/index.php\/wp-json\/wp\/v2\/product_cat?post=7213"},{"taxonomy":"product_tag","embeddable":true,"href":"https:\/\/barf-aalborg.dk\/index.php\/wp-json\/wp\/v2\/product_tag?post=7213"}],"curies":[{"name":"wp","href":"https:\/\/api.w.org\/{rel}","templated":true}]}}