{"id":7076,"date":"2025-07-18T13:44:11","date_gmt":"2025-07-18T11:44:11","guid":{"rendered":"https:\/\/barf-aalborg.dk\/?post_type=product&#038;p=7076"},"modified":"2026-04-01T09:13:31","modified_gmt":"2026-04-01T07:13:31","slug":"kong-jumler","status":"publish","type":"product","link":"https:\/\/barf-aalborg.dk\/index.php\/vare\/kong-jumler\/","title":{"rendered":"KONG Jumler Ball"},"content":{"rendered":"<p>KONG Jumbler er et to-i-en-boldleget\u00f8j, der giver dobbelt s\u00e5 meget interaktiv sjov. Den indvendige tennisbold og det h\u00f8je knirk tilskynder til leg, mens h\u00e5ndtagene g\u00f8r det nemt at samle op og ryste. Jumbleren kan modst\u00e5 h\u00e5rdt spil, hvilket g\u00f8r den ideel til at hente spil. KONG Jumbler f\u00e5s i to former og st\u00f8rrelser og vil sikre en sp\u00e6ndende, aktiv legetid for dig og din hund.<\/p>\n<p>&nbsp;<\/p>\n<p>St\u00f8rrelser: Small \u00d814cm\u00a0 og Large \u00d818 cm<\/p>\n<p>Ass. farve<\/p>\n","protected":false},"excerpt":{"rendered":"<p>KONG Jumbler er et to-i-en-boldleget\u00f8j, der giver dobbelt s\u00e5 meget interaktiv sjov. Den indvendige tennisbold og det h\u00f8je knirk tilskynder til leg, mens h\u00e5ndtagene g\u00f8r det nemt at samle op og ryste. Jumbleren kan modst\u00e5 h\u00e5rdt spil, hvilket g\u00f8r den ideel til at hente spil. KONG Jumbler f\u00e5s i to former og st\u00f8rrelser og vil [&hellip;]<\/p>\n","protected":false},"featured_media":7084,"comment_status":"open","ping_status":"closed","template":"","meta":[],"product_brand":[227],"product_cat":[313],"product_tag":[68],"class_list":{"0":"post-7076","1":"product","2":"type-product","3":"status-publish","4":"has-post-thumbnail","6":"product_brand-kong","7":"product_cat-hundelegetoej","8":"product_tag-hundelegetoej","9":"pa_stoerrelse-l","10":"pa_stoerrelse-s","12":"first","13":"instock","14":"taxable","15":"shipping-taxable","16":"purchasable","17":"product-type-variable"},"_links":{"self":[{"href":"https:\/\/barf-aalborg.dk\/index.php\/wp-json\/wp\/v2\/product\/7076","targetHints":{"allow":["GET"]}}],"collection":[{"href":"https:\/\/barf-aalborg.dk\/index.php\/wp-json\/wp\/v2\/product"}],"about":[{"href":"https:\/\/barf-aalborg.dk\/index.php\/wp-json\/wp\/v2\/types\/product"}],"replies":[{"embeddable":true,"href":"https:\/\/barf-aalborg.dk\/index.php\/wp-json\/wp\/v2\/comments?post=7076"}],"version-history":[{"count":3,"href":"https:\/\/barf-aalborg.dk\/index.php\/wp-json\/wp\/v2\/product\/7076\/revisions"}],"predecessor-version":[{"id":7089,"href":"https:\/\/barf-aalborg.dk\/index.php\/wp-json\/wp\/v2\/product\/7076\/revisions\/7089"}],"wp:featuredmedia":[{"embeddable":true,"href":"https:\/\/barf-aalborg.dk\/index.php\/wp-json\/wp\/v2\/media\/7084"}],"wp:attachment":[{"href":"https:\/\/barf-aalborg.dk\/index.php\/wp-json\/wp\/v2\/media?parent=7076"}],"wp:term":[{"taxonomy":"product_brand","embeddable":true,"href":"https:\/\/barf-aalborg.dk\/index.php\/wp-json\/wp\/v2\/product_brand?post=7076"},{"taxonomy":"product_cat","embeddable":true,"href":"https:\/\/barf-aalborg.dk\/index.php\/wp-json\/wp\/v2\/product_cat?post=7076"},{"taxonomy":"product_tag","embeddable":true,"href":"https:\/\/barf-aalborg.dk\/index.php\/wp-json\/wp\/v2\/product_tag?post=7076"}],"curies":[{"name":"wp","href":"https:\/\/api.w.org\/{rel}","templated":true}]}}