{"id":7012,"date":"2025-07-15T17:31:22","date_gmt":"2025-07-15T15:31:22","guid":{"rendered":"https:\/\/barf-aalborg.dk\/?post_type=product&#038;p=7012"},"modified":"2026-04-01T09:13:23","modified_gmt":"2026-04-01T07:13:23","slug":"orijen-cat-six-fish","status":"publish","type":"product","link":"https:\/\/barf-aalborg.dk\/index.php\/vare\/orijen-cat-six-fish\/","title":{"rendered":"Orijen Cat Six Fish"},"content":{"rendered":"<p>ORIJEN<strong>\u00a0Six Fish<\/strong>\u2122 foder er lavet med fisk fra r\u00e5 sardin, kulmule, makrel, skrubbe, stenbider og tunge. Fyldt med WholePrey animalske ingredienser som fisk, organer og brusk, er ORIJEN Six Fish\u2122 foder lavet med de n\u00e6ringst\u00e6tte, saftige dele af byttedyret for at levere den n\u00e6ring, som katte har brug for. Med 85% animalske kvalitetsingredienser og en fryset\u00f8rret levercoating er dette foder uden sammenligning.<\/p>\n<ul>\n<li>De 6 hovedingredienser er r\u00e5 fiskeingredienser.<\/li>\n<li>85% kvalitets fiskeingredienser, der giver en st\u00e6rk kilde til essentielle proteiner, vitaminer og mineraler.<\/li>\n<li>Sejolie giver en kilde til omega-3 fedtsyrer, der hj\u00e6lper med at underst\u00f8tte en skinnende pels og sund hud.<\/li>\n<li>Hj\u00e6lper med at st\u00f8tte ford\u00f8jelsen med pr\u00e6biotika som t\u00f8rret cikorierod og fibre fra frugt og gr\u00f8ntsager.<\/li>\n<li>Hj\u00e6lper med at st\u00f8tte hjertesundheden med naturligt forekommende taurin, der findes i animalske proteiner som fisk.<\/li>\n<li>Fryset\u00f8rret lever coated for en eksplosion af r\u00e5 smag, som din kat instinktivt elsker.<\/li>\n<li>Fremstillet i Canada med verdens bedste ingredienser.<\/li>\n<li>Kornfrit<\/li>\n<\/ul>\n<p>Metaboliserbar energi er 4070 kcal\/kg (529 kcal pr. 250 ml\/130 g kop). Kalorierne er fordelt for at underst\u00f8tte den bedste kondition med 39% fra protein, 19% fra kulhydrater og 42% fra fedt.<\/p>\n<p>Opbevares t\u00f8rt og k\u00f8ligt.<\/p>\n<div class=\"px-1 pt-1 pb-0 small\">\n<div class=\"font-weight-bold\">Sammens\u00e6tning<\/div>\n<div>R\u00e5 hel sardin (28 %), r\u00e5 hel kulmule (7 %), r\u00e5 hel makrel (6 %), r\u00e5 skrubbe (5 %), r\u00e5 hel stenbider (5 %), r\u00e5 hel tunge (5 %), dehydreret makrel (5 %), dehydreret sild (5 %), dehydreret bl\u00e5hvilling (5 %), sejolie (5 %), dehydreret hvidfisk (5 %), dehydreret sardin (4 %), solsikkeolie, hele r\u00f8de linser, hele gr\u00f8nne linser, hele \u00e6rter, linsefibre, hele kik\u00e6rter, hele pintob\u00f8nner, \u00e6rtestivelse, t\u00f8rret tang, friske hele gr\u00e6skar, friske hele butternutsquash, friske hele courgetter, friske hele guler\u00f8dder, friske hele \u00e6bler, friske hele p\u00e6rer, t\u00f8rret cikorierod, frisk gr\u00f8nk\u00e5l, frisk spinat, frisk r\u00f8dbedegr\u00f8nt, frisk majroe, hele traneb\u00e6r, hele bl\u00e5b\u00e6r, hele saskatoonb\u00e6r, gurkemeje, marietidsel, burrerod, lavendel, althearod, hybenroser.<\/p>\n<\/div>\n<\/div>\n<div class=\"px-1 pt-1 pb-0 small\">\n<div class=\"font-weight-bold\">Analytiske bestanddele<\/div>\n<div>R\u00e5protein: 40% R\u00e5fedt: 19% R\u00e5aske: 9% R\u00e5fibre: 3% Fugtighed: 10% Calcium: 1,6% Fosfor: 1,2% Magnesium: 0,1 % Taurin: 0,3 % Omega-6-fedtsyrer: 2,1 % Omega-3-fedtsyrer: 2,1 % DHA (docosahexaensyre): 0,8 % EPA (eicosapentaensyre): 0.5%<\/p>\n<\/div>\n<\/div>\n<div class=\"px-1 pt-1 pb-0 small\">\n<div class=\"font-weight-bold\">Tils\u00e6tningsstoffer<\/div>\n<div>Teknologiske tils\u00e6tningsstoffer: Tocopherolekstrakt fra vegetabilske olier: 121 mg, citronsyre: 40 mg. Sensoriske tils\u00e6tningsstoffer: Rosmarinekstrakt: 80 mg. Ern\u00e6ringsm\u00e6ssige tils\u00e6tningsstoffer: 3a890 Cholinklorid (cholin): 1190 mg, 3b606 (Zink: 105 mg), 3b406 (Kobber: 11 mg), 3a821 Vitamin B1: 12,5 mg, 3a825i Vitamin B2: 10 mg, 3a314 Vitamin B3: 50 mg, 3a841 Vitamin B5: 8 mg, 3a831 Vitamin B6: 6,5 mg, 3a316 Vitamin B9: 0,75 mg, 3a880 Vitamin B7: 0,5 mg.75 mg, 3a880 Vitamin B7: 0,13 mg, Vitamin B12: 0,1 mg, 3a710 Vitamin K3: 0,5 mg, 3a672a Vitamin A: 3750 IU, 3a671 Vitamin D3: 500 IU, 3a700 Vitamin E: 410 IU, 3a300 Vitamin C: 12,5 IU. Zootekniske tils\u00e6tningsstoffer: 4b1707 Enterococcus faecium NCIMB 10415 1&#215;10^9 CFU.<\/p>\n<\/div>\n<\/div>\n<div class=\"px-1 pt-1 pb-1 small\">\n<div class=\"font-weight-bold\">Energiindhold<\/div>\n<div>4070<\/div>\n<\/div>\n","protected":false},"excerpt":{"rendered":"<p>ORIJEN\u00a0Six Fish\u2122 foder er lavet med fisk fra r\u00e5 sardin, kulmule, makrel, skrubbe, stenbider og tunge. Fyldt med WholePrey animalske ingredienser som fisk, organer og brusk, er ORIJEN Six Fish\u2122 foder lavet med de n\u00e6ringst\u00e6tte, saftige dele af byttedyret for at levere den n\u00e6ring, som katte har brug for. Med 85% animalske kvalitetsingredienser og en [&hellip;]<\/p>\n","protected":false},"featured_media":7014,"comment_status":"open","ping_status":"closed","template":"","meta":[],"product_brand":[243],"product_cat":[427,297],"product_tag":[63,299],"class_list":{"0":"post-7012","1":"product","2":"type-product","3":"status-publish","4":"has-post-thumbnail","6":"product_brand-orijen","7":"product_cat-orijen-kat","8":"product_cat-toerfoder-kat","9":"product_tag-kornfrit-toerfoder-til-katte","10":"product_tag-toerfoder-kat","11":"pa_kilo-303","12":"pa_kilo-340-gr","13":"pa_kilo-54-kg","15":"first","16":"outofstock","17":"taxable","18":"shipping-taxable","19":"purchasable","20":"product-type-variable"},"_links":{"self":[{"href":"https:\/\/barf-aalborg.dk\/index.php\/wp-json\/wp\/v2\/product\/7012","targetHints":{"allow":["GET"]}}],"collection":[{"href":"https:\/\/barf-aalborg.dk\/index.php\/wp-json\/wp\/v2\/product"}],"about":[{"href":"https:\/\/barf-aalborg.dk\/index.php\/wp-json\/wp\/v2\/types\/product"}],"replies":[{"embeddable":true,"href":"https:\/\/barf-aalborg.dk\/index.php\/wp-json\/wp\/v2\/comments?post=7012"}],"version-history":[{"count":1,"href":"https:\/\/barf-aalborg.dk\/index.php\/wp-json\/wp\/v2\/product\/7012\/revisions"}],"predecessor-version":[{"id":7018,"href":"https:\/\/barf-aalborg.dk\/index.php\/wp-json\/wp\/v2\/product\/7012\/revisions\/7018"}],"wp:featuredmedia":[{"embeddable":true,"href":"https:\/\/barf-aalborg.dk\/index.php\/wp-json\/wp\/v2\/media\/7014"}],"wp:attachment":[{"href":"https:\/\/barf-aalborg.dk\/index.php\/wp-json\/wp\/v2\/media?parent=7012"}],"wp:term":[{"taxonomy":"product_brand","embeddable":true,"href":"https:\/\/barf-aalborg.dk\/index.php\/wp-json\/wp\/v2\/product_brand?post=7012"},{"taxonomy":"product_cat","embeddable":true,"href":"https:\/\/barf-aalborg.dk\/index.php\/wp-json\/wp\/v2\/product_cat?post=7012"},{"taxonomy":"product_tag","embeddable":true,"href":"https:\/\/barf-aalborg.dk\/index.php\/wp-json\/wp\/v2\/product_tag?post=7012"}],"curies":[{"name":"wp","href":"https:\/\/api.w.org\/{rel}","templated":true}]}}