{"id":6993,"date":"2025-07-15T15:52:09","date_gmt":"2025-07-15T13:52:09","guid":{"rendered":"https:\/\/barf-aalborg.dk\/?post_type=product&#038;p=6993"},"modified":"2026-04-01T09:13:33","modified_gmt":"2026-04-01T07:13:33","slug":"acana-cat-bountiful-catch","status":"publish","type":"product","link":"https:\/\/barf-aalborg.dk\/index.php\/vare\/acana-cat-bountiful-catch\/","title":{"rendered":"ACANA CAT Bountiful Catch"},"content":{"rendered":"<p>Alle katte har brug for en kost rig p\u00e5 protein og n\u00e6ringsstoffer fra animalske ingredienser, og hos ACANA\u2122 betyder hver eneste ingrediens noget.<\/p>\n<p>ACANA\u2122\u00a0<strong>Bountiful Catch<\/strong>\u00a0t\u00f8rfoder er fyldt med proteinrige animalske ingredienser, herunder r\u00e5 sild (fryset ned, n\u00e5r de er allermest friske, s\u00e5 n\u00e6ringsstofferne bevares) og sunde korn, som hj\u00e6lper med at underst\u00f8tte sund hud og en skinnende pels, samt vedligeholdelse af muskler og knogler. Disse kibbles er lavet med fuldt udbytte af k\u00f8d, organer og brusk, hvilket giver din kat alt, hvad den beh\u00f8ver for at v\u00e6re sund, glad og st\u00e6rk. Pillen er coated med fryset\u00f8rret lever, der giver den en l\u00e6kker smag, som katten higer efter. Foderet indeholder kun kvalitetsingredienser og ingen kunstige smagsstoffer, farver eller konserveringsmidler.<\/p>\n<ul>\n<li>Fyldt med n\u00e6ringsstoffer &#8211; t\u00f8rfoder specielt sammensat til voksne kattes behov<\/li>\n<li>Fremstillet af 65% kvalitets animalske produkter: med frisk laks som hovedingrediens, sild og sunde kornsorter<\/li>\n<li>Huden og pelsens sundhed underst\u00f8ttes af kvalitetsblandingen af omega-3- og omega-6-fedtsyrer, mens protein af h\u00f8j kvalitet hj\u00e6lper med at vedligeholde muskler og knogler<\/li>\n<li>En sund ford\u00f8jeles og immunforsvaret underst\u00f8ttes med essentielle vitaminer, mineraler og antioxidanter<\/li>\n<li>Ingen kunstige smagsstoffer, farve eller konserveringsmidler, og ingen soja-, majs-, tapioka- eller hvedeingredienser er tilsat<\/li>\n<\/ul>\n<div class=\"px-1 pt-1 pb-0 small\">\n<div class=\"font-weight-bold\">Sammens\u00e6tning<\/div>\n<div>\n<p>R\u00e5 hel laks (15 %), dehydreret laks (15 %), dehydreret sild (15 %), hel havre, hele \u00e6rter, sejolie (8 %), hele gr\u00f8nne linser, r\u00e5 hel kulmule (4 %), r\u00e5 hel sild (4 %), hele kik\u00e6rter, hele r\u00f8de linser, linsebre, r\u00e5 regnbue\u00f8rred (2 %), lakseolie (2 %), solsikkeolie, t\u00f8rret tang, frisk hel butternutsquash, frisk hel gr\u00e6skar, frisk hel traneb\u00e6r, frisk hel bl\u00e5b\u00e6r.<\/p>\n<\/div>\n<\/div>\n<div class=\"px-1 pt-1 pb-0 small\">\n<div class=\"font-weight-bold\">Analytiske bestanddele<\/div>\n<div>\n<p>R\u00e5protein 34 % Fedtindhold 16 % R\u00e5bre 4 % R\u00e5aske 9 % Fugtighed 10 % Calcium 2 % Fosfor 1,4 % Magnesium 0,1 % Taurin 0,1 % Omega-6 2,5 % Omega-3 0,8 % DHA 0,3 % EPA 0,2 %.<\/p>\n<\/div>\n<\/div>\n<div class=\"px-1 pt-1 pb-0 small\">\n<div class=\"font-weight-bold\">Tils\u00e6tningsstoffer<\/div>\n<div>\n<p>Teknologiske tils\u00e6tningsstoffer: Med naturlige antioxidanter. Ern\u00e6ringsm\u00e6ssige tils\u00e6tningsstoffer: Cholinklorid: 1200 mg, Taurin: 400 mg, Zink (Zinkchelat af aminosyrehydrat): 150 mg, Vitamin B1: 12,5 mg, Vitamin B2: 10 mg, Niacin: 50 mg, Vitamin B5: 8 mg, Vitamin B6: 6,5 mg, Folinsyre: 0,75 mg, Biotin: 0,125 mg, Vitamin B12: 0,1 mg, Vitamin A: 3750 IU, Vitamin D: 500 IU, Vitamin E: 170 IU, Vitamin K: 0,5 mg, Kobber (Kobber (II) chelat af aminosyrehydrat): 11 mg, L-carnitin: 50 mg, DL-methionin: 99 mg. Zootekniske tils\u00e6tningsstoffer: Enterococcus faecium NCIMB10415: 600&#215;10^6CFU.<\/p>\n<\/div>\n<\/div>\n<div class=\"px-1 pt-1 pb-1 small\">\n<div class=\"font-weight-bold\">Energiindhold<\/div>\n<div>3800<\/div>\n<\/div>\n","protected":false},"excerpt":{"rendered":"<p>Alle katte har brug for en kost rig p\u00e5 protein og n\u00e6ringsstoffer fra animalske ingredienser, og hos ACANA\u2122 betyder hver eneste ingrediens noget. ACANA\u2122\u00a0Bountiful Catch\u00a0t\u00f8rfoder er fyldt med proteinrige animalske ingredienser, herunder r\u00e5 sild (fryset ned, n\u00e5r de er allermest friske, s\u00e5 n\u00e6ringsstofferne bevares) og sunde korn, som hj\u00e6lper med at underst\u00f8tte sund hud og [&hellip;]<\/p>\n","protected":false},"featured_media":6997,"comment_status":"open","ping_status":"closed","template":"","meta":[],"product_brand":[198],"product_cat":[298,297],"product_tag":[63,299],"class_list":{"0":"post-6993","1":"product","2":"type-product","3":"status-publish","4":"has-post-thumbnail","6":"product_brand-acana","7":"product_cat-acana-kat","8":"product_cat-toerfoder-kat","9":"product_tag-kornfrit-toerfoder-til-katte","10":"product_tag-toerfoder-kat","11":"pa_kilo-303","12":"pa_kilo-308","14":"first","15":"instock","16":"taxable","17":"shipping-taxable","18":"purchasable","19":"product-type-variable"},"_links":{"self":[{"href":"https:\/\/barf-aalborg.dk\/index.php\/wp-json\/wp\/v2\/product\/6993","targetHints":{"allow":["GET"]}}],"collection":[{"href":"https:\/\/barf-aalborg.dk\/index.php\/wp-json\/wp\/v2\/product"}],"about":[{"href":"https:\/\/barf-aalborg.dk\/index.php\/wp-json\/wp\/v2\/types\/product"}],"replies":[{"embeddable":true,"href":"https:\/\/barf-aalborg.dk\/index.php\/wp-json\/wp\/v2\/comments?post=6993"}],"version-history":[{"count":2,"href":"https:\/\/barf-aalborg.dk\/index.php\/wp-json\/wp\/v2\/product\/6993\/revisions"}],"predecessor-version":[{"id":6999,"href":"https:\/\/barf-aalborg.dk\/index.php\/wp-json\/wp\/v2\/product\/6993\/revisions\/6999"}],"wp:featuredmedia":[{"embeddable":true,"href":"https:\/\/barf-aalborg.dk\/index.php\/wp-json\/wp\/v2\/media\/6997"}],"wp:attachment":[{"href":"https:\/\/barf-aalborg.dk\/index.php\/wp-json\/wp\/v2\/media?parent=6993"}],"wp:term":[{"taxonomy":"product_brand","embeddable":true,"href":"https:\/\/barf-aalborg.dk\/index.php\/wp-json\/wp\/v2\/product_brand?post=6993"},{"taxonomy":"product_cat","embeddable":true,"href":"https:\/\/barf-aalborg.dk\/index.php\/wp-json\/wp\/v2\/product_cat?post=6993"},{"taxonomy":"product_tag","embeddable":true,"href":"https:\/\/barf-aalborg.dk\/index.php\/wp-json\/wp\/v2\/product_tag?post=6993"}],"curies":[{"name":"wp","href":"https:\/\/api.w.org\/{rel}","templated":true}]}}