{"id":6980,"date":"2025-07-15T14:28:00","date_gmt":"2025-07-15T12:28:00","guid":{"rendered":"https:\/\/barf-aalborg.dk\/?post_type=product&#038;p=6980"},"modified":"2026-04-01T09:13:32","modified_gmt":"2026-04-01T07:13:32","slug":"acana-first-feast-kat","status":"publish","type":"product","link":"https:\/\/barf-aalborg.dk\/index.php\/vare\/acana-first-feast-kat\/","title":{"rendered":"Acana First Feast Kat"},"content":{"rendered":"<p>Alle killinger har brug for en kost rig p\u00e5 protein og n\u00e6ringsstoffer fra animalske ingredienser for at underst\u00f8tte deres hurtige udvikling, og hos ACANA\u2122 betyder hver eneste ingrediens noget.<\/p>\n<p>ACANA\u2122\u00a0<strong>First Feast<\/strong>\u00a0t\u00f8rfoder til killinger er fyldt med fersk kylling (opbevares udelukkende p\u00e5 k\u00f8l), hele sild og sunde korn. Alle med ingredienser, der hj\u00e6lper med at underst\u00f8tte sund hud og en skinnende pels, muskel- og knoglev\u00e6kst samt udviklingen af \u00f8jne og hjerne. Disse kibbles er lavet med fuld udbytte af k\u00f8d, organer og brusk, s\u00e5 din killing f\u00e5r alt det, den har brug for til at vokse op sund, glad og st\u00e6rk. Og med en l\u00e6kker smag, som den vil elske. Foderet indeholder kun kvalitetsingredienser og ingen kunstige smagsstoffer, farver eller konserveringsmidler.<\/p>\n<ul>\n<li>Fyldt med n\u00e6ringsstoffer &#8211; t\u00f8rfoder specielt sammensat til at d\u00e6kke behovene hos hurtigt voksende killinger i alderen op til 12 m\u00e5neder<\/li>\n<li>Fremstillet med 70% ingredienser fra kvalitetsk\u00f8d med fersk kylling som hovedingrediens, fuldkorn og sunde kornsorter<\/li>\n<li>Hud og pelssundheden underst\u00f8ttes af kvalitetsblandingen af Omega-3 &amp; Omega-6, mens protein af h\u00f8j kvalitet hj\u00e6lper med at st\u00f8tte muskel- og knogleudvikling<\/li>\n<li>Hjernens og nethindens udvikling st\u00f8ttes med taurin, EPA og DHA<\/li>\n<li>Ingen kunstige smagsstoffer, farve eller konserveringsmidler, og ingen soja-, majs-, tapioka- eller hvedeingredienser er tilsat<\/li>\n<\/ul>\n<div class=\"px-1 pt-1 pb-0 small\">\n<div class=\"font-weight-bold\">Sammens\u00e6tning<\/div>\n<div>Fersk kylling (19 %), kyllingemel (14 %), sildemel (13 %), havregryn, hele \u00e6rter, kyllingefedt (7 %), hele gr\u00f8nne linser, kalkunmel (5 %), hele kik\u00e6rter, hele r\u00f8de linser, r\u00e5 hele sild (4 %), friske \u00e6g (4 %), fiskeolie (2 %), linsefibre, r\u00e5 vagtler (1 %), friske kyllingeindmad (lever, hjerte, kr\u00e5se) (0,5 %), r\u00e5 kalkunlever (0,5 %), t\u00f8rret hj\u00e6lp, friske hele butternutsquash, friske hele gr\u00e6skar, hele traneb\u00e6r, hele bl\u00e5b\u00e6r.<\/p>\n<\/div>\n<\/div>\n<div class=\"px-1 pt-1 pb-0 small\">\n<div class=\"font-weight-bold\">Analytiske bestanddele<\/div>\n<div>R\u00e5protein 37 % Fedtindhold 18 % R\u00e5aske 10 % R\u00e5fibre 4 % Fugtighed 10 % Calcium 1.4 % Fosfor 1,1 % Magnesium 0,1 % Taurin 0,1 % Omega-6 FA 2,8 % Omega-3 FA 0,9 % DHA\/EPA 0,2 % \/ 0,15 %.<\/p>\n<\/div>\n<\/div>\n<div class=\"px-1 pt-1 pb-0 small\">\n<div class=\"font-weight-bold\">Tils\u00e6tningsstoffer<\/div>\n<div>Teknologiske tils\u00e6tningsstoffer: 16306(i) Tocopherolekstrakter fra vegetabilske olier: 121 mg, 1a330 citronsyre: 40 mg. Sensoriske tils\u00e6tningsstoffer: Rosmarinekstrakt: 80 mg. Ern\u00e6ringsm\u00e6ssige tils\u00e6tningsstoffer: 3a890 Cholinchlorid (cholin): 1400 mg, 3a370 Tuarin: 400 mg, 3b612 (Zink: 160 mg), 3b407 (Kobber: 11 mg), 3a821 Vitamin B1: 25 mg, 3a825i Vitamin B2: 10 mg, 3a314 Niacin: 50 mg, 3a841 Calcium-D-pantothenat: 8 mg, 3a831 Vitamin B6: 7,5 mg, 3a316 Folinsyre: 0,75 mg, 3a880 Biotin: 0,1 mg, 3a835 Vitamin B12: 0,1 mg, 3a672a Vitamin A: 750 IU, 3a671 Vitamin D3: 100 IU, 3a700 Vitamin E: 250 IU, 3c301 DL-methionin: 99 mg. Zootekniske tils\u00e6tningsstoffer: 4b1707 Entorococcus faecium DSM 10663\/NCIMB 10415: 1 x 10 9 CFU.<\/p>\n<\/div>\n<\/div>\n<div class=\"px-1 pt-1 pb-1 small\">\n<div class=\"font-weight-bold\">Energiindhold<\/div>\n<div>3850<\/div>\n<\/div>\n","protected":false},"excerpt":{"rendered":"<p>Alle killinger har brug for en kost rig p\u00e5 protein og n\u00e6ringsstoffer fra animalske ingredienser for at underst\u00f8tte deres hurtige udvikling, og hos ACANA\u2122 betyder hver eneste ingrediens noget. ACANA\u2122\u00a0First Feast\u00a0t\u00f8rfoder til killinger er fyldt med fersk kylling (opbevares udelukkende p\u00e5 k\u00f8l), hele sild og sunde korn. Alle med ingredienser, der hj\u00e6lper med at underst\u00f8tte [&hellip;]<\/p>\n","protected":false},"featured_media":6981,"comment_status":"open","ping_status":"closed","template":"","meta":[],"product_brand":[198],"product_cat":[298,297],"product_tag":[63,299],"class_list":{"0":"post-6980","1":"product","2":"type-product","3":"status-publish","4":"has-post-thumbnail","6":"product_brand-acana","7":"product_cat-acana-kat","8":"product_cat-toerfoder-kat","9":"product_tag-kornfrit-toerfoder-til-katte","10":"product_tag-toerfoder-kat","11":"pa_kilo-303","12":"pa_kilo-340-gr","14":"first","15":"instock","16":"taxable","17":"shipping-taxable","18":"purchasable","19":"product-type-variable"},"_links":{"self":[{"href":"https:\/\/barf-aalborg.dk\/index.php\/wp-json\/wp\/v2\/product\/6980","targetHints":{"allow":["GET"]}}],"collection":[{"href":"https:\/\/barf-aalborg.dk\/index.php\/wp-json\/wp\/v2\/product"}],"about":[{"href":"https:\/\/barf-aalborg.dk\/index.php\/wp-json\/wp\/v2\/types\/product"}],"replies":[{"embeddable":true,"href":"https:\/\/barf-aalborg.dk\/index.php\/wp-json\/wp\/v2\/comments?post=6980"}],"version-history":[{"count":1,"href":"https:\/\/barf-aalborg.dk\/index.php\/wp-json\/wp\/v2\/product\/6980\/revisions"}],"predecessor-version":[{"id":6985,"href":"https:\/\/barf-aalborg.dk\/index.php\/wp-json\/wp\/v2\/product\/6980\/revisions\/6985"}],"wp:featuredmedia":[{"embeddable":true,"href":"https:\/\/barf-aalborg.dk\/index.php\/wp-json\/wp\/v2\/media\/6981"}],"wp:attachment":[{"href":"https:\/\/barf-aalborg.dk\/index.php\/wp-json\/wp\/v2\/media?parent=6980"}],"wp:term":[{"taxonomy":"product_brand","embeddable":true,"href":"https:\/\/barf-aalborg.dk\/index.php\/wp-json\/wp\/v2\/product_brand?post=6980"},{"taxonomy":"product_cat","embeddable":true,"href":"https:\/\/barf-aalborg.dk\/index.php\/wp-json\/wp\/v2\/product_cat?post=6980"},{"taxonomy":"product_tag","embeddable":true,"href":"https:\/\/barf-aalborg.dk\/index.php\/wp-json\/wp\/v2\/product_tag?post=6980"}],"curies":[{"name":"wp","href":"https:\/\/api.w.org\/{rel}","templated":true}]}}