{"id":6951,"date":"2025-07-15T13:49:06","date_gmt":"2025-07-15T11:49:06","guid":{"rendered":"https:\/\/barf-aalborg.dk\/?post_type=product&#038;p=6951"},"modified":"2025-07-15T13:49:06","modified_gmt":"2025-07-15T11:49:06","slug":"orijeb-small-breed-puppy","status":"publish","type":"product","link":"https:\/\/barf-aalborg.dk\/index.php\/vare\/orijeb-small-breed-puppy\/","title":{"rendered":"Orijeb Small Breed Puppy"},"content":{"rendered":"<p>ORIJEN\u2122 er pioner inden for Biologically Appropriate foder og WholePrey ern\u00e6ring. En biologisk hensigtsm\u00e6ssig kost afspejler den rige, friske variation af WholePrey-k\u00f8d, som hunde og katte har udviklet sig til at spise. Derfor er fersk eller r\u00e5t k\u00f8d, fjerkr\u00e6, fisk og n\u00e6ringsrige organer altid de FEM hovedingredienser i ORIJEN\u2122. ORIJEN\u2122 er lavet med 85% animalske kvalitetsingredienser, 15% gr\u00f8ntsager, frugt og planter og 0% korn, kartoffel, tapioka og planteproteinkoncentrater. 2\/3 af de animalske kvalitetsingredienser er fersk eller r\u00e5t k\u00f8d, organer og brusk i naturlige WholePrey-forhold, hvilket eliminerer behovet for lange lister af syntetiske kosttilskud. ORIJEN\u2122 er et n\u00e6ringsrigt fuldfoder til hunde og katte, der giver dem en fantastisk sundhedsst\u00f8tte, der hj\u00e6lper dem med at trives hele livet. ORIJEN\u2122 &#8211; n\u00e6rer som naturen har t\u00e6nkt sig.<\/p>\n<ul>\n<li>85% animalske kvalitetsingredienser som fersk eller r\u00e5 kylling, kalkun og fisk til at n\u00e6re hvalpe af sm\u00e5 racer i alderen op til 1 \u00e5r.<\/li>\n<li>De 5 hovedingredienser i ORIJEN\u2122\u00a0<strong>Small Breed Puppy<\/strong>\u00a0er fersk eller r\u00e5t fjerkr\u00e6 og fisk.<\/li>\n<li>Inkluderer k\u00f8d, organer og brusk for at give en komplet og afbalanceret ern\u00e6ring, uden tils\u00e6tning af kunstige farve- og smagsstoffer eller konserveringsmidler<\/li>\n<li>Fryset\u00f8rret lever coated for et skud r\u00e5 smag, som din hund instinktivt l\u00e6nges efter.<\/li>\n<li>Mindre kibble specielt designet til hunde af sm\u00e5 racer som f.eks. chihuahua, gravhund, yorkshire terrier, shih tzu, italiensk greyhound, whippet, beagle eller cocker spaniel.<\/li>\n<\/ul>\n<p>Metaboliserbar energi er 4000 kcal\/kg (500 kcal pr. 250 ml\/125 g kop). Kalorierne er fordelt for at underst\u00f8tte den bedste kondition med 38 % fra protein, 17 % fra kulhydrater og 45 % fra fedt.<\/p>\n<div class=\"px-1 pt-1 pb-0 small\">\n<div class=\"font-weight-bold\">Sammens\u00e6tning<\/div>\n<div>\n<p>Fersk kylling (18 %), r\u00e5 laks (12 %), r\u00e5 kalkun (10 %), r\u00e5 hel kulmule (4 %), r\u00e5 hel sild (4 %), r\u00e5 kalkunlever (4 %), fersk kyllingeindmad (lever, hjerte) (4 %), friske \u00e6g (4 %), dehydreret kalkun (4 %), dehydreret kylling (4 %), dehydreret sild (4 %), dehydreret kyllingelever (4 %), dehydreret \u00e6g (4 %), hele r\u00f8de linser, hele pintob\u00f8nner, kyllingefedt (3 %), hele gr\u00f8nne linser, hele marineb\u00f8nner, hele kik\u00e6rter, hele \u00e6rter, Sejolie (2 %), linsefibre, r\u00e5 New Zealandske gr\u00f8nne muslinger, t\u00f8rret tang, friske hele butternutsquash, friske hele gr\u00e6skar, salt, t\u00f8rret cikorierod, friske hele \u00e6bler, friske hele guler\u00f8dder, friske hele p\u00e6rer, friske hele courgetter, friske r\u00f8dbeder, frisk gr\u00f8nk\u00e5l, frisk spinat, friske majroer, hele traneb\u00e6r, hele bl\u00e5b\u00e6r, hele saskatoon-b\u00e6r, gurkemeje, marietidsel, burrerod, lavendel, althearod, hyben.<\/p>\n<\/div>\n<\/div>\n<div class=\"px-1 pt-1 pb-0 small\">\n<div class=\"font-weight-bold\">Analytiske bestanddele<\/div>\n<div>\n<p>R\u00e5protein: 38 % Fedtindhold: 20 % R\u00e5aske: 9 % R\u00e5fibre: 4 % Fugtighed: 12 % Calcium: 1,3 % Fosfor: 0,9 % Omega-6 FA: 3 % Omega-3 FA: 1 % DHA: 0,25 % EPA: 0.3 %<\/p>\n<\/div>\n<\/div>\n<div class=\"px-1 pt-1 pb-0 small\">\n<div class=\"font-weight-bold\">Tils\u00e6tningsstoffer<\/div>\n<div>\n<p>Teknologiske tils\u00e6tningsstoffer: 1b306(i) Tocopherolekstrakter fra vegetabilske olier: 121 mg, 1a330 Citronsyre: 40 mg. Sensoriske tils\u00e6tningsstoffer: Rosmarinekstrakt: 80 mg. Ern\u00e6ringsm\u00e6ssige tils\u00e6tningsstoffer: 3b606 (Zink: 120 mg), 3b406 (Kobber: 11 mg), 3a821 Vitamin B1: 120 mg, 3a825i Vitamin B2: 20 mg, 3a314 Niacin: 200 mg, 3a841 Calcium-D-pantothenat: 60 mg, 3a831 Vitamin B6: 35 mg, 3a316 Folinsyre: 7 mg, B12-vitamin: 0,2 mg, 3a700 E-vitamin: 500 IE. Zootekniske tils\u00e6tningsstoffer: 4b1707 Enterococcus faecium DSM 10663\/ NCIMB 10415 1&#215;109 CFU<\/p>\n<\/div>\n<\/div>\n<div class=\"px-1 pt-1 pb-1 small\">\n<div class=\"font-weight-bold\">Energiindhold<\/div>\n<div>4000<\/div>\n<\/div>\n","protected":false},"excerpt":{"rendered":"<p>ORIJEN\u2122 er pioner inden for Biologically Appropriate foder og WholePrey ern\u00e6ring. En biologisk hensigtsm\u00e6ssig kost afspejler den rige, friske variation af WholePrey-k\u00f8d, som hunde og katte har udviklet sig til at spise. Derfor er fersk eller r\u00e5t k\u00f8d, fjerkr\u00e6, fisk og n\u00e6ringsrige organer altid de FEM hovedingredienser i ORIJEN\u2122. ORIJEN\u2122 er lavet med 85% animalske [&hellip;]<\/p>\n","protected":false},"featured_media":6956,"comment_status":"open","ping_status":"closed","template":"","meta":[],"product_brand":[243],"product_cat":[266,17],"product_tag":[55,65,19],"class_list":{"0":"post-6951","1":"product","2":"type-product","3":"status-publish","4":"has-post-thumbnail","6":"product_brand-orijen","7":"product_cat-orijen","8":"product_cat-toerfoder","9":"product_tag-hvalp-puppy","10":"product_tag-kornfrit-toerfoder-til-hunde","11":"product_tag-toerfoder","12":"pa_kilo-303","13":"pa_kilo-308","15":"first","16":"instock","17":"taxable","18":"shipping-taxable","19":"purchasable","20":"product-type-variable"},"_links":{"self":[{"href":"https:\/\/barf-aalborg.dk\/index.php\/wp-json\/wp\/v2\/product\/6951","targetHints":{"allow":["GET"]}}],"collection":[{"href":"https:\/\/barf-aalborg.dk\/index.php\/wp-json\/wp\/v2\/product"}],"about":[{"href":"https:\/\/barf-aalborg.dk\/index.php\/wp-json\/wp\/v2\/types\/product"}],"replies":[{"embeddable":true,"href":"https:\/\/barf-aalborg.dk\/index.php\/wp-json\/wp\/v2\/comments?post=6951"}],"version-history":[{"count":2,"href":"https:\/\/barf-aalborg.dk\/index.php\/wp-json\/wp\/v2\/product\/6951\/revisions"}],"predecessor-version":[{"id":6979,"href":"https:\/\/barf-aalborg.dk\/index.php\/wp-json\/wp\/v2\/product\/6951\/revisions\/6979"}],"wp:featuredmedia":[{"embeddable":true,"href":"https:\/\/barf-aalborg.dk\/index.php\/wp-json\/wp\/v2\/media\/6956"}],"wp:attachment":[{"href":"https:\/\/barf-aalborg.dk\/index.php\/wp-json\/wp\/v2\/media?parent=6951"}],"wp:term":[{"taxonomy":"product_brand","embeddable":true,"href":"https:\/\/barf-aalborg.dk\/index.php\/wp-json\/wp\/v2\/product_brand?post=6951"},{"taxonomy":"product_cat","embeddable":true,"href":"https:\/\/barf-aalborg.dk\/index.php\/wp-json\/wp\/v2\/product_cat?post=6951"},{"taxonomy":"product_tag","embeddable":true,"href":"https:\/\/barf-aalborg.dk\/index.php\/wp-json\/wp\/v2\/product_tag?post=6951"}],"curies":[{"name":"wp","href":"https:\/\/api.w.org\/{rel}","templated":true}]}}