{"id":6921,"date":"2025-06-28T13:15:40","date_gmt":"2025-06-28T11:15:40","guid":{"rendered":"https:\/\/barf-aalborg.dk\/?post_type=product&#038;p=6921"},"modified":"2025-07-15T13:50:10","modified_gmt":"2025-07-15T11:50:10","slug":"non-stop-vild-hvid-fiskeolie","status":"publish","type":"product","link":"https:\/\/barf-aalborg.dk\/index.php\/vare\/non-stop-vild-hvid-fiskeolie\/","title":{"rendered":"Non-Stop Vild hvid fiskeolie"},"content":{"rendered":"<p>Wild White Fish Omega 3 Oil af m\u00e6rket Non-stop dogwear. Et rent og naturligt tilskud til hunde baseret p\u00e5 ren fiskeolie fra vild hvid dybvandsfisk. Denne olie anvendes p\u00e5 grund af det h\u00f8je niveau af omega-3, is\u00e6r de to essentielle fedtsyrer EPA og DHA. Omega-3-niveauet i fisk afh\u00e6nger af dens kost, da fisken ikke selv producerer meget. Vilde fisk spiser det, der er naturligt for en fisk at spise, hvilket resulterer i h\u00f8je niveauer af EPA og DHA.<\/p>\n<p>Omega 3 fedtsyrer er kendt for deres mange gode egenskaber og kan blandt andet v\u00e6re med til at give hunden en flot blank pels. Hvid fiskeolie misfarver ikke hundens pels, som man kan opleve med omega-3 baseret p\u00e5 r\u00f8d fisk som f.eks. laks. Olien kommer i en\u00a0 pumpeflaske, s\u00e5 det er nemt at dosere.<\/p>\n<p>Omega-3-olie fra vild hvid fisk er tilg\u00e6ngelig i Norge og EU-lande. Olien afdryppes og testes i Norge for at sikre h\u00f8j kvalitet og for at sikre, at hunden f\u00e5r et frisk produkt, der ikke harskner.<\/p>\n<ul>\n<li>Ren olie fra vilde hvide dybhavsfisk.<\/li>\n<li>Kan anvendes til alle typer af hunde i alle aldre.<\/li>\n<li>Rig p\u00e5 omega 3 fedtsyrer.<\/li>\n<li>Produceret i Norge.<\/li>\n<\/ul>\n<p>St\u00f8rrelse: 300 ml<\/p>\n","protected":false},"excerpt":{"rendered":"<p>Wild White Fish Omega 3 Oil af m\u00e6rket Non-stop dogwear. Et rent og naturligt tilskud til hunde baseret p\u00e5 ren fiskeolie fra vild hvid dybvandsfisk. Denne olie anvendes p\u00e5 grund af det h\u00f8je niveau af omega-3, is\u00e6r de to essentielle fedtsyrer EPA og DHA. Omega-3-niveauet i fisk afh\u00e6nger af dens kost, da fisken ikke selv [&hellip;]<\/p>\n","protected":false},"featured_media":6922,"comment_status":"open","ping_status":"closed","template":"","meta":[],"product_brand":[241],"product_cat":[373,406],"product_tag":[422,104],"class_list":{"0":"post-6921","1":"product","2":"type-product","3":"status-publish","4":"has-post-thumbnail","6":"product_brand-non-stop-dogwear","7":"product_cat-foder-tilskud","8":"product_cat-olie","9":"product_tag-hvid-fiske-olie","10":"product_tag-olie","12":"first","13":"instock","14":"taxable","15":"shipping-taxable","16":"purchasable","17":"product-type-simple"},"_links":{"self":[{"href":"https:\/\/barf-aalborg.dk\/index.php\/wp-json\/wp\/v2\/product\/6921","targetHints":{"allow":["GET"]}}],"collection":[{"href":"https:\/\/barf-aalborg.dk\/index.php\/wp-json\/wp\/v2\/product"}],"about":[{"href":"https:\/\/barf-aalborg.dk\/index.php\/wp-json\/wp\/v2\/types\/product"}],"replies":[{"embeddable":true,"href":"https:\/\/barf-aalborg.dk\/index.php\/wp-json\/wp\/v2\/comments?post=6921"}],"version-history":[{"count":1,"href":"https:\/\/barf-aalborg.dk\/index.php\/wp-json\/wp\/v2\/product\/6921\/revisions"}],"predecessor-version":[{"id":6923,"href":"https:\/\/barf-aalborg.dk\/index.php\/wp-json\/wp\/v2\/product\/6921\/revisions\/6923"}],"wp:featuredmedia":[{"embeddable":true,"href":"https:\/\/barf-aalborg.dk\/index.php\/wp-json\/wp\/v2\/media\/6922"}],"wp:attachment":[{"href":"https:\/\/barf-aalborg.dk\/index.php\/wp-json\/wp\/v2\/media?parent=6921"}],"wp:term":[{"taxonomy":"product_brand","embeddable":true,"href":"https:\/\/barf-aalborg.dk\/index.php\/wp-json\/wp\/v2\/product_brand?post=6921"},{"taxonomy":"product_cat","embeddable":true,"href":"https:\/\/barf-aalborg.dk\/index.php\/wp-json\/wp\/v2\/product_cat?post=6921"},{"taxonomy":"product_tag","embeddable":true,"href":"https:\/\/barf-aalborg.dk\/index.php\/wp-json\/wp\/v2\/product_tag?post=6921"}],"curies":[{"name":"wp","href":"https:\/\/api.w.org\/{rel}","templated":true}]}}