{"id":6895,"date":"2025-06-24T12:21:55","date_gmt":"2025-06-24T10:21:55","guid":{"rendered":"https:\/\/barf-aalborg.dk\/?post_type=product&#038;p=6895"},"modified":"2026-04-01T09:13:29","modified_gmt":"2026-04-01T07:13:29","slug":"thule-cabby","status":"publish","type":"product","link":"https:\/\/barf-aalborg.dk\/index.php\/vare\/thule-cabby\/","title":{"rendered":"Thule Cabby"},"content":{"rendered":"<p>En nyhed fra Thule<\/p>\n<p>Crashtestet sikkerhedssele til hunde designet til at holde b\u00e5de din hund og passagerer sikre ved at fastg\u00f8re dit k\u00e6ledyr p\u00e5 bags\u00e6det.<\/p>\n<div class=\"mb-6\"><\/div>\n<div class=\"mb-6\">\n<p class=\"paragraph text-color--gray80\">Thule Cappy g\u00f8r det nemt at rejse med din hund, uanset om det er korte ture eller lange rejser.<\/p>\n<p class=\"paragraph text-color--gray80\">Dens step-in-design fjerner behovet for at tr\u00e6kke selen over hundens hoved, hvilket g\u00f8r den ideel til hunde, der ikke bryder sig om traditionelle seler. N\u00e5r den er sikret, giver selen din hund mulighed for at bev\u00e6ge sig, sove og forblive komfortabel under hele turen. Det belagte stof er nemt at t\u00f8rre af, s\u00e5 det forbliver frisk til hvert eventyr.<\/p>\n<\/div>\n<div class=\"mb-6\">\n<p class=\"paragraph text-color--gray80\">De polstrede netpaneler giver \u00e5ndbarhed og komfort, s\u00e5 din hund kan slappe af p\u00e5 b\u00e5de korte og lange ture. Med en praktisk bageste snorfastg\u00f8relse kan du nemt sikre din hund til hurtige tissepauser uden at fjerne selen.<\/p>\n<p>St\u00f8rrelse:<\/p>\n<p>S : Hals (34-42 cm) Bryst (47.5-63.5 cm) V\u00e6gt max: 11kg hund<\/p>\n<p>M : Hals (40-52 cm) Bryst (55.5-77.0 cm) V\u00e6gt max: 22,50kg hund<\/p>\n<p>L : Hals (46.5-58.0 cm)\u00a0 Bryst (61.5-88.5 cm)\u00a0 V\u00e6gt max: 34kg hund<\/p>\n<\/div>\n","protected":false},"excerpt":{"rendered":"<p>En nyhed fra Thule Crashtestet sikkerhedssele til hunde designet til at holde b\u00e5de din hund og passagerer sikre ved at fastg\u00f8re dit k\u00e6ledyr p\u00e5 bags\u00e6det. Thule Cappy g\u00f8r det nemt at rejse med din hund, uanset om det er korte ture eller lange rejser. Dens step-in-design fjerner behovet for at tr\u00e6kke selen over hundens hoved, [&hellip;]<\/p>\n","protected":false},"featured_media":6902,"comment_status":"open","ping_status":"closed","template":"","meta":[],"product_brand":[247],"product_cat":[321,338,418,341],"product_tag":[45,129],"class_list":{"0":"post-6895","1":"product","2":"type-product","3":"status-publish","4":"has-post-thumbnail","6":"product_brand-thule","7":"product_cat-hundesele","8":"product_cat-sikkerhed","9":"product_cat-sikkerhedssele","10":"product_cat-transport","11":"product_tag-seler-til-hunde","12":"product_tag-sikkerhedsseler","13":"pa_stoerrelse-l","14":"pa_stoerrelse-m","15":"pa_stoerrelse-s","17":"first","18":"instock","19":"taxable","20":"shipping-taxable","21":"purchasable","22":"product-type-variable"},"_links":{"self":[{"href":"https:\/\/barf-aalborg.dk\/index.php\/wp-json\/wp\/v2\/product\/6895","targetHints":{"allow":["GET"]}}],"collection":[{"href":"https:\/\/barf-aalborg.dk\/index.php\/wp-json\/wp\/v2\/product"}],"about":[{"href":"https:\/\/barf-aalborg.dk\/index.php\/wp-json\/wp\/v2\/types\/product"}],"replies":[{"embeddable":true,"href":"https:\/\/barf-aalborg.dk\/index.php\/wp-json\/wp\/v2\/comments?post=6895"}],"version-history":[{"count":4,"href":"https:\/\/barf-aalborg.dk\/index.php\/wp-json\/wp\/v2\/product\/6895\/revisions"}],"predecessor-version":[{"id":6920,"href":"https:\/\/barf-aalborg.dk\/index.php\/wp-json\/wp\/v2\/product\/6895\/revisions\/6920"}],"wp:featuredmedia":[{"embeddable":true,"href":"https:\/\/barf-aalborg.dk\/index.php\/wp-json\/wp\/v2\/media\/6902"}],"wp:attachment":[{"href":"https:\/\/barf-aalborg.dk\/index.php\/wp-json\/wp\/v2\/media?parent=6895"}],"wp:term":[{"taxonomy":"product_brand","embeddable":true,"href":"https:\/\/barf-aalborg.dk\/index.php\/wp-json\/wp\/v2\/product_brand?post=6895"},{"taxonomy":"product_cat","embeddable":true,"href":"https:\/\/barf-aalborg.dk\/index.php\/wp-json\/wp\/v2\/product_cat?post=6895"},{"taxonomy":"product_tag","embeddable":true,"href":"https:\/\/barf-aalborg.dk\/index.php\/wp-json\/wp\/v2\/product_tag?post=6895"}],"curies":[{"name":"wp","href":"https:\/\/api.w.org\/{rel}","templated":true}]}}