{"id":6877,"date":"2025-06-18T06:40:56","date_gmt":"2025-06-18T04:40:56","guid":{"rendered":"https:\/\/barf-aalborg.dk\/?post_type=product&#038;p=6877"},"modified":"2025-06-18T06:41:19","modified_gmt":"2025-06-18T04:41:19","slug":"belcando-hest-med-kartoffel-og-pastinak","status":"publish","type":"product","link":"https:\/\/barf-aalborg.dk\/index.php\/vare\/belcando-hest-med-kartoffel-og-pastinak\/","title":{"rendered":"Belcando hest med kartoffel og pastinak."},"content":{"rendered":"<p data-olk-copy-source=\"MessageBody\">Belcando hest med kartoffel og pastinak.<\/p>\n<p data-olk-copy-source=\"MessageBody\">Kornfri v\u00e5dfoder.<\/p>\n<ul type=\"disc\">\n<li>Kun 1 protein kilde<\/li>\n<li>Ideel for f\u00f8devareintolerance for eksempel, gris, okse, kylling<\/li>\n<li>V\u00e5d foder af h\u00f8j kvalitet til din hund. F\u00e5s i mange l\u00e6kre typer med indhold, som vi naturligvis f\u00e5r fra p\u00e5lidelige landbrug.<\/li>\n<li>BELCANDO Super Premium hundefoder af bedste naturprodukter fremstilles uden anvendelse af aroma-, farvestoffer og konserveringsmidler.<\/li>\n<\/ul>\n<p><strong>Sammens\u00e6tning:<\/strong><br \/>\nHestek\u00f8d, hjerte, mave, lever, lunge (63 %); k\u00f8d bouillon af hestek\u00f8d (28,5 %); kartofler (4 %); pastinak (2 %); chiafr\u00f8 (1 %); tidselolie (0,5 %); \u00e6ggeskaller (0,5 %); mineraler (0,5 %) t\u00f8rret<\/p>\n<p><strong>Analytiske bestanddele:<\/strong><br \/>\nProtein 11 %; fedtindhold 5,5 %; r\u00e5aske 2 %; r\u00e5fibre 0,4 %; vand 79 %<\/p>\n<p><strong>Tils\u00e6tningsstoffer pr. kg<\/strong><\/p>\n<p><strong>Ern\u00e6ringsfysiologiske tils\u00e6tningsstoffer<\/strong><br \/>\nVitamin D3 200 IE; vitamin E 50 mg; mangan (som mangan-(II)-sulfat, monohydrat) 2 mg; zink (som zinksulfat-monohydrat) 20 mg; iod (som calciumjodat, vandfrit) 0,2 mg<\/p>\n<p>Gennemsnitsv\u00e6rdier for fodring af udvoksede, normal aktive hunde er anf\u00f8rt i nedenst\u00e5ende tabel. Den rigtige fodringsm\u00e6ngde konstateres bedst ved at veje hundene regelm\u00e6ssigt. S\u00f8rg altid for frisk drikkevand.<\/p>\n<p>&nbsp;<\/p>\n<table border=\"0\" cellpadding=\"0\" align=\"left\">\n<thead>\n<tr>\n<td>\n<p align=\"center\"><b>Optimal v\u00e6gt (kg)<\/b><\/p>\n<\/td>\n<td>\n<p align=\"center\"><b>V\u00e5dfoder g\/dag<\/b><\/p>\n<\/td>\n<\/tr>\n<\/thead>\n<tbody>\n<tr>\n<td>5-10<\/td>\n<td>200-400<\/td>\n<\/tr>\n<tr>\n<td>10-20<\/td>\n<td>400-800<\/td>\n<\/tr>\n<tr>\n<td>20-35<\/td>\n<td>800-1200<\/td>\n<\/tr>\n<tr>\n<td>35-65<\/td>\n<td>1200-2000<\/td>\n<\/tr>\n<\/tbody>\n<\/table>\n","protected":false},"excerpt":{"rendered":"<p>Belcando hest med kartoffel og pastinak. Kornfri v\u00e5dfoder. Kun 1 protein kilde Ideel for f\u00f8devareintolerance for eksempel, gris, okse, kylling V\u00e5d foder af h\u00f8j kvalitet til din hund. F\u00e5s i mange l\u00e6kre typer med indhold, som vi naturligvis f\u00e5r fra p\u00e5lidelige landbrug. BELCANDO Super Premium hundefoder af bedste naturprodukter fremstilles uden anvendelse af aroma-, farvestoffer [&hellip;]<\/p>\n","protected":false},"featured_media":6880,"comment_status":"open","ping_status":"closed","template":"","meta":[],"product_brand":[208],"product_cat":[413],"product_tag":[161],"class_list":{"0":"post-6877","1":"product","2":"type-product","3":"status-publish","4":"has-post-thumbnail","6":"product_brand-belcando","7":"product_cat-vaadfoder","8":"product_tag-vaadfoder-til-hunde","9":"pa_kilo-400-gr","10":"pa_kilo-800-gr","12":"first","13":"instock","14":"taxable","15":"shipping-taxable","16":"purchasable","17":"product-type-variable"},"_links":{"self":[{"href":"https:\/\/barf-aalborg.dk\/index.php\/wp-json\/wp\/v2\/product\/6877","targetHints":{"allow":["GET"]}}],"collection":[{"href":"https:\/\/barf-aalborg.dk\/index.php\/wp-json\/wp\/v2\/product"}],"about":[{"href":"https:\/\/barf-aalborg.dk\/index.php\/wp-json\/wp\/v2\/types\/product"}],"replies":[{"embeddable":true,"href":"https:\/\/barf-aalborg.dk\/index.php\/wp-json\/wp\/v2\/comments?post=6877"}],"version-history":[{"count":1,"href":"https:\/\/barf-aalborg.dk\/index.php\/wp-json\/wp\/v2\/product\/6877\/revisions"}],"predecessor-version":[{"id":6881,"href":"https:\/\/barf-aalborg.dk\/index.php\/wp-json\/wp\/v2\/product\/6877\/revisions\/6881"}],"wp:featuredmedia":[{"embeddable":true,"href":"https:\/\/barf-aalborg.dk\/index.php\/wp-json\/wp\/v2\/media\/6880"}],"wp:attachment":[{"href":"https:\/\/barf-aalborg.dk\/index.php\/wp-json\/wp\/v2\/media?parent=6877"}],"wp:term":[{"taxonomy":"product_brand","embeddable":true,"href":"https:\/\/barf-aalborg.dk\/index.php\/wp-json\/wp\/v2\/product_brand?post=6877"},{"taxonomy":"product_cat","embeddable":true,"href":"https:\/\/barf-aalborg.dk\/index.php\/wp-json\/wp\/v2\/product_cat?post=6877"},{"taxonomy":"product_tag","embeddable":true,"href":"https:\/\/barf-aalborg.dk\/index.php\/wp-json\/wp\/v2\/product_tag?post=6877"}],"curies":[{"name":"wp","href":"https:\/\/api.w.org\/{rel}","templated":true}]}}