{"id":6871,"date":"2025-06-18T06:31:40","date_gmt":"2025-06-18T04:31:40","guid":{"rendered":"https:\/\/barf-aalborg.dk\/?post_type=product&#038;p=6871"},"modified":"2025-06-18T06:31:41","modified_gmt":"2025-06-18T04:31:41","slug":"belcando-adult-gf-and","status":"publish","type":"product","link":"https:\/\/barf-aalborg.dk\/index.php\/vare\/belcando-adult-gf-and\/","title":{"rendered":"BELCANDO Adult GF And"},"content":{"rendered":"<p>BELCANDO Adult GF And \u2013 er med ekstra frisk and.<\/p>\n<p>Denne premium formel er kornfri og fyldt med gode ingredienser.<\/p>\n<p>&nbsp;<\/p>\n<p>Den ern\u00e6ringsm\u00e6ssige alternativ til hunde, der er gluten eller korn intolerante. I denne opskrift, er korn blevet erstattet af amaranth af h\u00f8j kvalitet. Amaranth er en af \u200b\u200bde \u00e6ldste landbrugsafgr\u00f8der og blev v\u00e6rdsat af aztekerne for sin styrkegivende egenskab.<\/p>\n<p>N\u00e5r det kombineres med de n\u00e6rende chia fr\u00f8, som ogs\u00e5 er en af \u200b\u200bde tidlige basisf\u00f8devarer, giver det en s\u00e6rlig afbalanceret opskrift. Med begr\u00e6nset protein og fedt er BELCANDO Adult GF And velegnet til at d\u00e6kke de behov, som findes hos hunde med normalt aktivitetsniveau.<br \/>\nTil hunde, som er f\u00f8lsomme over for korn og er normalt aktive.<\/p>\n<p>&nbsp;<\/p>\n<p><b>Sammens\u00e6tning:<\/b><b><\/b><\/p>\n<p>Frisk andek\u00f8d (40 %); andeprotein \u00a0(18 %); amaranth (17 %); kartoffelstivelse; \u00e6rtemel; havets dyreplankton (krill) (2,5 %); druekerner; \u00f8lg\u00e6r, (2,5 %); knust johannesbr\u00f8d, (2,5 %); fjerkr\u00e6sfedt chiafr\u00f8; \u00f8lg\u00e6r ,; natriumchlorid; urter \u00a0(br\u00e6nden\u00e6ldeblade, ensianrod, tusindgylden urt, kamille, fennikel, mistelurt, r\u00f8llikeurt, bromb\u00e6rblade) (0,2 %); T\u00f8rret yuccaekstrakt<\/p>\n<p><b>Analytiske bestanddele:<\/b><b><\/b><\/p>\n<p>Protein 25 %; fedtindhold 14 %; r\u00e5aske 7,5 %; r\u00e5fibre 3,2 %; vand 10 %; calcium 1,5 %; phosphor 1 %; natrium 0,3 %<\/p>\n<p><b>Ern\u00e6ringsfysiologiske tils\u00e6tningsstoffer:<\/b><br \/>\nVitamin A 15.000 IE; vitamin D3 1.500 IE; vitamin E 150 mg; taurin 500 mg; kobber (som kobber(II)sulfat, pentahydrat) 12,5 mg; jern (som jern(II)sulfat, monohydrat) 200 mg; mangan (som mangan-(II)-oxid) 40 mg; zink (som zinkoxid) 125 mg; iod (som calciumjodat, vandfrit) 2 mg; selen (som natriumselenit) 0,05 mg<\/p>\n<p><b>Teknologiske tils\u00e6tningsstoffer:<\/b><br \/>\nTocopherolekstrakt fra vegetabilske olier (naturligt vitamin E) 48 mg<\/p>\n<p><b>Fodringsanbefaling:<\/b><b><\/b><\/p>\n<p><b>Anbefalede foderm\u00e6ngder &#8211; Udvokset<\/b><b><\/b><\/p>\n<p>Giv foderet t\u00f8rt. S\u00f8rg altid for frisk drikkevand.<\/p>\n<table border=\"0\" cellpadding=\"0\" align=\"left\">\n<tbody>\n<tr>\n<td><b>Optimal v\u00e6gt (kg)<\/b><\/td>\n<td><b>Normal aktiv (g)<\/b><\/td>\n<td><b>\u00d8get aktivitet (g)<\/b><\/td>\n<\/tr>\n<tr>\n<td>3<\/td>\n<td>70<\/td>\n<td>80<\/td>\n<\/tr>\n<tr>\n<td>5<\/td>\n<td>100<\/td>\n<td>120<\/td>\n<\/tr>\n<tr>\n<td>10<\/td>\n<td>170<\/td>\n<td>200<\/td>\n<\/tr>\n<tr>\n<td>15<\/td>\n<td>230<\/td>\n<td>260<\/td>\n<\/tr>\n<tr>\n<td>20<\/td>\n<td>290<\/td>\n<td>330<\/td>\n<\/tr>\n<tr>\n<td>25<\/td>\n<td>340<\/td>\n<td>390<\/td>\n<\/tr>\n<tr>\n<td>35<\/td>\n<td>440<\/td>\n<td>500<\/td>\n<\/tr>\n<tr>\n<td>50<\/td>\n<td>570<\/td>\n<td>650<\/td>\n<\/tr>\n<tr>\n<td>65<\/td>\n<td>700<\/td>\n<td>790<\/td>\n<\/tr>\n<tr>\n<td>80<\/td>\n<td>820<\/td>\n<td>930<\/td>\n<\/tr>\n<\/tbody>\n<\/table>\n","protected":false},"excerpt":{"rendered":"<p>BELCANDO Adult GF And \u2013 er med ekstra frisk and. Denne premium formel er kornfri og fyldt med gode ingredienser. &nbsp; Den ern\u00e6ringsm\u00e6ssige alternativ til hunde, der er gluten eller korn intolerante. I denne opskrift, er korn blevet erstattet af amaranth af h\u00f8j kvalitet. Amaranth er en af \u200b\u200bde \u00e6ldste landbrugsafgr\u00f8der og blev v\u00e6rdsat af [&hellip;]<\/p>\n","protected":false},"featured_media":6872,"comment_status":"open","ping_status":"closed","template":"","meta":[],"product_brand":[208],"product_cat":[260,17],"product_tag":[20,65],"class_list":{"0":"post-6871","1":"product","2":"type-product","3":"status-publish","4":"has-post-thumbnail","6":"product_brand-belcando","7":"product_cat-belcando","8":"product_cat-toerfoder","9":"product_tag-hundefoder","10":"product_tag-kornfrit-toerfoder-til-hunde","11":"pa_kilo-285","12":"pa_kilo-287","13":"pa_kilo-307","15":"first","16":"instock","17":"taxable","18":"shipping-taxable","19":"purchasable","20":"product-type-variable"},"_links":{"self":[{"href":"https:\/\/barf-aalborg.dk\/index.php\/wp-json\/wp\/v2\/product\/6871","targetHints":{"allow":["GET"]}}],"collection":[{"href":"https:\/\/barf-aalborg.dk\/index.php\/wp-json\/wp\/v2\/product"}],"about":[{"href":"https:\/\/barf-aalborg.dk\/index.php\/wp-json\/wp\/v2\/types\/product"}],"replies":[{"embeddable":true,"href":"https:\/\/barf-aalborg.dk\/index.php\/wp-json\/wp\/v2\/comments?post=6871"}],"version-history":[{"count":1,"href":"https:\/\/barf-aalborg.dk\/index.php\/wp-json\/wp\/v2\/product\/6871\/revisions"}],"predecessor-version":[{"id":6876,"href":"https:\/\/barf-aalborg.dk\/index.php\/wp-json\/wp\/v2\/product\/6871\/revisions\/6876"}],"wp:featuredmedia":[{"embeddable":true,"href":"https:\/\/barf-aalborg.dk\/index.php\/wp-json\/wp\/v2\/media\/6872"}],"wp:attachment":[{"href":"https:\/\/barf-aalborg.dk\/index.php\/wp-json\/wp\/v2\/media?parent=6871"}],"wp:term":[{"taxonomy":"product_brand","embeddable":true,"href":"https:\/\/barf-aalborg.dk\/index.php\/wp-json\/wp\/v2\/product_brand?post=6871"},{"taxonomy":"product_cat","embeddable":true,"href":"https:\/\/barf-aalborg.dk\/index.php\/wp-json\/wp\/v2\/product_cat?post=6871"},{"taxonomy":"product_tag","embeddable":true,"href":"https:\/\/barf-aalborg.dk\/index.php\/wp-json\/wp\/v2\/product_tag?post=6871"}],"curies":[{"name":"wp","href":"https:\/\/api.w.org\/{rel}","templated":true}]}}