{"id":6866,"date":"2025-06-18T06:46:38","date_gmt":"2025-06-18T04:46:38","guid":{"rendered":"https:\/\/barf-aalborg.dk\/?post_type=product&#038;p=6866"},"modified":"2025-06-28T12:28:28","modified_gmt":"2025-06-28T10:28:28","slug":"d-tox-pet","status":"publish","type":"product","link":"https:\/\/barf-aalborg.dk\/index.php\/vare\/d-tox-pet\/","title":{"rendered":"D-Tox Pet"},"content":{"rendered":"<p>D-Tox er f\u00f8rstehj\u00e6lp til hunden, som er udsat for forgiftning.<\/p>\n<p><strong>Brugsanvisning:<\/strong><br \/>\nD-ToxPet gives ved hj\u00e6lp af den brugervenlige doseringsspr\u00f8jte, som er en del af produktets emballage. F\u00f8r administration indstilles spr\u00f8jten til den \u00f8nskede m\u00e6ngde, som angivet i doseringsskemaet. Den afm\u00e5lte m\u00e6ngde D-ToxPet placeres p\u00e5 hundens tunge eller oven p\u00e5 foderet.<br \/>\nSelve administrationen er ukompliceret, da hundene som regel kan lide D-ToxPet.<\/p>\n<p>D-ToxPet b\u00f8r opbevares ved normal stuetemperatur og beskyttes mod direkte sollys. Luk spr\u00f8jten efter brug.<\/p>\n<p><strong>Dosering<\/strong><br \/>\nDoseringen fremg\u00e5r af tabellen nedenfor:<\/p>\n<table style=\"width: 94.5078%;\" width=\"100%\">\n<tbody>\n<tr>\n<td style=\"width: 34.1088%;\">\u00a0Dyrets v\u00e6gt<\/td>\n<td style=\"width: 30.5599%;\">\u00a0Anbefalet dosering<\/td>\n<td style=\"width: 34.7003%;\">Bem\u00e6rkninger fra dyrl\u00e6gen<\/td>\n<\/tr>\n<tr>\n<td style=\"width: 34.1088%;\">1\u201210 kg<\/td>\n<td style=\"width: 30.5599%;\">15 ml<\/td>\n<td style=\"width: 34.7003%;\"><\/td>\n<\/tr>\n<tr>\n<td style=\"width: 34.1088%;\">10\u201225 kg<\/td>\n<td style=\"width: 30.5599%;\">15 ml<\/td>\n<td style=\"width: 34.7003%;\"><\/td>\n<\/tr>\n<tr>\n<td style=\"width: 34.1088%;\">25\u201250 kg<\/td>\n<td style=\"width: 30.5599%;\">15 ml<\/td>\n<td style=\"width: 34.7003%;\"><\/td>\n<\/tr>\n<tr>\n<td style=\"width: 34.1088%;\">over 50 kg<\/td>\n<td style=\"width: 30.5599%;\">15 ml<\/td>\n<td style=\"width: 34.7003%;\"><\/td>\n<\/tr>\n<\/tbody>\n<\/table>\n<p>\u2022 \u00a0Anbefalet dosis er den samme uanset dyrets v\u00e6gt: 15 ml pr. dosering.<br \/>\n\u2022 \u00a0Ved utilsigtet indtagelse af nikotin eller andre giftige stoffer anbefales<br \/>\ndet at give 30 ml pr. dosering.<\/p>\n<p><strong>Vigtigt:<\/strong><br \/>\n\u2022 \u00a0Tving ikke hunden til at spise.<br \/>\n\u2022 \u00a0Kontakt som altid straks dyrl\u00e6gen ved mistanke om forgiftninger<br \/>\n\u2013 din dyrl\u00e6ge hj\u00e6lper dig bedst videre.<\/p>\n<p>D-ToxPet indeholder 250 mg\/g aktivt kul i mikrogranulat<br \/>\nD-ToxPet indeholder 125 mg\/g diatomit<br \/>\nD-ToxPet kan anvendes til alle hunde<br \/>\nD-ToxPet er velsmagende og spises villigt af hundene<\/p>\n","protected":false},"excerpt":{"rendered":"<p>D-Tox er f\u00f8rstehj\u00e6lp til hunden, som er udsat for forgiftning. Brugsanvisning: D-ToxPet gives ved hj\u00e6lp af den brugervenlige doseringsspr\u00f8jte, som er en del af produktets emballage. F\u00f8r administration indstilles spr\u00f8jten til den \u00f8nskede m\u00e6ngde, som angivet i doseringsskemaet. Den afm\u00e5lte m\u00e6ngde D-ToxPet placeres p\u00e5 hundens tunge eller oven p\u00e5 foderet. Selve administrationen er ukompliceret, da [&hellip;]<\/p>\n","protected":false},"featured_media":6869,"comment_status":"open","ping_status":"closed","template":"","meta":[],"product_brand":[415],"product_cat":[338],"product_tag":[417],"class_list":{"0":"post-6866","1":"product","2":"type-product","3":"status-publish","4":"has-post-thumbnail","6":"product_brand-chemvet","7":"product_cat-sikkerhed","8":"product_tag-d-tox-pet","10":"first","11":"instock","12":"taxable","13":"shipping-taxable","14":"purchasable","15":"product-type-simple"},"_links":{"self":[{"href":"https:\/\/barf-aalborg.dk\/index.php\/wp-json\/wp\/v2\/product\/6866","targetHints":{"allow":["GET"]}}],"collection":[{"href":"https:\/\/barf-aalborg.dk\/index.php\/wp-json\/wp\/v2\/product"}],"about":[{"href":"https:\/\/barf-aalborg.dk\/index.php\/wp-json\/wp\/v2\/types\/product"}],"replies":[{"embeddable":true,"href":"https:\/\/barf-aalborg.dk\/index.php\/wp-json\/wp\/v2\/comments?post=6866"}],"version-history":[{"count":1,"href":"https:\/\/barf-aalborg.dk\/index.php\/wp-json\/wp\/v2\/product\/6866\/revisions"}],"predecessor-version":[{"id":6867,"href":"https:\/\/barf-aalborg.dk\/index.php\/wp-json\/wp\/v2\/product\/6866\/revisions\/6867"}],"wp:featuredmedia":[{"embeddable":true,"href":"https:\/\/barf-aalborg.dk\/index.php\/wp-json\/wp\/v2\/media\/6869"}],"wp:attachment":[{"href":"https:\/\/barf-aalborg.dk\/index.php\/wp-json\/wp\/v2\/media?parent=6866"}],"wp:term":[{"taxonomy":"product_brand","embeddable":true,"href":"https:\/\/barf-aalborg.dk\/index.php\/wp-json\/wp\/v2\/product_brand?post=6866"},{"taxonomy":"product_cat","embeddable":true,"href":"https:\/\/barf-aalborg.dk\/index.php\/wp-json\/wp\/v2\/product_cat?post=6866"},{"taxonomy":"product_tag","embeddable":true,"href":"https:\/\/barf-aalborg.dk\/index.php\/wp-json\/wp\/v2\/product_tag?post=6866"}],"curies":[{"name":"wp","href":"https:\/\/api.w.org\/{rel}","templated":true}]}}