{"id":6859,"date":"2025-05-27T17:11:33","date_gmt":"2025-05-27T15:11:33","guid":{"rendered":"https:\/\/barf-aalborg.dk\/?post_type=product&#038;p=6859"},"modified":"2025-06-20T16:59:08","modified_gmt":"2025-06-20T14:59:08","slug":"belcando-sp-daasemad-hest","status":"publish","type":"product","link":"https:\/\/barf-aalborg.dk\/index.php\/vare\/belcando-sp-daasemad-hest\/","title":{"rendered":"Belcando SP D\u00e5semad Hest"},"content":{"rendered":"<p><b>Premium &#8211; Single Protein &#8211; d\u00e5semad<\/b>\u200b<\/p>\n<p>F\u00e5s i seks udvalgte varianter af k\u00f8d uden tils\u00e6tningsstoffer.<\/p>\n<p>Kombineret med\u00a0BELCANDO\u00ae GF Mix It\u00a0kan denne Single protein d\u00e5semad bruges til diagnose (udelukkelses kost) eller som permanent ern\u00e6ring til hunde med foder intolerance.<\/p>\n<ul>\n<li>ideel til barf fodring.<\/li>\n<li>ideel som proteinkilde i eliminationsdi\u00e6ter.<\/li>\n<\/ul>\n<p><b>\u00a0<\/b><b><\/b><\/p>\n<p><b>Hest<\/b><b>\u00a0<\/b><b><\/b><\/p>\n<p><b>Sammens\u00e6tning: <\/b>Hest- k\u00f8d, hjerte, mave, lever, lunge (73%); K\u00f8d bouillon af hestek\u00f8d (27%).<\/p>\n<p>&nbsp;<\/p>\n<p><b>Analytiske bestanddele: <\/b>Protein 12%,\u00a0fedtindhold 6%,\u00a0r\u00e5aske 1,5%,\u00a0r\u00e5fibre 0,4%,\u00a0vand 78%<\/p>\n<p>&nbsp;<\/p>\n<p><b>Fodringsanbefaling:<\/b><\/p>\n<table>\n<tbody>\n<tr>\n<td valign=\"top\" width=\"104\">\n<p align=\"center\">Hund \/ V\u00e6gt<\/p>\n<\/td>\n<td valign=\"top\" width=\"151\">\n<p align=\"center\">Foderm\u00e6ngde pr. dag<\/p>\n<\/td>\n<\/tr>\n<tr>\n<td valign=\"top\" width=\"104\">\n<p align=\"center\">3-5 kg*<\/p>\n<\/td>\n<td valign=\"top\" width=\"151\">\n<p align=\"center\">80 &#8211; 100 g<\/p>\n<\/td>\n<\/tr>\n<tr>\n<td valign=\"top\" width=\"104\">\n<p align=\"center\">5-10 kg*<\/p>\n<\/td>\n<td valign=\"top\" width=\"151\">\n<p align=\"center\">100 &#8211; 160 g<\/p>\n<\/td>\n<\/tr>\n<tr>\n<td valign=\"top\" width=\"104\">\n<p align=\"center\">10-15 kg*<\/p>\n<\/td>\n<td valign=\"top\" width=\"151\">\n<p align=\"center\">160 &#8211; 240 g<\/p>\n<\/td>\n<\/tr>\n<tr>\n<td valign=\"top\" width=\"104\">\n<p align=\"center\">15-20 kg*<\/p>\n<\/td>\n<td valign=\"top\" width=\"151\">\n<p align=\"center\">240 &#8211; 300 g<\/p>\n<\/td>\n<\/tr>\n<tr>\n<td valign=\"top\" width=\"104\">\n<p align=\"center\">20-25 kg*<\/p>\n<\/td>\n<td valign=\"top\" width=\"151\">\n<p align=\"center\">300 &#8211; 360 g<\/p>\n<\/td>\n<\/tr>\n<tr>\n<td valign=\"top\" width=\"104\">\n<p align=\"center\">25-35 kg*<\/p>\n<\/td>\n<td valign=\"top\" width=\"151\">\n<p align=\"center\">360 &#8211; 440 g<\/p>\n<\/td>\n<\/tr>\n<tr>\n<td valign=\"top\" width=\"104\">\n<p align=\"center\">35-50 kg*<\/p>\n<\/td>\n<td valign=\"top\" width=\"151\">\n<p align=\"center\">440 &#8211; 600 g<\/p>\n<\/td>\n<\/tr>\n<tr>\n<td valign=\"top\" width=\"104\">\n<p align=\"center\">50-65 kg*<\/p>\n<\/td>\n<td valign=\"top\" width=\"151\">\n<p align=\"center\">600 &#8211; 800 g<\/p>\n<\/td>\n<\/tr>\n<tr>\n<td valign=\"top\" width=\"104\">\n<p align=\"center\">65-80 kg*<\/p>\n<\/td>\n<td valign=\"top\" width=\"151\">\n<p align=\"center\">800 &#8211; 900 g<\/p>\n<\/td>\n<\/tr>\n<\/tbody>\n<\/table>\n<p>&nbsp;<\/p>\n<p><strong>Anbefalede foderm\u00e6ngder pr. dyr i g\/dag<\/strong><br \/>\nFor en afbalanceret kost, tilf\u00f8j halvdelen af m\u00e6ngden BELCANDO\u00ae GF Mix It (g).<br \/>\n*V\u00e6gt, udvokset.<\/p>\n","protected":false},"excerpt":{"rendered":"<p>Premium &#8211; Single Protein &#8211; d\u00e5semad\u200b F\u00e5s i seks udvalgte varianter af k\u00f8d uden tils\u00e6tningsstoffer. Kombineret med\u00a0BELCANDO\u00ae GF Mix It\u00a0kan denne Single protein d\u00e5semad bruges til diagnose (udelukkelses kost) eller som permanent ern\u00e6ring til hunde med foder intolerance. ideel til barf fodring. ideel som proteinkilde i eliminationsdi\u00e6ter. \u00a0 Hest\u00a0 Sammens\u00e6tning: Hest- k\u00f8d, hjerte, mave, lever, [&hellip;]<\/p>\n","protected":false},"featured_media":6860,"comment_status":"open","ping_status":"closed","template":"","meta":[],"product_brand":[208],"product_cat":[413],"product_tag":[161],"class_list":{"0":"post-6859","1":"product","2":"type-product","3":"status-publish","4":"has-post-thumbnail","6":"product_brand-belcando","7":"product_cat-vaadfoder","8":"product_tag-vaadfoder-til-hunde","9":"pa_kilo-200-gr","10":"pa_kilo-400-gr","12":"first","13":"instock","14":"taxable","15":"shipping-taxable","16":"purchasable","17":"product-type-variable"},"_links":{"self":[{"href":"https:\/\/barf-aalborg.dk\/index.php\/wp-json\/wp\/v2\/product\/6859","targetHints":{"allow":["GET"]}}],"collection":[{"href":"https:\/\/barf-aalborg.dk\/index.php\/wp-json\/wp\/v2\/product"}],"about":[{"href":"https:\/\/barf-aalborg.dk\/index.php\/wp-json\/wp\/v2\/types\/product"}],"replies":[{"embeddable":true,"href":"https:\/\/barf-aalborg.dk\/index.php\/wp-json\/wp\/v2\/comments?post=6859"}],"version-history":[{"count":3,"href":"https:\/\/barf-aalborg.dk\/index.php\/wp-json\/wp\/v2\/product\/6859\/revisions"}],"predecessor-version":[{"id":6883,"href":"https:\/\/barf-aalborg.dk\/index.php\/wp-json\/wp\/v2\/product\/6859\/revisions\/6883"}],"wp:featuredmedia":[{"embeddable":true,"href":"https:\/\/barf-aalborg.dk\/index.php\/wp-json\/wp\/v2\/media\/6860"}],"wp:attachment":[{"href":"https:\/\/barf-aalborg.dk\/index.php\/wp-json\/wp\/v2\/media?parent=6859"}],"wp:term":[{"taxonomy":"product_brand","embeddable":true,"href":"https:\/\/barf-aalborg.dk\/index.php\/wp-json\/wp\/v2\/product_brand?post=6859"},{"taxonomy":"product_cat","embeddable":true,"href":"https:\/\/barf-aalborg.dk\/index.php\/wp-json\/wp\/v2\/product_cat?post=6859"},{"taxonomy":"product_tag","embeddable":true,"href":"https:\/\/barf-aalborg.dk\/index.php\/wp-json\/wp\/v2\/product_tag?post=6859"}],"curies":[{"name":"wp","href":"https:\/\/api.w.org\/{rel}","templated":true}]}}