{"id":6845,"date":"2025-05-27T16:46:40","date_gmt":"2025-05-27T14:46:40","guid":{"rendered":"https:\/\/barf-aalborg.dk\/?post_type=product&#038;p=6845"},"modified":"2026-04-01T09:13:08","modified_gmt":"2026-04-01T07:13:08","slug":"mastercraft-topping-and-100-gr","status":"publish","type":"product","link":"https:\/\/barf-aalborg.dk\/index.php\/vare\/mastercraft-topping-and-100-gr\/","title":{"rendered":"Mastercraft Topping and 100 gr."},"content":{"rendered":"<p><strong>Topping and 100 gr.\u00a0<\/strong><br \/>\nDe nye\u00a0Belcando Mastercraft\u00a0toppings tillader dig at tilf\u00f8je prikken over i&#8217;et til enhver t\u00f8rfoder menu. De friske k\u00f8d terninger er forsigtigt kogt i deres egen saft og blandet med nogle gr\u00f8ntsager.<br \/>\nDet betyder, at deres energit\u00e6thed er lavere end den for en\u00a0konventionel v\u00e5dfoder. Toppings er &#8220;supplerende foder til t\u00f8rfoder&#8221; &#8211; dette giver dig mulighed for at lave t\u00f8rfoderet om til en frisk og<br \/>\nnaturlig smagseksplosion til din hund.\u00a0Velsmagende, frisk og saftig. Vi garanterer at din hund vil vise dig, hvor meget han ser\u00a0frem til sin friske middag med sin adf\u00e6rd, mens du g\u00f8r maden klar.<\/p>\n<p><strong>Sammens\u00e6tning:<\/strong><br \/>\nAndek\u00f8d, hjerte\u00a050%,\u00a0Bouillon fra and\u00a044%,\u00a0s\u00f8de kartoffel\u00a06%<\/p>\n<p><strong>Analyse:<\/strong><br \/>\nR\u00e5protein 9%,\u00a0R\u00e5fedt 3%,\u00a0R\u00e5aske\u00a00.5%,\u00a0R\u00e5fiber 0.1%,\u00a0Vand 85%<\/p>\n<p><strong>Fodringsanbefalinger:<\/strong><br \/>\nDette fodertilskud skal anvendes sammen med et afbalanceret komplet foder, som f.eks. Belcando Mastercraft t\u00f8rfoder. En pose af Belcando Mastercraft topping indeholder<br \/>\nden samme m\u00e6ngde energi som 20 g\u00a0Belcando Mastercraft t\u00f8rfoder.<\/p>\n","protected":false},"excerpt":{"rendered":"<p>Topping and 100 gr.\u00a0 De nye\u00a0Belcando Mastercraft\u00a0toppings tillader dig at tilf\u00f8je prikken over i&#8217;et til enhver t\u00f8rfoder menu. De friske k\u00f8d terninger er forsigtigt kogt i deres egen saft og blandet med nogle gr\u00f8ntsager. Det betyder, at deres energit\u00e6thed er lavere end den for en\u00a0konventionel v\u00e5dfoder. Toppings er &#8220;supplerende foder til t\u00f8rfoder&#8221; &#8211; dette giver [&hellip;]<\/p>\n","protected":false},"featured_media":6846,"comment_status":"open","ping_status":"closed","template":"","meta":[],"product_brand":[208],"product_cat":[413],"product_tag":[161],"class_list":{"0":"post-6845","1":"product","2":"type-product","3":"status-publish","4":"has-post-thumbnail","6":"product_brand-belcando","7":"product_cat-vaadfoder","8":"product_tag-vaadfoder-til-hunde","10":"first","11":"instock","12":"taxable","13":"shipping-taxable","14":"purchasable","15":"product-type-simple"},"_links":{"self":[{"href":"https:\/\/barf-aalborg.dk\/index.php\/wp-json\/wp\/v2\/product\/6845","targetHints":{"allow":["GET"]}}],"collection":[{"href":"https:\/\/barf-aalborg.dk\/index.php\/wp-json\/wp\/v2\/product"}],"about":[{"href":"https:\/\/barf-aalborg.dk\/index.php\/wp-json\/wp\/v2\/types\/product"}],"replies":[{"embeddable":true,"href":"https:\/\/barf-aalborg.dk\/index.php\/wp-json\/wp\/v2\/comments?post=6845"}],"version-history":[{"count":1,"href":"https:\/\/barf-aalborg.dk\/index.php\/wp-json\/wp\/v2\/product\/6845\/revisions"}],"predecessor-version":[{"id":6848,"href":"https:\/\/barf-aalborg.dk\/index.php\/wp-json\/wp\/v2\/product\/6845\/revisions\/6848"}],"wp:featuredmedia":[{"embeddable":true,"href":"https:\/\/barf-aalborg.dk\/index.php\/wp-json\/wp\/v2\/media\/6846"}],"wp:attachment":[{"href":"https:\/\/barf-aalborg.dk\/index.php\/wp-json\/wp\/v2\/media?parent=6845"}],"wp:term":[{"taxonomy":"product_brand","embeddable":true,"href":"https:\/\/barf-aalborg.dk\/index.php\/wp-json\/wp\/v2\/product_brand?post=6845"},{"taxonomy":"product_cat","embeddable":true,"href":"https:\/\/barf-aalborg.dk\/index.php\/wp-json\/wp\/v2\/product_cat?post=6845"},{"taxonomy":"product_tag","embeddable":true,"href":"https:\/\/barf-aalborg.dk\/index.php\/wp-json\/wp\/v2\/product_tag?post=6845"}],"curies":[{"name":"wp","href":"https:\/\/api.w.org\/{rel}","templated":true}]}}