{"id":6830,"date":"2025-05-27T16:39:43","date_gmt":"2025-05-27T14:39:43","guid":{"rendered":"https:\/\/barf-aalborg.dk\/?post_type=product&#038;p=6830"},"modified":"2026-04-01T09:13:08","modified_gmt":"2026-04-01T07:13:08","slug":"mastercraft-topping-lam-100-gr","status":"publish","type":"product","link":"https:\/\/barf-aalborg.dk\/index.php\/vare\/mastercraft-topping-lam-100-gr\/","title":{"rendered":"Mastercraft Topping lam 100 gr."},"content":{"rendered":"<p style=\"text-align: left;\" align=\"center\"><strong>Topping lam 100 gr.\u00a0<\/strong><br \/>\nDe nye\u00a0Belcando Mastercraft\u00a0toppings tillader dig at tilf\u00f8je prikken over i&#8217;et til enhver t\u00f8rfoder menu. De friske k\u00f8d terninger er forsigtigt kogt i deres egen saft og blandet med nogle gr\u00f8ntsager.Det betyder, at deres<br \/>\nenergit\u00e6thed er lavere end den for en\u00a0konventionel v\u00e5dfoder. Toppings er &#8220;supplerende foder til t\u00f8rfoder&#8221; &#8211; dette giver dig mulighed for at lave t\u00f8rfoderet om til en frisk ognaturlig smagseksplosion til din<br \/>\nhund.\u00a0Velsmagende, frisk og saftig. Vi garanterer at din hund vil vise dig, hvor meget han ser\u00a0frem til sin friske middag med sin adf\u00e6rd, mens du g\u00f8r maden klar.<strong><\/p>\n<p>Sammens\u00e6tning:<\/strong><br \/>\nLammek\u00f8d, hjerte 50%, Lamme bouillon 44%, \u00c6rter 6%<\/p>\n<p style=\"text-align: left;\" align=\"center\"><strong>Analyse:<\/strong><br \/>\nR\u00e5protein 9%,\u00a0R\u00e5fedt\u00a05%,\u00a0R\u00e5aske\u00a00.5%,\u00a0R\u00e5fiber 0.%,\u00a0Vand 85%<\/p>\n<p><strong>Fodringsanbefalinger:<\/strong><br \/>\nDette fodertilskud skal anvendes sammen med et afbalanceret komplet foder, som f.eks. Belcando Mastercraft t\u00f8rfoder. En pose af Belcando Mastercraft topping indeholder<br \/>\nden samme m\u00e6ngde energi som 20 g\u00a0Belcando Mastercraft t\u00f8rfoder.<\/p>\n","protected":false},"excerpt":{"rendered":"<p>Topping lam 100 gr.\u00a0 De nye\u00a0Belcando Mastercraft\u00a0toppings tillader dig at tilf\u00f8je prikken over i&#8217;et til enhver t\u00f8rfoder menu. De friske k\u00f8d terninger er forsigtigt kogt i deres egen saft og blandet med nogle gr\u00f8ntsager.Det betyder, at deres energit\u00e6thed er lavere end den for en\u00a0konventionel v\u00e5dfoder. Toppings er &#8220;supplerende foder til t\u00f8rfoder&#8221; &#8211; dette giver dig [&hellip;]<\/p>\n","protected":false},"featured_media":6832,"comment_status":"open","ping_status":"closed","template":"","meta":[],"product_brand":[208],"product_cat":[413],"product_tag":[161],"class_list":{"0":"post-6830","1":"product","2":"type-product","3":"status-publish","4":"has-post-thumbnail","6":"product_brand-belcando","7":"product_cat-vaadfoder","8":"product_tag-vaadfoder-til-hunde","10":"first","11":"instock","12":"taxable","13":"shipping-taxable","14":"purchasable","15":"product-type-simple"},"_links":{"self":[{"href":"https:\/\/barf-aalborg.dk\/index.php\/wp-json\/wp\/v2\/product\/6830","targetHints":{"allow":["GET"]}}],"collection":[{"href":"https:\/\/barf-aalborg.dk\/index.php\/wp-json\/wp\/v2\/product"}],"about":[{"href":"https:\/\/barf-aalborg.dk\/index.php\/wp-json\/wp\/v2\/types\/product"}],"replies":[{"embeddable":true,"href":"https:\/\/barf-aalborg.dk\/index.php\/wp-json\/wp\/v2\/comments?post=6830"}],"version-history":[{"count":1,"href":"https:\/\/barf-aalborg.dk\/index.php\/wp-json\/wp\/v2\/product\/6830\/revisions"}],"predecessor-version":[{"id":6834,"href":"https:\/\/barf-aalborg.dk\/index.php\/wp-json\/wp\/v2\/product\/6830\/revisions\/6834"}],"wp:featuredmedia":[{"embeddable":true,"href":"https:\/\/barf-aalborg.dk\/index.php\/wp-json\/wp\/v2\/media\/6832"}],"wp:attachment":[{"href":"https:\/\/barf-aalborg.dk\/index.php\/wp-json\/wp\/v2\/media?parent=6830"}],"wp:term":[{"taxonomy":"product_brand","embeddable":true,"href":"https:\/\/barf-aalborg.dk\/index.php\/wp-json\/wp\/v2\/product_brand?post=6830"},{"taxonomy":"product_cat","embeddable":true,"href":"https:\/\/barf-aalborg.dk\/index.php\/wp-json\/wp\/v2\/product_cat?post=6830"},{"taxonomy":"product_tag","embeddable":true,"href":"https:\/\/barf-aalborg.dk\/index.php\/wp-json\/wp\/v2\/product_tag?post=6830"}],"curies":[{"name":"wp","href":"https:\/\/api.w.org\/{rel}","templated":true}]}}