{"id":6818,"date":"2025-05-27T16:11:44","date_gmt":"2025-05-27T14:11:44","guid":{"rendered":"https:\/\/barf-aalborg.dk\/?post_type=product&#038;p=6818"},"modified":"2026-04-01T09:13:04","modified_gmt":"2026-04-01T07:13:04","slug":"udos-choice-oil-500ml","status":"publish","type":"product","link":"https:\/\/barf-aalborg.dk\/index.php\/vare\/udos-choice-oil-500ml\/","title":{"rendered":"Udo\u00b4s Choice Oil 500ml"},"content":{"rendered":"<p>Udo&#8217;s Choice Oil Omega 3-6-9 er en certificeret \u00f8kologisk olieblanding som er en kilde til et h\u00f8jt indhold af Omega-3-fedsyrer og med et h\u00f8jt indhold af flerum\u00e6ttet fedt.<\/p>\n<p>Det er en unik blanding af \u00f8kologiske olier og ern\u00e6ringsm\u00e6ssige sekund\u00e6re stoffer som opfylder kroppens behov for de essentielle fedstyrer Omega 3 og Omega 6.<\/p>\n<p>H\u00d8RFR\u00d8OLIE*, Solsikkeolie*, SESAMOLIE*, Kokosolie*, K\u00e6mpenatlysolie*, Risklidolie*, emulgator (SOJALECITHIN*), HAVREKLIDOLIE*, Antioxidant (tocopherolrig ekstrakt)<\/p>\n<p>Kan indeholde spor af sennep og hvede<\/p>\n<p>Er der angivet en * ved en ingrediens, er den 100% \u00f8kologisk.<\/p>\n<p>Skal opbevares p\u00e5 k\u00f8l, t\u00e5ler dog stuetemperatur kortvarigt.<\/p>\n<p class=\"textAlignLeft\" data-block-uuid=\"364e505e-a868-4db7-bb21-f32fbd8e7327\">Udo&#8217;s Choice Ultimate Oil Blend er en unik blanding af olier og n\u00e6ringsm\u00e6ssige, sekund\u00e6re stoffer, som opfylder kroppens behov for de essentielle fedtsyrer. Den best\u00e5r af certificeret \u00f8kologisk h\u00f8rfr\u00f8-, solsikke-, sesam-, kokos- og k\u00e6mpenatlysolie, som er mekanisk koldpresset uden at v\u00e6re udsat for ilt eller lys.<\/p>\n<p class=\"textAlignLeft\" data-block-uuid=\"364e505e-a868-4db7-bb21-f32fbd8e7327\">Presseprocessen er udviklet af FMD i Canada med henblik p\u00e5 at opn\u00e5 maksimal stabilitet og ern\u00e6ringsv\u00e6rdi.<\/p>\n<p class=\"textAlignLeft\" data-block-uuid=\"364e505e-a868-4db7-bb21-f32fbd8e7327\">Olien er p\u00e5fyldt glasflasker i et totalt lys- og iltfrit milj\u00f8 for maksimal friskhed.<\/p>\n","protected":false},"excerpt":{"rendered":"<p>Udo&#8217;s Choice Oil Omega 3-6-9 er en certificeret \u00f8kologisk olieblanding som er en kilde til et h\u00f8jt indhold af Omega-3-fedsyrer og med et h\u00f8jt indhold af flerum\u00e6ttet fedt. Det er en unik blanding af \u00f8kologiske olier og ern\u00e6ringsm\u00e6ssige sekund\u00e6re stoffer som opfylder kroppens behov for de essentielle fedstyrer Omega 3 og Omega 6. H\u00d8RFR\u00d8OLIE*, Solsikkeolie*, [&hellip;]<\/p>\n","protected":false},"featured_media":6819,"comment_status":"open","ping_status":"closed","template":"","meta":[],"product_brand":[411],"product_cat":[373,406],"product_tag":[412],"class_list":{"0":"post-6818","1":"product","2":"type-product","3":"status-publish","4":"has-post-thumbnail","6":"product_brand-udos-choice","7":"product_cat-foder-tilskud","8":"product_cat-olie","9":"product_tag-udos-choice-oil","11":"first","12":"instock","13":"taxable","14":"shipping-taxable","15":"purchasable","16":"product-type-simple"},"_links":{"self":[{"href":"https:\/\/barf-aalborg.dk\/index.php\/wp-json\/wp\/v2\/product\/6818","targetHints":{"allow":["GET"]}}],"collection":[{"href":"https:\/\/barf-aalborg.dk\/index.php\/wp-json\/wp\/v2\/product"}],"about":[{"href":"https:\/\/barf-aalborg.dk\/index.php\/wp-json\/wp\/v2\/types\/product"}],"replies":[{"embeddable":true,"href":"https:\/\/barf-aalborg.dk\/index.php\/wp-json\/wp\/v2\/comments?post=6818"}],"version-history":[{"count":2,"href":"https:\/\/barf-aalborg.dk\/index.php\/wp-json\/wp\/v2\/product\/6818\/revisions"}],"predecessor-version":[{"id":6821,"href":"https:\/\/barf-aalborg.dk\/index.php\/wp-json\/wp\/v2\/product\/6818\/revisions\/6821"}],"wp:featuredmedia":[{"embeddable":true,"href":"https:\/\/barf-aalborg.dk\/index.php\/wp-json\/wp\/v2\/media\/6819"}],"wp:attachment":[{"href":"https:\/\/barf-aalborg.dk\/index.php\/wp-json\/wp\/v2\/media?parent=6818"}],"wp:term":[{"taxonomy":"product_brand","embeddable":true,"href":"https:\/\/barf-aalborg.dk\/index.php\/wp-json\/wp\/v2\/product_brand?post=6818"},{"taxonomy":"product_cat","embeddable":true,"href":"https:\/\/barf-aalborg.dk\/index.php\/wp-json\/wp\/v2\/product_cat?post=6818"},{"taxonomy":"product_tag","embeddable":true,"href":"https:\/\/barf-aalborg.dk\/index.php\/wp-json\/wp\/v2\/product_tag?post=6818"}],"curies":[{"name":"wp","href":"https:\/\/api.w.org\/{rel}","templated":true}]}}