{"id":6810,"date":"2025-05-27T15:38:57","date_gmt":"2025-05-27T13:38:57","guid":{"rendered":"https:\/\/barf-aalborg.dk\/?post_type=product&#038;p=6810"},"modified":"2026-04-01T13:03:12","modified_gmt":"2026-04-01T11:03:12","slug":"schesir-grizzly-wild-lakseolie","status":"publish","type":"product","link":"https:\/\/barf-aalborg.dk\/index.php\/vare\/schesir-grizzly-wild-lakseolie\/","title":{"rendered":"Schesir Grizzly Wild Lakseolie"},"content":{"rendered":"<p>Schesir er fast besluttet p\u00e5 at udnytte hele fisken i deres produktion af dyrefoder, og har udviklet et parterskab med Grizzlys lakseolieproduktion til at udvinde lakseolie af deres biprodukter. Denne metode eliminerer behovet for at opdr\u00e6tte fisk til at fremstille olierne, og respekterer dyrebare marine ressourcer, samtidig med at det sikrer fiskeolie af s\u00e5 h\u00f8j kvalitet som muligt.<\/p>\n<p>Grizzly-produkter, som er det p\u00e5lidelige navn inden for omega-sundhed siden 2002, underst\u00f8ttes af evidensbaserede beviser og giver videnskabsbaserede fordele for k\u00e6ledyrene. Grizzly g\u00f8r det nemt at give omega-tilskud med god smag.<\/p>\n<p>Schesir Grizzly bruger 100% vildfanget fisk fra Alaskas uber\u00f8rte farvand. Sammenlignet med opdr\u00e6ttede fisk, tilbyder vildtfangede fisk flere omega 3 fedtsyrer, og er mere milj\u00f8m\u00e6ssigt ansvarlig. Opdr\u00e6ttede fisk indeholder mere omega 6, fedt og kalorier, og frigiver affald og kemikalier til milj\u00f8et.<\/p>\n<p><strong>Sammens\u00e6tning:\u00a0<\/strong><\/p>\n<p>Lakseolie 50 %, Alaska sej: 50%<\/p>\n<p><strong>Ern\u00e6ringsm\u00e6ssige bestanddele:\u00a0<\/strong><\/p>\n<p>Protein 0,5 %<\/p>\n<p>R\u00e5fedt 96 %<\/p>\n<p>R\u00e5aske 0,9 %<\/p>\n<p>R\u00e5fibre 0,2 %<\/p>\n<p>Omega 3: 26 %<\/p>\n<p>Omega 6: 2 %<\/p>\n<p>EPA: 14,5 %<\/p>\n<p>DHA: 9,1 %<\/p>\n","protected":false},"excerpt":{"rendered":"<p>Schesir er fast besluttet p\u00e5 at udnytte hele fisken i deres produktion af dyrefoder, og har udviklet et parterskab med Grizzlys lakseolieproduktion til at udvinde lakseolie af deres biprodukter. Denne metode eliminerer behovet for at opdr\u00e6tte fisk til at fremstille olierne, og respekterer dyrebare marine ressourcer, samtidig med at det sikrer fiskeolie af s\u00e5 h\u00f8j [&hellip;]<\/p>\n","protected":false},"featured_media":6811,"comment_status":"open","ping_status":"closed","template":"","meta":[],"product_brand":[220],"product_cat":[373,406],"product_tag":[407],"class_list":{"0":"post-6810","1":"product","2":"type-product","3":"status-publish","4":"has-post-thumbnail","6":"product_brand-grizzly","7":"product_cat-foder-tilskud","8":"product_cat-olie","9":"product_tag-vildlaks-olie","10":"pa_kilo-1000-ml","11":"pa_kilo-250-ml","12":"pa_kilo-500-ml","14":"first","15":"instock","16":"taxable","17":"shipping-taxable","18":"purchasable","19":"product-type-variable"},"_links":{"self":[{"href":"https:\/\/barf-aalborg.dk\/index.php\/wp-json\/wp\/v2\/product\/6810","targetHints":{"allow":["GET"]}}],"collection":[{"href":"https:\/\/barf-aalborg.dk\/index.php\/wp-json\/wp\/v2\/product"}],"about":[{"href":"https:\/\/barf-aalborg.dk\/index.php\/wp-json\/wp\/v2\/types\/product"}],"replies":[{"embeddable":true,"href":"https:\/\/barf-aalborg.dk\/index.php\/wp-json\/wp\/v2\/comments?post=6810"}],"version-history":[{"count":2,"href":"https:\/\/barf-aalborg.dk\/index.php\/wp-json\/wp\/v2\/product\/6810\/revisions"}],"predecessor-version":[{"id":6817,"href":"https:\/\/barf-aalborg.dk\/index.php\/wp-json\/wp\/v2\/product\/6810\/revisions\/6817"}],"wp:featuredmedia":[{"embeddable":true,"href":"https:\/\/barf-aalborg.dk\/index.php\/wp-json\/wp\/v2\/media\/6811"}],"wp:attachment":[{"href":"https:\/\/barf-aalborg.dk\/index.php\/wp-json\/wp\/v2\/media?parent=6810"}],"wp:term":[{"taxonomy":"product_brand","embeddable":true,"href":"https:\/\/barf-aalborg.dk\/index.php\/wp-json\/wp\/v2\/product_brand?post=6810"},{"taxonomy":"product_cat","embeddable":true,"href":"https:\/\/barf-aalborg.dk\/index.php\/wp-json\/wp\/v2\/product_cat?post=6810"},{"taxonomy":"product_tag","embeddable":true,"href":"https:\/\/barf-aalborg.dk\/index.php\/wp-json\/wp\/v2\/product_tag?post=6810"}],"curies":[{"name":"wp","href":"https:\/\/api.w.org\/{rel}","templated":true}]}}