{"id":6807,"date":"2025-05-21T16:16:23","date_gmt":"2025-05-21T14:16:23","guid":{"rendered":"https:\/\/barf-aalborg.dk\/?post_type=product&#038;p=6807"},"modified":"2026-04-01T09:13:03","modified_gmt":"2026-04-01T07:13:03","slug":"anibio-tier-vital-slab","status":"publish","type":"product","link":"https:\/\/barf-aalborg.dk\/index.php\/vare\/anibio-tier-vital-slab\/","title":{"rendered":"Anibio Tier Vital Slab"},"content":{"rendered":"<p>ANIBIO Tier Vital slab<\/p>\n<p>Til vitalisering af foder og drikkevand<\/p>\n<ul>\n<li>Bedre velbefindende<\/li>\n<\/ul>\n<ul>\n<li>Forh\u00f8jelse af positivt forbedrende energier<\/li>\n<\/ul>\n<ul>\n<li>St\u00f8rre vitalitet<\/li>\n<\/ul>\n<ul>\n<li>Bedre forenelighed ved milj\u00f8belastning<\/li>\n<\/ul>\n<ul>\n<li>Underst\u00f8ttelse ved afgiftning.<\/li>\n<\/ul>\n<p><strong>Ingredienser:<\/strong><br \/>\nAloe vera* Aqua Them., Maria Sal,<br \/>\n*Fra \u00f8koligisk landbrug.<\/p>\n","protected":false},"excerpt":{"rendered":"<p>ANIBIO Tier Vital slab Til vitalisering af foder og drikkevand Bedre velbefindende Forh\u00f8jelse af positivt forbedrende energier St\u00f8rre vitalitet Bedre forenelighed ved milj\u00f8belastning Underst\u00f8ttelse ved afgiftning. Ingredienser: Aloe vera* Aqua Them., Maria Sal, *Fra \u00f8koligisk landbrug.<\/p>\n","protected":false},"featured_media":6808,"comment_status":"open","ping_status":"closed","template":"","meta":[],"product_brand":[207],"product_cat":[373],"product_tag":[],"class_list":{"0":"post-6807","1":"product","2":"type-product","3":"status-publish","4":"has-post-thumbnail","6":"product_brand-anibio","7":"product_cat-foder-tilskud","9":"first","10":"instock","11":"taxable","12":"shipping-taxable","13":"purchasable","14":"product-type-simple"},"_links":{"self":[{"href":"https:\/\/barf-aalborg.dk\/index.php\/wp-json\/wp\/v2\/product\/6807","targetHints":{"allow":["GET"]}}],"collection":[{"href":"https:\/\/barf-aalborg.dk\/index.php\/wp-json\/wp\/v2\/product"}],"about":[{"href":"https:\/\/barf-aalborg.dk\/index.php\/wp-json\/wp\/v2\/types\/product"}],"replies":[{"embeddable":true,"href":"https:\/\/barf-aalborg.dk\/index.php\/wp-json\/wp\/v2\/comments?post=6807"}],"version-history":[{"count":1,"href":"https:\/\/barf-aalborg.dk\/index.php\/wp-json\/wp\/v2\/product\/6807\/revisions"}],"predecessor-version":[{"id":6809,"href":"https:\/\/barf-aalborg.dk\/index.php\/wp-json\/wp\/v2\/product\/6807\/revisions\/6809"}],"wp:featuredmedia":[{"embeddable":true,"href":"https:\/\/barf-aalborg.dk\/index.php\/wp-json\/wp\/v2\/media\/6808"}],"wp:attachment":[{"href":"https:\/\/barf-aalborg.dk\/index.php\/wp-json\/wp\/v2\/media?parent=6807"}],"wp:term":[{"taxonomy":"product_brand","embeddable":true,"href":"https:\/\/barf-aalborg.dk\/index.php\/wp-json\/wp\/v2\/product_brand?post=6807"},{"taxonomy":"product_cat","embeddable":true,"href":"https:\/\/barf-aalborg.dk\/index.php\/wp-json\/wp\/v2\/product_cat?post=6807"},{"taxonomy":"product_tag","embeddable":true,"href":"https:\/\/barf-aalborg.dk\/index.php\/wp-json\/wp\/v2\/product_tag?post=6807"}],"curies":[{"name":"wp","href":"https:\/\/api.w.org\/{rel}","templated":true}]}}