{"id":6797,"date":"2025-05-21T15:48:46","date_gmt":"2025-05-21T13:48:46","guid":{"rendered":"https:\/\/barf-aalborg.dk\/?post_type=product&#038;p=6797"},"modified":"2026-04-01T09:13:03","modified_gmt":"2026-04-01T07:13:03","slug":"anibio-allergoderm","status":"publish","type":"product","link":"https:\/\/barf-aalborg.dk\/index.php\/vare\/anibio-allergoderm\/","title":{"rendered":"Anibio Allergoderm"},"content":{"rendered":"<p>Anibio Allergoderm er fodertilskud til st\u00f8tte for huden, Dermatosis og h\u00e5rtab, h\u00e5rmideallergi, kl\u00f8e og afskalning, f\u00f8devareintolerance.<\/p>\n<p>Hunde og katte, ligesom mennesker, kan v\u00e6re allergiske over for f\u00f8devareingredienser, som giver sig udslag i hud- og pelsproblemer.<\/p>\n<p>AllergoDerm aktiverer immunsystemet og kan afhj\u00e6lpe bl.a. kost-induceret stofskiftesygdomme.<\/p>\n<p>Allergoderm underst\u00f8tter og heler immunforsvaret. Reducerer f\u00f8devarerelaterede allergier. Stabiliserer kroppens tarmflora og funktion.<\/p>\n<p>Fodringsvejledning (1 teskefuld er ca 8 g):<\/p>\n<p>Katte og hunde op til 15 kg dagligt\u00a0 1 tsk<\/p>\n<p>Medium hunde op til 40 kg dagligt\u00a0 2 tsk<\/p>\n<p>Det anbefales at bruge Allergoderm over en periode p\u00e5 mindst 2-6 m\u00e5neder.<\/p>\n<p>Findes i st\u00f8rrelse : 210g.<\/p>\n<p>Ingredienser: Gr\u00f8n mineral-ler, h\u00f8rfr\u00f8, \u00e6blekvas, dextrose, urteblanding af br\u00e6nden\u00e6lde, kamille, padderok, marshmallow, r\u00f8llike.<\/p>\n<p>Analyse: R\u00e5protein 6,6%, Tr\u00e6stof 6,8%, Fedtindhold p\u00e5 4,7%, Aske 40,8%, Omega-3 fedtsyre 2,8%, Omega-6 fedtsyre 0,7%. Tils\u00e6tningstoffer pr Kg: E551 30 000 mg silica<\/p>\n","protected":false},"excerpt":{"rendered":"<p>Anibio Allergoderm er fodertilskud til st\u00f8tte for huden, Dermatosis og h\u00e5rtab, h\u00e5rmideallergi, kl\u00f8e og afskalning, f\u00f8devareintolerance. Hunde og katte, ligesom mennesker, kan v\u00e6re allergiske over for f\u00f8devareingredienser, som giver sig udslag i hud- og pelsproblemer. AllergoDerm aktiverer immunsystemet og kan afhj\u00e6lpe bl.a. kost-induceret stofskiftesygdomme. Allergoderm underst\u00f8tter og heler immunforsvaret. Reducerer f\u00f8devarerelaterede allergier. Stabiliserer kroppens tarmflora [&hellip;]<\/p>\n","protected":false},"featured_media":6798,"comment_status":"open","ping_status":"closed","template":"","meta":[],"product_brand":[207],"product_cat":[404,373,374],"product_tag":[133,56],"class_list":{"0":"post-6797","1":"product","2":"type-product","3":"status-publish","4":"has-post-thumbnail","6":"product_brand-anibio","7":"product_cat-allergi","8":"product_cat-foder-tilskud","9":"product_cat-vitaminer-mineraler","10":"product_tag-allergi","11":"product_tag-vitaminer-og-mineraler-til-hunde","13":"first","14":"instock","15":"taxable","16":"shipping-taxable","17":"purchasable","18":"product-type-simple"},"_links":{"self":[{"href":"https:\/\/barf-aalborg.dk\/index.php\/wp-json\/wp\/v2\/product\/6797","targetHints":{"allow":["GET"]}}],"collection":[{"href":"https:\/\/barf-aalborg.dk\/index.php\/wp-json\/wp\/v2\/product"}],"about":[{"href":"https:\/\/barf-aalborg.dk\/index.php\/wp-json\/wp\/v2\/types\/product"}],"replies":[{"embeddable":true,"href":"https:\/\/barf-aalborg.dk\/index.php\/wp-json\/wp\/v2\/comments?post=6797"}],"version-history":[{"count":1,"href":"https:\/\/barf-aalborg.dk\/index.php\/wp-json\/wp\/v2\/product\/6797\/revisions"}],"predecessor-version":[{"id":6799,"href":"https:\/\/barf-aalborg.dk\/index.php\/wp-json\/wp\/v2\/product\/6797\/revisions\/6799"}],"wp:featuredmedia":[{"embeddable":true,"href":"https:\/\/barf-aalborg.dk\/index.php\/wp-json\/wp\/v2\/media\/6798"}],"wp:attachment":[{"href":"https:\/\/barf-aalborg.dk\/index.php\/wp-json\/wp\/v2\/media?parent=6797"}],"wp:term":[{"taxonomy":"product_brand","embeddable":true,"href":"https:\/\/barf-aalborg.dk\/index.php\/wp-json\/wp\/v2\/product_brand?post=6797"},{"taxonomy":"product_cat","embeddable":true,"href":"https:\/\/barf-aalborg.dk\/index.php\/wp-json\/wp\/v2\/product_cat?post=6797"},{"taxonomy":"product_tag","embeddable":true,"href":"https:\/\/barf-aalborg.dk\/index.php\/wp-json\/wp\/v2\/product_tag?post=6797"}],"curies":[{"name":"wp","href":"https:\/\/api.w.org\/{rel}","templated":true}]}}