{"id":6771,"date":"2025-05-20T16:04:49","date_gmt":"2025-05-20T14:04:49","guid":{"rendered":"https:\/\/barf-aalborg.dk\/?post_type=product&#038;p=6771"},"modified":"2026-04-01T09:13:03","modified_gmt":"2026-04-01T07:13:03","slug":"anibio-tic-off","status":"publish","type":"product","link":"https:\/\/barf-aalborg.dk\/index.php\/vare\/anibio-tic-off\/","title":{"rendered":"Anibio Tic-off"},"content":{"rendered":"<p>Anibio tic-off danner grundlag for en sund og robust hud og pels, og skaber dermed en naturlig beskyttelse .<br \/>\nVed at give Anibio \u00a0tic-off, opn\u00e5s en optimal naturlig beskyttelse med aromatisk hj\u00e6lp ved udfordringer, n\u00e5r hunden eller katten f\u00e6rdes i naturen.<\/p>\n<p>Optimal beskyttelse opn\u00e5s efter 6-10 dages anvendelse. For en h\u00f8jere, maksimal og effektiv all-round beskyttelse , anbefaler vi Anibio tic-clip \u2013 selvf\u00f8lgelig ogs\u00e5 gitffri.<\/p>\n<p>Anvendelse: Katte og hunde op til 30 kg: 1 m\u00e5l dagligt Hunde fra 30 kg og op:\u2026\u2026\u2026. 2 m\u00e5l dagligt<\/p>\n<p>Ingredienser: Gr\u00f8n ler, dextrose, natriumhydrogencarbonat, calciumcarbonat, magnesium citrat, silikater; ernergitiseret. R\u00e5protein 0,1% &#8211; tr\u00e6stof 0,1% &#8211; R\u00e5fedt 0,1% &#8211; r\u00e5aske 0,7%<\/p>\n","protected":false},"excerpt":{"rendered":"<p>Anibio tic-off danner grundlag for en sund og robust hud og pels, og skaber dermed en naturlig beskyttelse . Ved at give Anibio \u00a0tic-off, opn\u00e5s en optimal naturlig beskyttelse med aromatisk hj\u00e6lp ved udfordringer, n\u00e5r hunden eller katten f\u00e6rdes i naturen. Optimal beskyttelse opn\u00e5s efter 6-10 dages anvendelse. For en h\u00f8jere, maksimal og effektiv all-round [&hellip;]<\/p>\n","protected":false},"featured_media":6772,"comment_status":"open","ping_status":"closed","template":"","meta":[],"product_brand":[207],"product_cat":[392,391],"product_tag":[109],"class_list":{"0":"post-6771","1":"product","2":"type-product","3":"status-publish","4":"has-post-thumbnail","6":"product_brand-anibio","7":"product_cat-bekaempelse-af-utoej","8":"product_cat-pelspleje-og-hygiejne","9":"product_tag-flaater-og-lopper-hund","11":"first","12":"instock","13":"taxable","14":"shipping-taxable","15":"purchasable","16":"product-type-simple"},"_links":{"self":[{"href":"https:\/\/barf-aalborg.dk\/index.php\/wp-json\/wp\/v2\/product\/6771","targetHints":{"allow":["GET"]}}],"collection":[{"href":"https:\/\/barf-aalborg.dk\/index.php\/wp-json\/wp\/v2\/product"}],"about":[{"href":"https:\/\/barf-aalborg.dk\/index.php\/wp-json\/wp\/v2\/types\/product"}],"replies":[{"embeddable":true,"href":"https:\/\/barf-aalborg.dk\/index.php\/wp-json\/wp\/v2\/comments?post=6771"}],"version-history":[{"count":1,"href":"https:\/\/barf-aalborg.dk\/index.php\/wp-json\/wp\/v2\/product\/6771\/revisions"}],"predecessor-version":[{"id":6773,"href":"https:\/\/barf-aalborg.dk\/index.php\/wp-json\/wp\/v2\/product\/6771\/revisions\/6773"}],"wp:featuredmedia":[{"embeddable":true,"href":"https:\/\/barf-aalborg.dk\/index.php\/wp-json\/wp\/v2\/media\/6772"}],"wp:attachment":[{"href":"https:\/\/barf-aalborg.dk\/index.php\/wp-json\/wp\/v2\/media?parent=6771"}],"wp:term":[{"taxonomy":"product_brand","embeddable":true,"href":"https:\/\/barf-aalborg.dk\/index.php\/wp-json\/wp\/v2\/product_brand?post=6771"},{"taxonomy":"product_cat","embeddable":true,"href":"https:\/\/barf-aalborg.dk\/index.php\/wp-json\/wp\/v2\/product_cat?post=6771"},{"taxonomy":"product_tag","embeddable":true,"href":"https:\/\/barf-aalborg.dk\/index.php\/wp-json\/wp\/v2\/product_tag?post=6771"}],"curies":[{"name":"wp","href":"https:\/\/api.w.org\/{rel}","templated":true}]}}