{"id":6762,"date":"2025-05-20T15:08:30","date_gmt":"2025-05-20T13:08:30","guid":{"rendered":"https:\/\/barf-aalborg.dk\/?post_type=product&#038;p=6762"},"modified":"2026-04-01T09:13:03","modified_gmt":"2026-04-01T07:13:03","slug":"anibio-wurmalin","status":"publish","type":"product","link":"https:\/\/barf-aalborg.dk\/index.php\/vare\/anibio-wurmalin\/","title":{"rendered":"Anibio Wurmalin"},"content":{"rendered":"<p><strong>Anibio Wurmalin &#8211; rent vegetabilsk<\/strong><\/p>\n<div class=\"productcol\">\n<div class=\"product_description\">\n<p>For \u00f8kologiske pleje og vedligehold af tarmmilj\u00f8et under og efter ormeangreb.<\/p>\n<p>Wurmalin renser og vedligeholder hele tarmmilj\u00f8et sikket og effektivt. Ingredienserne er helt naturlige og meget sk\u00e5nsomme mod dyret. En intakt og sundt ford\u00f8jelseskanal giver st\u00f8rre modstandskraft og forbedrer immunforsvaret.<\/p>\n<p><strong>Anvendelse:<\/strong>(min. 16 dage) Hunde og katte pr 1 kg legemsv\u00e6gt = 1 dr\u00e5be Wurmalin dagligt.<br \/>\nEksempel:<br \/>\nKat 3 kg = 5 dr\u00e5ber dagligt<br \/>\nHund 20 kg = 20 dr\u00e5ber daglig<br \/>\nHund 50 kg = 40 dr\u00e5ber daglig<\/p>\n<p>Ogs\u00e5 velegnet til gravide t\u00e6ver og hvalpe. Wurmalin b\u00f8r anvendes 3 til 4 gange om \u00e5ret.<\/p>\n<\/div>\n<div class=\"single_additional_description\">\n<p>Sammens\u00e6tning: Demineraliseret., Dextrose, Thymus vulgaris, Passiflora incarnata, Alsidium helmithochorton, Anthemis nobilis chloratum, magnesium. Ingredienser: R\u00e5protein 0,5% r\u00e5fedt 0,3% R\u00e5aske 0,2% Tr\u00e6stof 0,3%<\/p>\n<\/div>\n<\/div>\n","protected":false},"excerpt":{"rendered":"<p>Anibio Wurmalin &#8211; rent vegetabilsk For \u00f8kologiske pleje og vedligehold af tarmmilj\u00f8et under og efter ormeangreb. Wurmalin renser og vedligeholder hele tarmmilj\u00f8et sikket og effektivt. Ingredienserne er helt naturlige og meget sk\u00e5nsomme mod dyret. En intakt og sundt ford\u00f8jelseskanal giver st\u00f8rre modstandskraft og forbedrer immunforsvaret. Anvendelse:(min. 16 dage) Hunde og katte pr 1 kg legemsv\u00e6gt [&hellip;]<\/p>\n","protected":false},"featured_media":6764,"comment_status":"open","ping_status":"closed","template":"","meta":[],"product_brand":[207],"product_cat":[15],"product_tag":[54,96,79,140,141],"class_list":{"0":"post-6762","1":"product","2":"type-product","3":"status-publish","4":"has-post-thumbnail","6":"product_brand-anibio","7":"product_cat-ukategoriseret","8":"product_tag-fodertilskud-til-hunde","9":"product_tag-fodertilskud-til-katte","10":"product_tag-mave-tarm-til-hunde","11":"product_tag-mave-tarm-til-katte","12":"product_tag-organic-oekologiske-varer","14":"first","15":"instock","16":"taxable","17":"shipping-taxable","18":"purchasable","19":"product-type-simple"},"_links":{"self":[{"href":"https:\/\/barf-aalborg.dk\/index.php\/wp-json\/wp\/v2\/product\/6762","targetHints":{"allow":["GET"]}}],"collection":[{"href":"https:\/\/barf-aalborg.dk\/index.php\/wp-json\/wp\/v2\/product"}],"about":[{"href":"https:\/\/barf-aalborg.dk\/index.php\/wp-json\/wp\/v2\/types\/product"}],"replies":[{"embeddable":true,"href":"https:\/\/barf-aalborg.dk\/index.php\/wp-json\/wp\/v2\/comments?post=6762"}],"version-history":[{"count":1,"href":"https:\/\/barf-aalborg.dk\/index.php\/wp-json\/wp\/v2\/product\/6762\/revisions"}],"predecessor-version":[{"id":6765,"href":"https:\/\/barf-aalborg.dk\/index.php\/wp-json\/wp\/v2\/product\/6762\/revisions\/6765"}],"wp:featuredmedia":[{"embeddable":true,"href":"https:\/\/barf-aalborg.dk\/index.php\/wp-json\/wp\/v2\/media\/6764"}],"wp:attachment":[{"href":"https:\/\/barf-aalborg.dk\/index.php\/wp-json\/wp\/v2\/media?parent=6762"}],"wp:term":[{"taxonomy":"product_brand","embeddable":true,"href":"https:\/\/barf-aalborg.dk\/index.php\/wp-json\/wp\/v2\/product_brand?post=6762"},{"taxonomy":"product_cat","embeddable":true,"href":"https:\/\/barf-aalborg.dk\/index.php\/wp-json\/wp\/v2\/product_cat?post=6762"},{"taxonomy":"product_tag","embeddable":true,"href":"https:\/\/barf-aalborg.dk\/index.php\/wp-json\/wp\/v2\/product_tag?post=6762"}],"curies":[{"name":"wp","href":"https:\/\/api.w.org\/{rel}","templated":true}]}}