{"id":6736,"date":"2025-05-15T16:03:22","date_gmt":"2025-05-15T14:03:22","guid":{"rendered":"https:\/\/barf-aalborg.dk\/?post_type=product&#038;p=6736"},"modified":"2026-04-01T09:13:28","modified_gmt":"2026-04-01T07:13:28","slug":"vitapetz-i-mune-support","status":"publish","type":"product","link":"https:\/\/barf-aalborg.dk\/index.php\/vare\/vitapetz-i-mune-support\/","title":{"rendered":"VitaPetz I-Mune support"},"content":{"rendered":"<p>Vitapetz I-Mune support, indeholder en kompleks sammens\u00e6tning af urter og svampe, der bidrager til leveren og immunsystemets normale funktion.<\/p>\n<p><strong>Indhold:<\/strong>\u00a0Astragalus, marietidsel, l\u00f8vetand (rod), Shiitake (Lentinus Edodes) Reishi (Ganoderma Lucidum), Maitak\u00e9 (Grifolia Frondosa), Cordyceps Sinesis, Chaga (Inonotus Obliquus), Zhu Ling (Polyporus Umbellatus), Lion\u00b4s Mane (Hericium Erinaceus), granat\u00e6ble ekstrakt (kerner), Tomentosa, Salix, Acerola kirseb\u00e6r, gr\u00f8n t\u00e9 ekstrakt (min. 10% Epigallocatechin Gallate + min.\u00a0 20% Catechiner), druekerne ekstrakt (min. 90% OPC), NAC (N-Acetyl L-Cysteine).<\/p>\n<p><strong>Alle ingredienser er i human f\u00f8devarekvalitet. Udviklet og produceret i Danmark\u00a0<img decoding=\"async\" src=\"https:\/\/vitapetz.dk\/\/img\/cms\/DK.jpg\" alt=\"\" width=\"13\" height=\"9\" \/>\u00a0med fokus p\u00e5 \u00f8kologi og de gode r\u00e5varer.<\/strong><\/p>\n<p><strong>Anbefalet dosering:<\/strong>\u00a01\/2 skem\u00e5l (750mg) for hver 10kg kropsv\u00e6gt. Ved s\u00e6rlige behov, kan dobbelt dosis gives i 2-4uger, dog max\u00a02 skem\u00e5l (3g) dagligt.<\/p>\n<p><strong>Til t\u00f8rfoder:<\/strong>\u00a0Tils\u00e6ttes maden evt. opbl\u00f8dt i lidt vand, eller andet medie hunden foretr\u00e6kker.<\/p>\n<p><strong>Til BARF\/v\u00e5dfoder:\u00a0<\/strong>Tils\u00e6ttes direkte i maden inden servering.<\/p>\n<p><strong>Fysisk form:\u00a0<\/strong>Pulver<\/p>\n<p><strong>Emballage:\u00a0<\/strong>100g &#8211; 300g. i f\u00f8devaregodkendt indpakning.<\/p>\n<p><strong>Opbevaring:\u00a0<\/strong>T\u00f8rt og ved stuetemperatur eller derunder i tillukket emballage.<\/p>\n<p><strong>Indikationer:\u00a0<\/strong>Frar\u00e5des til dr\u00e6gtige t\u00e6ver. B\u00f8r gives i samr\u00e5d med dyrl\u00e6ge eller behandler, hvis hunden er i kemoterapi eller f\u00e5r anden medicinsk behandling.<\/p>\n<p><strong>Produktet er et fodertilskud til hunde &#8211; ikke et l\u00e6gemiddel. Kontakt din dyrl\u00e6ge eller behandler hvis du er i tvivl om hundens helbred.<\/strong><\/p>\n","protected":false},"excerpt":{"rendered":"<p>Vitapetz I-Mune support, indeholder en kompleks sammens\u00e6tning af urter og svampe, der bidrager til leveren og immunsystemets normale funktion. Indhold:\u00a0Astragalus, marietidsel, l\u00f8vetand (rod), Shiitake (Lentinus Edodes) Reishi (Ganoderma Lucidum), Maitak\u00e9 (Grifolia Frondosa), Cordyceps Sinesis, Chaga (Inonotus Obliquus), Zhu Ling (Polyporus Umbellatus), Lion\u00b4s Mane (Hericium Erinaceus), granat\u00e6ble ekstrakt (kerner), Tomentosa, Salix, Acerola kirseb\u00e6r, gr\u00f8n t\u00e9 ekstrakt [&hellip;]<\/p>\n","protected":false},"featured_media":6737,"comment_status":"open","ping_status":"closed","template":"","meta":[],"product_brand":[251],"product_cat":[373,381,374],"product_tag":[54,79,56],"class_list":{"0":"post-6736","1":"product","2":"type-product","3":"status-publish","4":"has-post-thumbnail","6":"product_brand-vitapetz","7":"product_cat-foder-tilskud","8":"product_cat-mave-tarm","9":"product_cat-vitaminer-mineraler","10":"product_tag-fodertilskud-til-hunde","11":"product_tag-mave-tarm-til-hunde","12":"product_tag-vitaminer-og-mineraler-til-hunde","13":"pa_kilo-100-gr","14":"pa_kilo-300-gr","16":"first","17":"instock","18":"taxable","19":"shipping-taxable","20":"purchasable","21":"product-type-variable"},"_links":{"self":[{"href":"https:\/\/barf-aalborg.dk\/index.php\/wp-json\/wp\/v2\/product\/6736","targetHints":{"allow":["GET"]}}],"collection":[{"href":"https:\/\/barf-aalborg.dk\/index.php\/wp-json\/wp\/v2\/product"}],"about":[{"href":"https:\/\/barf-aalborg.dk\/index.php\/wp-json\/wp\/v2\/types\/product"}],"replies":[{"embeddable":true,"href":"https:\/\/barf-aalborg.dk\/index.php\/wp-json\/wp\/v2\/comments?post=6736"}],"version-history":[{"count":1,"href":"https:\/\/barf-aalborg.dk\/index.php\/wp-json\/wp\/v2\/product\/6736\/revisions"}],"predecessor-version":[{"id":6740,"href":"https:\/\/barf-aalborg.dk\/index.php\/wp-json\/wp\/v2\/product\/6736\/revisions\/6740"}],"wp:featuredmedia":[{"embeddable":true,"href":"https:\/\/barf-aalborg.dk\/index.php\/wp-json\/wp\/v2\/media\/6737"}],"wp:attachment":[{"href":"https:\/\/barf-aalborg.dk\/index.php\/wp-json\/wp\/v2\/media?parent=6736"}],"wp:term":[{"taxonomy":"product_brand","embeddable":true,"href":"https:\/\/barf-aalborg.dk\/index.php\/wp-json\/wp\/v2\/product_brand?post=6736"},{"taxonomy":"product_cat","embeddable":true,"href":"https:\/\/barf-aalborg.dk\/index.php\/wp-json\/wp\/v2\/product_cat?post=6736"},{"taxonomy":"product_tag","embeddable":true,"href":"https:\/\/barf-aalborg.dk\/index.php\/wp-json\/wp\/v2\/product_tag?post=6736"}],"curies":[{"name":"wp","href":"https:\/\/api.w.org\/{rel}","templated":true}]}}