{"id":6730,"date":"2025-05-15T15:48:51","date_gmt":"2025-05-15T13:48:51","guid":{"rendered":"https:\/\/barf-aalborg.dk\/?post_type=product&#038;p=6730"},"modified":"2026-04-01T09:13:29","modified_gmt":"2026-04-01T07:13:29","slug":"vitapetz-symbiotic-probiotika-prebiotika","status":"publish","type":"product","link":"https:\/\/barf-aalborg.dk\/index.php\/vare\/vitapetz-symbiotic-probiotika-prebiotika\/","title":{"rendered":"VitaPetz SymBiotic, Probiotika + Prebiotika"},"content":{"rendered":"<p>VitaPetz SymBiotic + Prebiotika &#8211; det gode til mave\/tarm<\/p>\n<p>Symbiotic er en kompleks sammens\u00e6tning af vigtige og unikke kostfibre og gavnlige bakterier. Bidrager til at balancere og vedligeholde mave-tarm systemet og ford\u00f8jelsen.<\/p>\n<p>Kan benyttes dagligt til vedligehold af mave-tarm systemet, ved ustabil mave-tarm funktion, foderskifte, antibiotikabehandling, uvante situationer og ved h\u00f8jt aktivitetsniveau.<\/p>\n<p><strong>Indhold:\u00a0<\/strong>Agave Inulin,\u00a0Psyllium fr\u00f8skaller, Slippery Elm (r\u00f8d elmebark),\u00a0l\u00e6ge-stokrose, burrerod, Reishi, fiberekstrakt fra l\u00e6rk (Arabinogalactan, Galactoarabinin), Bio MSM, N-Acetyl-Glucosamine (NAG), Glutamine (NALG), Artiskok, cikorie inulin,\u00a0Aloe Vera ekstrakt, Fulvusmineral (organisk mineral)<\/p>\n<p><strong>Alle ingredienser er i f\u00f8devarekvalitet. Udviklet og produceret i Danmark\u00a0<img decoding=\"async\" src=\"https:\/\/vitapetz.dk\/\/img\/cms\/DK.jpg\" alt=\"\" width=\"13\" height=\"9\" \/>\u00a0med fokus p\u00e5 \u00f8kologi og de gode r\u00e5varer.<\/strong><\/p>\n<p><strong>Zooteknisk aktivitet:<\/strong>\u00a0Min. 1.5*10^9\/g. E. Faecium (DSM 10663),<\/p>\n<p><strong>Anbefalet daglig dosering:<\/strong>\u00a01\/3 skem\u00e5l (1g) for hver 10kg kropsv\u00e6gt indtil max. 1skem\u00e5l. Kan evt. blandes med Acidophilius beriget Kefir eller andet medie hunden foretr\u00e6kker. Ved s\u00e6rlige behov kan dosis fordobles i max. 14dage. I tilf\u00e6lde af vedvarende udfordringer, b\u00f8r du kontakte din dyrl\u00e6ge eller behandler.<\/p>\n<p><strong>Ved t\u00f8rfoder:<\/strong>\u00a0Tils\u00e6ttes maden opbl\u00f8dt i lidt vand eller andet medie hunden foretr\u00e6kker.<\/p>\n<p><strong>Ved BARF\/v\u00e5dfoder:\u00a0<\/strong>Tils\u00e6ttes direkte i maden inden servering.<\/p>\n<p><strong>Fysisk form:\u00a0<\/strong>Pulver<\/p>\n<p><strong>Emballage: <\/strong>125gr.<strong> &#8211; <\/strong>375g. i f\u00f8devaregodkendt indpakning.<\/p>\n<p><strong>Opbevaring:\u00a0<\/strong>T\u00f8rt og ved stuetemperatur eller derunder i tillukket emballage.<\/p>\n<p><strong>Indikationer:\u00a0<\/strong>ingen kendte.<\/p>\n<p><strong>Produktet er et fodertilskud til hunde &#8211; ikke et l\u00e6gemiddel. Kontakt din dyrl\u00e6ge eller behandler hvis du er i tvivl om hundens helbred.<\/strong><\/p>\n","protected":false},"excerpt":{"rendered":"<p>VitaPetz SymBiotic + Prebiotika &#8211; det gode til mave\/tarm Symbiotic er en kompleks sammens\u00e6tning af vigtige og unikke kostfibre og gavnlige bakterier. Bidrager til at balancere og vedligeholde mave-tarm systemet og ford\u00f8jelsen. Kan benyttes dagligt til vedligehold af mave-tarm systemet, ved ustabil mave-tarm funktion, foderskifte, antibiotikabehandling, uvante situationer og ved h\u00f8jt aktivitetsniveau. Indhold:\u00a0Agave Inulin,\u00a0Psyllium fr\u00f8skaller, [&hellip;]<\/p>\n","protected":false},"featured_media":6731,"comment_status":"open","ping_status":"closed","template":"","meta":[],"product_brand":[251],"product_cat":[373,381],"product_tag":[54,79],"class_list":{"0":"post-6730","1":"product","2":"type-product","3":"status-publish","4":"has-post-thumbnail","6":"product_brand-vitapetz","7":"product_cat-foder-tilskud","8":"product_cat-mave-tarm","9":"product_tag-fodertilskud-til-hunde","10":"product_tag-mave-tarm-til-hunde","11":"pa_kilo-125-gr","12":"pa_kilo-375-gr","14":"first","15":"instock","16":"taxable","17":"shipping-taxable","18":"purchasable","19":"product-type-variable"},"_links":{"self":[{"href":"https:\/\/barf-aalborg.dk\/index.php\/wp-json\/wp\/v2\/product\/6730","targetHints":{"allow":["GET"]}}],"collection":[{"href":"https:\/\/barf-aalborg.dk\/index.php\/wp-json\/wp\/v2\/product"}],"about":[{"href":"https:\/\/barf-aalborg.dk\/index.php\/wp-json\/wp\/v2\/types\/product"}],"replies":[{"embeddable":true,"href":"https:\/\/barf-aalborg.dk\/index.php\/wp-json\/wp\/v2\/comments?post=6730"}],"version-history":[{"count":1,"href":"https:\/\/barf-aalborg.dk\/index.php\/wp-json\/wp\/v2\/product\/6730\/revisions"}],"predecessor-version":[{"id":6735,"href":"https:\/\/barf-aalborg.dk\/index.php\/wp-json\/wp\/v2\/product\/6730\/revisions\/6735"}],"wp:featuredmedia":[{"embeddable":true,"href":"https:\/\/barf-aalborg.dk\/index.php\/wp-json\/wp\/v2\/media\/6731"}],"wp:attachment":[{"href":"https:\/\/barf-aalborg.dk\/index.php\/wp-json\/wp\/v2\/media?parent=6730"}],"wp:term":[{"taxonomy":"product_brand","embeddable":true,"href":"https:\/\/barf-aalborg.dk\/index.php\/wp-json\/wp\/v2\/product_brand?post=6730"},{"taxonomy":"product_cat","embeddable":true,"href":"https:\/\/barf-aalborg.dk\/index.php\/wp-json\/wp\/v2\/product_cat?post=6730"},{"taxonomy":"product_tag","embeddable":true,"href":"https:\/\/barf-aalborg.dk\/index.php\/wp-json\/wp\/v2\/product_tag?post=6730"}],"curies":[{"name":"wp","href":"https:\/\/api.w.org\/{rel}","templated":true}]}}