{"id":6725,"date":"2025-05-15T14:00:44","date_gmt":"2025-05-15T12:00:44","guid":{"rendered":"https:\/\/barf-aalborg.dk\/?post_type=product&#038;p=6725"},"modified":"2025-05-15T14:00:45","modified_gmt":"2025-05-15T12:00:45","slug":"vitapetz-male-support","status":"publish","type":"product","link":"https:\/\/barf-aalborg.dk\/index.php\/vare\/vitapetz-male-support\/","title":{"rendered":"VitaPetz Male Support"},"content":{"rendered":"<p>VitaPetz Male Support er specifikt til hanhunde, med hormonelt betingede ubalancer som f\u00f8lge af forh\u00f8jet testosteron. Det kan eks. vise sig som stress, dominans, aggressivitet og \u00f8get seksualdrift.<\/p>\n<p>Male Support bidrager til at st\u00f8tte det hormonelle system, nervesystemet og immunsystemet.<\/p>\n<p><strong>Indhold:\u00a0<\/strong>Vitex Agnus Castus (munkepeber), gyldne h\u00f8rfr\u00f8, Reishi, Avena Sativa, prikbladet perikum, baldrian, skjolddrager, pebermynte, pygeum, bacopa, ginseng, kamille, Fulvusmineral,\u00a0slangerod, lakridsrod, silica, gr\u00f8n t\u00e9 ekstrakt (min. 10% Epigallocatechin Gallate + min.\u00a0 20% Catechiner).<\/p>\n<p><strong>Fermenteret Probiotika:<\/strong>\u00a0min. 300mio CFU\/g. (S. Cerevisiae)<\/p>\n<p><strong>Alle ingredienser er i f\u00f8devarekvalitet. Udviklet og produceret i Danmark\u00a0<img decoding=\"async\" src=\"https:\/\/vitapetz.dk\/\/img\/cms\/DK.jpg\" alt=\"\" width=\"13\" height=\"9\" \/>\u00a0med fokus p\u00e5 \u00f8kologi og de gode r\u00e5varer.<\/strong><\/p>\n<p><strong>Anbefalet daglig dosering:<\/strong>\u00a01\/2 m\u00e5leske (ca. 1g.) for hver 10kg kropsv\u00e6gt. Ved s\u00e6rlige behov kan dobbelt dosis gives i den f\u00f8rste uge.<\/p>\n<p><strong>Ved\u00a0t\u00f8rfoder:<\/strong>\u00a0Tils\u00e6ttes maden evt. opbl\u00f8dt i lidt vand, eller andet medie hunden foretr\u00e6kker.<\/p>\n<p><strong>Ved BARF\/v\u00e5dfoder:\u00a0<\/strong>Tils\u00e6ttes direkte i maden.<\/p>\n<p><strong>Fysisk form:\u00a0<\/strong>Pulver<\/p>\n<p><strong>Emballage:\u00a0<\/strong>125g. i f\u00f8devaregodkendt indpakning.<\/p>\n<p><strong>Opbevaring:\u00a0<\/strong>T\u00f8rt og ved stuetemperatur eller derunder i tillukket emballage.<\/p>\n<p><strong>Indikationer:\u00a0<\/strong>Ingen kendte.<\/p>\n<p><strong>Produktet er et fodertilskud til hunde &#8211; ikke et l\u00e6gemiddel. Kontakt din dyrl\u00e6ge eller behandler hvis du er i tvivl om hundens helbred.<\/strong><\/p>\n","protected":false},"excerpt":{"rendered":"<p>VitaPetz Male Support er specifikt til hanhunde, med hormonelt betingede ubalancer som f\u00f8lge af forh\u00f8jet testosteron. Det kan eks. vise sig som stress, dominans, aggressivitet og \u00f8get seksualdrift. Male Support bidrager til at st\u00f8tte det hormonelle system, nervesystemet og immunsystemet. Indhold:\u00a0Vitex Agnus Castus (munkepeber), gyldne h\u00f8rfr\u00f8, Reishi, Avena Sativa, prikbladet perikum, baldrian, skjolddrager, pebermynte, pygeum, [&hellip;]<\/p>\n","protected":false},"featured_media":6726,"comment_status":"open","ping_status":"closed","template":"","meta":[],"product_brand":[251],"product_cat":[373,374],"product_tag":[54,56],"class_list":{"0":"post-6725","1":"product","2":"type-product","3":"status-publish","4":"has-post-thumbnail","6":"product_brand-vitapetz","7":"product_cat-foder-tilskud","8":"product_cat-vitaminer-mineraler","9":"product_tag-fodertilskud-til-hunde","10":"product_tag-vitaminer-og-mineraler-til-hunde","11":"pa_kilo-125-gr","12":"pa_kilo-375-gr","14":"first","15":"instock","16":"taxable","17":"shipping-taxable","18":"purchasable","19":"product-type-variable"},"_links":{"self":[{"href":"https:\/\/barf-aalborg.dk\/index.php\/wp-json\/wp\/v2\/product\/6725","targetHints":{"allow":["GET"]}}],"collection":[{"href":"https:\/\/barf-aalborg.dk\/index.php\/wp-json\/wp\/v2\/product"}],"about":[{"href":"https:\/\/barf-aalborg.dk\/index.php\/wp-json\/wp\/v2\/types\/product"}],"replies":[{"embeddable":true,"href":"https:\/\/barf-aalborg.dk\/index.php\/wp-json\/wp\/v2\/comments?post=6725"}],"version-history":[{"count":1,"href":"https:\/\/barf-aalborg.dk\/index.php\/wp-json\/wp\/v2\/product\/6725\/revisions"}],"predecessor-version":[{"id":6729,"href":"https:\/\/barf-aalborg.dk\/index.php\/wp-json\/wp\/v2\/product\/6725\/revisions\/6729"}],"wp:featuredmedia":[{"embeddable":true,"href":"https:\/\/barf-aalborg.dk\/index.php\/wp-json\/wp\/v2\/media\/6726"}],"wp:attachment":[{"href":"https:\/\/barf-aalborg.dk\/index.php\/wp-json\/wp\/v2\/media?parent=6725"}],"wp:term":[{"taxonomy":"product_brand","embeddable":true,"href":"https:\/\/barf-aalborg.dk\/index.php\/wp-json\/wp\/v2\/product_brand?post=6725"},{"taxonomy":"product_cat","embeddable":true,"href":"https:\/\/barf-aalborg.dk\/index.php\/wp-json\/wp\/v2\/product_cat?post=6725"},{"taxonomy":"product_tag","embeddable":true,"href":"https:\/\/barf-aalborg.dk\/index.php\/wp-json\/wp\/v2\/product_tag?post=6725"}],"curies":[{"name":"wp","href":"https:\/\/api.w.org\/{rel}","templated":true}]}}