{"id":6702,"date":"2025-05-15T12:55:59","date_gmt":"2025-05-15T10:55:59","guid":{"rendered":"https:\/\/barf-aalborg.dk\/?post_type=product&#038;p=6702"},"modified":"2025-05-15T12:56:00","modified_gmt":"2025-05-15T10:56:00","slug":"vitapetz-spormineral-calcium-magnesium-nu-med-probiotika","status":"publish","type":"product","link":"https:\/\/barf-aalborg.dk\/index.php\/vare\/vitapetz-spormineral-calcium-magnesium-nu-med-probiotika\/","title":{"rendered":"Vitapetz Spormineral +Calcium &#038; Magnesium &#8211; Nu med Probiotika"},"content":{"rendered":"<p>Spormineral er en kompleks sammens\u00e6tning af spormineraler og makromineraler, der er byggestenene i hundens helbred. Disse stoffer er vigtige for, at kroppen kan f<span style=\"font-size: 0.875rem;\">ungere og<\/span><span style=\"font-size: 0.875rem;\"> opretholde<\/span> <span style=\"font-size: 0.875rem;\">et godt helbred.<\/span><\/p>\n<p>Kan gives som supplement til t\u00f8rfoder, v\u00e5dfoder eller til frisk hjemmelavet mad (BARF). S\u00e6rlig egnet til hvalpe og dr\u00e6gtige hunde<strong>.<\/strong><\/p>\n<p><strong>Indhold:\u00a0<\/strong>Koralkalk (L. Calcareum) , gulerod, persille, bl\u00e6retang, hyben, kisel, ager padderokke, alfalfa, gurkemeje, bukkehorn, cikorierod, gr\u00f8nl\u00e6bet musling, MSM, Mojave yucca shidigera, kollag\u00e9n peptid, rosenrod, Fulvusmineral, pink himalaya salt, Pippali.<\/p>\n<p><strong>Probiotika:<\/strong>\u00a0min. 150mio CFU\/g. (fermenteret S. Cerevisiae)<\/p>\n<p><strong>Alle ingredienser er i human f\u00f8devarekvalitet. Udviklet og produceret i Danmark\u00a0<img decoding=\"async\" src=\"https:\/\/vitapetz.dk\/\/img\/cms\/DK.jpg\" alt=\"\" width=\"13\" height=\"9\" \/>\u00a0med fokus p\u00e5 \u00f8kologi og de gode r\u00e5varer.<\/strong><\/p>\n<p><strong>Typisk analyse:\u00a0<\/strong>Calcium 19,0%, magnesium 2,6%, jern 1,4% , svovl 960mg, fosfor 350mg, mangan 102mg, zink 75mg, bor 37mg, kobber 16mg, molybd\u00e6n 1,9mg, kobolt 0,7mg, sel\u00e9n 0,1mg.<\/p>\n<p><strong>N\u00e6ringsstoffer:<\/strong>\u00a0Spormineraler, makromineraler, vitaminer og naturlige antioxidanter.<\/p>\n<p><strong>Tils\u00e6tningsstoffer:\u00a0<\/strong>Ingen<\/p>\n<p><strong>Anbefalet daglig dosering hvis du fodrer med t\u00f8rfoder eller v\u00e5dfoder:\u00a0<\/strong>\u00bc m\u00e5leske for hver 10kg kropsv\u00e6gt.<\/p>\n<p><strong>Anbefalet daglig dosering hvis du fodrer BARF m\/ben:\u00a0<\/strong>Benyt ovenn\u00e6vnte doseringsanvisning 2-3 gange om ugen hvis du k\u00f8rer med en fast ugentlig bendag. Hvis du giver brusk, medregnes det ikke som calcium.<\/p>\n<p><strong>Anbefalet daglig dosering hvis du fodrer BARF u\/ben:\u00a0<\/strong>For voksne hunde tilf\u00f8res 1 m\u00e5leske (4g) for hvert kilo k\u00f8d. Til hvalpe fra 1-12 m\u00e5neders alderen, gives svarende til 1% af maden i hvert m\u00e5ltid. Eks. 1g til 100g f\u00e6rdig mad og 5g til 500g f\u00e6rdig mad. Hvis du giver brusk, medregnes det ikke som calcium.<\/p>\n<p><strong>Dr\u00e6gtige hunde:\u00a0<\/strong>Kan med fordel anvendes til dr\u00e6gtige hunde,\u00a0<strong>men undlad at give Spormineral i 14dage f\u00f8r planlagt f\u00f8dsel.<\/strong>\u00a0Genoptag fra f\u00f8dsel og ca. 2-3 m\u00e5neder frem for at vedlligeholde mineralbalancen.<\/p>\n<p>Medf\u00f8lgende m\u00e5leske indeholder 4,0 gram (str\u00f8get) der blandes med maden evt. med lidt vand, eller andet medie hunden foretr\u00e6kker. Anf\u00f8rte m\u00e6ngder kan fordobles i de f\u00f8rste 2-4uger ved s\u00e6rlige behov. Kan gives fra f\u00f8dslen evt. omr\u00f8rt i moderm\u00e6lks erstatning\/Kefir.<\/p>\n<p><strong>Fysisk form:\u00a0<\/strong>Pulver.<\/p>\n<p><strong>Emballage:\u00a0<\/strong>200g + 600g + 1000g i f\u00f8devaregodkendt indpakning.<\/p>\n<p><strong>Opbevaring:\u00a0<\/strong>T\u00f8rt og ved stuetemperatur eller derunder i tillukket emballage.<\/p>\n<p><strong>Indikationer:\u00a0<\/strong>Ingen kendte.<\/p>\n<p><strong>Produktet er et fodertilskud til hunde &#8211; ikke et l\u00e6gemiddel. Kontakt din dyrl\u00e6ge eller behandler hvis du er i tvivl om hundens helbred.<\/strong><\/p>\n<p>&nbsp;<\/p>\n","protected":false},"excerpt":{"rendered":"<p>Spormineral er en kompleks sammens\u00e6tning af spormineraler og makromineraler, der er byggestenene i hundens helbred. Disse stoffer er vigtige for, at kroppen kan fungere og opretholde et godt helbred. Kan gives som supplement til t\u00f8rfoder, v\u00e5dfoder eller til frisk hjemmelavet mad (BARF). S\u00e6rlig egnet til hvalpe og dr\u00e6gtige hunde. Indhold:\u00a0Koralkalk (L. Calcareum) , gulerod, persille, [&hellip;]<\/p>\n","protected":false},"featured_media":6703,"comment_status":"open","ping_status":"closed","template":"","meta":[],"product_brand":[251],"product_cat":[373,374],"product_tag":[54,377],"class_list":{"0":"post-6702","1":"product","2":"type-product","3":"status-publish","4":"has-post-thumbnail","6":"product_brand-vitapetz","7":"product_cat-foder-tilskud","8":"product_cat-vitaminer-mineraler","9":"product_tag-fodertilskud-til-hunde","10":"product_tag-spormineraler","11":"pa_kilo-200-gr","12":"pa_kilo-600-gr","14":"first","15":"outofstock","16":"taxable","17":"shipping-taxable","18":"purchasable","19":"product-type-variable"},"_links":{"self":[{"href":"https:\/\/barf-aalborg.dk\/index.php\/wp-json\/wp\/v2\/product\/6702","targetHints":{"allow":["GET"]}}],"collection":[{"href":"https:\/\/barf-aalborg.dk\/index.php\/wp-json\/wp\/v2\/product"}],"about":[{"href":"https:\/\/barf-aalborg.dk\/index.php\/wp-json\/wp\/v2\/types\/product"}],"replies":[{"embeddable":true,"href":"https:\/\/barf-aalborg.dk\/index.php\/wp-json\/wp\/v2\/comments?post=6702"}],"version-history":[{"count":1,"href":"https:\/\/barf-aalborg.dk\/index.php\/wp-json\/wp\/v2\/product\/6702\/revisions"}],"predecessor-version":[{"id":6706,"href":"https:\/\/barf-aalborg.dk\/index.php\/wp-json\/wp\/v2\/product\/6702\/revisions\/6706"}],"wp:featuredmedia":[{"embeddable":true,"href":"https:\/\/barf-aalborg.dk\/index.php\/wp-json\/wp\/v2\/media\/6703"}],"wp:attachment":[{"href":"https:\/\/barf-aalborg.dk\/index.php\/wp-json\/wp\/v2\/media?parent=6702"}],"wp:term":[{"taxonomy":"product_brand","embeddable":true,"href":"https:\/\/barf-aalborg.dk\/index.php\/wp-json\/wp\/v2\/product_brand?post=6702"},{"taxonomy":"product_cat","embeddable":true,"href":"https:\/\/barf-aalborg.dk\/index.php\/wp-json\/wp\/v2\/product_cat?post=6702"},{"taxonomy":"product_tag","embeddable":true,"href":"https:\/\/barf-aalborg.dk\/index.php\/wp-json\/wp\/v2\/product_tag?post=6702"}],"curies":[{"name":"wp","href":"https:\/\/api.w.org\/{rel}","templated":true}]}}