{"id":6669,"date":"2025-05-15T12:46:52","date_gmt":"2025-05-15T10:46:52","guid":{"rendered":"https:\/\/barf-aalborg.dk\/?post_type=product&#038;p=6669"},"modified":"2025-05-15T12:46:53","modified_gmt":"2025-05-15T10:46:53","slug":"non-stop-dogwear-wool-jacket","status":"publish","type":"product","link":"https:\/\/barf-aalborg.dk\/index.php\/vare\/non-stop-dogwear-wool-jacket\/","title":{"rendered":"Non-Stop Dogwear Wool Jacket"},"content":{"rendered":"<p>Non-Stop Wool Jacket er en slidst\u00e6rk uldjakke til hunde, lavet til at optimere restitution under og efter dine udend\u00f8rs eventyr med din hund.<\/p>\n<p>Blandingen af merinould og polyester giver uld-hundejakken fantastiske kvaliteter. Uld er naturens egen pr\u00e6stationsfiber, kendt for enest\u00e5ende varme, termisk regulering, \u00e5ndbarhed og lugtreduktion.<\/p>\n<p>Uld har en lang tradition i Norge, da det absorberer fugt uden at blive koldt eller f\u00f8les v\u00e5dt.<\/p>\n<p>Polyester sikrer holdbarhed og hurtig t\u00f8rring.<\/p>\n<p>Omr\u00e5der, der er udsat for slid, er forst\u00e6rket med softshell.<\/p>\n<p>&nbsp;<\/p>\n<p>Uld-hundejakken vil holde din hund varm og optimere restitutionen. Den er justerbar for optimal pasform til din hund. Ben stropper sikrer, at jakken bliver p\u00e5 plads, n\u00e5r din hund ligger ned eller bev\u00e6ger sig rundt. Jakken er formet til at d\u00e6kke din hunds store muskelgrupper godt, samtidig med at den giver komfort og fuld bev\u00e6gelsesfrihed.<\/p>\n<p>&nbsp;<\/p>\n<p>Uld hundejakken f\u00e5s i str. 27-70, i farven m\u00f8rk bl\u00e5gr\u00f8n og sand.<\/p>\n<p>&nbsp;<\/p>\n<p>VASKEGUIDE<\/p>\n<p>Uld er et natur materiale med selvrensende egenskaber. I tilf\u00e6lde af at jakken bliver snavset, kan du skylle den eller b\u00f8rste den hurtigt af, inden pletten tr\u00e6nger ind og bliver sv\u00e6rere at fjerne.<\/p>\n<p>Hvis du vil vaske jakken i en vaskemaskine, skal du bruge uldprogrammet og specielt uldvaskemiddel.<\/p>\n<p>M\u00e5 ikke t\u00f8rretumbles.<\/p>\n<table>\n<thead>\n<tr>\n<td>St\u00f8rrelse<\/td>\n<th>27<\/th>\n<th>30<\/th>\n<th>33<\/th>\n<th>36<\/th>\n<th>40<\/th>\n<th>45<\/th>\n<th>50<\/th>\n<th>55<\/th>\n<th>60<\/th>\n<th>65<\/th>\n<th>70<\/th>\n<\/tr>\n<\/thead>\n<tbody>\n<tr>\n<td>Ryg l\u00e6ngde<\/td>\n<td>25-29\u00a0cm<\/td>\n<td>28-32\u00a0cm<\/td>\n<td>31-35\u00a0cm<\/td>\n<td>33-39\u00a0cm<\/td>\n<td>37-43\u00a0cm<\/td>\n<td>42-48\u00a0cm<\/td>\n<td>47-53\u00a0cm<\/td>\n<td>52-58\u00a0cm<\/td>\n<td>57-63\u00a0cm<\/td>\n<td>62-68\u00a0cm<\/td>\n<td>64-76\u00a0cm<\/td>\n<\/tr>\n<\/tbody>\n<\/table>\n","protected":false},"excerpt":{"rendered":"<p>Non-Stop Wool Jacket er en slidst\u00e6rk uldjakke til hunde, lavet til at optimere restitution under og efter dine udend\u00f8rs eventyr med din hund. Blandingen af merinould og polyester giver uld-hundejakken fantastiske kvaliteter. Uld er naturens egen pr\u00e6stationsfiber, kendt for enest\u00e5ende varme, termisk regulering, \u00e5ndbarhed og lugtreduktion. Uld har en lang tradition i Norge, da det [&hellip;]<\/p>\n","protected":false},"featured_media":6676,"comment_status":"open","ping_status":"closed","template":"","meta":[],"product_brand":[241],"product_cat":[336],"product_tag":[47,372,50],"class_list":{"0":"post-6669","1":"product","2":"type-product","3":"status-publish","4":"has-post-thumbnail","6":"product_brand-non-stop-dogwear","7":"product_cat-daekken","8":"product_tag-daekken","9":"product_tag-ulddaekken","10":"product_tag-vinterdaekken","11":"pa_farve-beige","12":"pa_farve-groen","13":"pa_stoerrelse-27cm","14":"pa_stoerrelse-30cm","15":"pa_stoerrelse-33cm","16":"pa_stoerrelse-36cm","17":"pa_stoerrelse-40cm","18":"pa_stoerrelse-45cm","19":"pa_stoerrelse-50cm","20":"pa_stoerrelse-55cm","21":"pa_stoerrelse-60cm","22":"pa_stoerrelse-65cm","23":"pa_stoerrelse-70cm","25":"first","26":"instock","27":"taxable","28":"shipping-taxable","29":"purchasable","30":"product-type-variable"},"_links":{"self":[{"href":"https:\/\/barf-aalborg.dk\/index.php\/wp-json\/wp\/v2\/product\/6669","targetHints":{"allow":["GET"]}}],"collection":[{"href":"https:\/\/barf-aalborg.dk\/index.php\/wp-json\/wp\/v2\/product"}],"about":[{"href":"https:\/\/barf-aalborg.dk\/index.php\/wp-json\/wp\/v2\/types\/product"}],"replies":[{"embeddable":true,"href":"https:\/\/barf-aalborg.dk\/index.php\/wp-json\/wp\/v2\/comments?post=6669"}],"version-history":[{"count":1,"href":"https:\/\/barf-aalborg.dk\/index.php\/wp-json\/wp\/v2\/product\/6669\/revisions"}],"predecessor-version":[{"id":6700,"href":"https:\/\/barf-aalborg.dk\/index.php\/wp-json\/wp\/v2\/product\/6669\/revisions\/6700"}],"wp:featuredmedia":[{"embeddable":true,"href":"https:\/\/barf-aalborg.dk\/index.php\/wp-json\/wp\/v2\/media\/6676"}],"wp:attachment":[{"href":"https:\/\/barf-aalborg.dk\/index.php\/wp-json\/wp\/v2\/media?parent=6669"}],"wp:term":[{"taxonomy":"product_brand","embeddable":true,"href":"https:\/\/barf-aalborg.dk\/index.php\/wp-json\/wp\/v2\/product_brand?post=6669"},{"taxonomy":"product_cat","embeddable":true,"href":"https:\/\/barf-aalborg.dk\/index.php\/wp-json\/wp\/v2\/product_cat?post=6669"},{"taxonomy":"product_tag","embeddable":true,"href":"https:\/\/barf-aalborg.dk\/index.php\/wp-json\/wp\/v2\/product_tag?post=6669"}],"curies":[{"name":"wp","href":"https:\/\/api.w.org\/{rel}","templated":true}]}}