{"id":6638,"date":"2025-05-13T13:43:46","date_gmt":"2025-05-13T11:43:46","guid":{"rendered":"https:\/\/barf-aalborg.dk\/?post_type=product&#038;p=6638"},"modified":"2026-04-01T10:55:09","modified_gmt":"2026-04-01T08:55:09","slug":"thule-bexey-dog-bed","status":"publish","type":"product","link":"https:\/\/barf-aalborg.dk\/index.php\/vare\/thule-bexey-dog-bed\/","title":{"rendered":"Thule Bexey Dog Bed"},"content":{"rendered":"<p>Hundeseng til cykelanh\u00e6nger.<\/p>\n<p>Den bl\u00f8de, polstrede seng giver ekstra komfort til din hund under l\u00e6ngere ture, eller hvis din hund er \u00e6ldre eller skadet.<\/p>\n<p>Hundesengen kan bruges separat b\u00e5de i hjemmet og udend\u00f8rs<\/p>\n<h5 class=\"heading5 text-color--black mb-4\"><strong>Brugervenlig og nem at reng\u00f8re<\/strong><\/h5>\n<p class=\"paragraph text-color--gray80\">Hundesengstilbeh\u00f8ret er hurtigt og nemt at installere ved hj\u00e6lp af velcrob\u00e5nd. Sengens slidst\u00e6rke ydermateriale er designet til at modst\u00e5 ridser fra din hund og kan let fjernes ved hj\u00e6lp af en lynl\u00e5s til h\u00e5ndvask.<\/p>\n<p>St\u00f8rrelse M (41 x 76 x 6 cm)\u00a0 \u00a0 &#8211;\u00a0 \u00a0L (50 x 92 x 7 cm)<\/p>\n<p>Passer til Thule Bexey<\/p>\n","protected":false},"excerpt":{"rendered":"<p>Hundeseng til cykelanh\u00e6nger. Den bl\u00f8de, polstrede seng giver ekstra komfort til din hund under l\u00e6ngere ture, eller hvis din hund er \u00e6ldre eller skadet. Hundesengen kan bruges separat b\u00e5de i hjemmet og udend\u00f8rs Brugervenlig og nem at reng\u00f8re Hundesengstilbeh\u00f8ret er hurtigt og nemt at installere ved hj\u00e6lp af velcrob\u00e5nd. Sengens slidst\u00e6rke ydermateriale er designet til [&hellip;]<\/p>\n","protected":false},"featured_media":6640,"comment_status":"open","ping_status":"closed","template":"","meta":[],"product_brand":[247],"product_cat":[349,341],"product_tag":[354,356],"class_list":{"0":"post-6638","1":"product","2":"type-product","3":"status-publish","4":"has-post-thumbnail","6":"product_brand-thule","7":"product_cat-cykel-anhaenger","8":"product_cat-transport","9":"product_tag-thule-bexey-dog-bed","10":"product_tag-tilbehoer-thule-bexey","11":"pa_stoerrelse-l","12":"pa_stoerrelse-m","14":"first","15":"instock","16":"taxable","17":"shipping-taxable","18":"purchasable","19":"product-type-variable"},"_links":{"self":[{"href":"https:\/\/barf-aalborg.dk\/index.php\/wp-json\/wp\/v2\/product\/6638","targetHints":{"allow":["GET"]}}],"collection":[{"href":"https:\/\/barf-aalborg.dk\/index.php\/wp-json\/wp\/v2\/product"}],"about":[{"href":"https:\/\/barf-aalborg.dk\/index.php\/wp-json\/wp\/v2\/types\/product"}],"replies":[{"embeddable":true,"href":"https:\/\/barf-aalborg.dk\/index.php\/wp-json\/wp\/v2\/comments?post=6638"}],"version-history":[{"count":1,"href":"https:\/\/barf-aalborg.dk\/index.php\/wp-json\/wp\/v2\/product\/6638\/revisions"}],"predecessor-version":[{"id":6643,"href":"https:\/\/barf-aalborg.dk\/index.php\/wp-json\/wp\/v2\/product\/6638\/revisions\/6643"}],"wp:featuredmedia":[{"embeddable":true,"href":"https:\/\/barf-aalborg.dk\/index.php\/wp-json\/wp\/v2\/media\/6640"}],"wp:attachment":[{"href":"https:\/\/barf-aalborg.dk\/index.php\/wp-json\/wp\/v2\/media?parent=6638"}],"wp:term":[{"taxonomy":"product_brand","embeddable":true,"href":"https:\/\/barf-aalborg.dk\/index.php\/wp-json\/wp\/v2\/product_brand?post=6638"},{"taxonomy":"product_cat","embeddable":true,"href":"https:\/\/barf-aalborg.dk\/index.php\/wp-json\/wp\/v2\/product_cat?post=6638"},{"taxonomy":"product_tag","embeddable":true,"href":"https:\/\/barf-aalborg.dk\/index.php\/wp-json\/wp\/v2\/product_tag?post=6638"}],"curies":[{"name":"wp","href":"https:\/\/api.w.org\/{rel}","templated":true}]}}