{"id":6597,"date":"2025-05-12T17:10:13","date_gmt":"2025-05-12T15:10:13","guid":{"rendered":"https:\/\/barf-aalborg.dk\/?post_type=product&#038;p=6597"},"modified":"2026-04-01T10:55:09","modified_gmt":"2026-04-01T08:55:09","slug":"thule-allax-threshold","status":"publish","type":"product","link":"https:\/\/barf-aalborg.dk\/index.php\/vare\/thule-allax-threshold\/","title":{"rendered":"Thule Allax Threshold"},"content":{"rendered":"<p>Thule Allax Treshold er til biler med s\u00e6nket bagagerumsgulv<\/p>\n<p>Thule Allax treshold hundeburet er det perfekte valg til sikre og komfortable bilture med din firbenede ven. Den er designet til virkelige situationer, er grundigt kollisionstestet og har en innovativ Crumple Zone, der giver overlegen beskyttelse for b\u00e5de passagerer og din hund. D\u00f8ren er gas d\u00e6mpet, s\u00e5 den \u00e5bner og lukker bl\u00f8dt, og kassen har en indbygget l\u00e5s for ekstra sikkerhed.<\/p>\n<p>Hundeburet f\u00e5s i forskellige st\u00f8rrelser, alle med afrundede kanter for at give en perfekt pasform til begge &#8211; din bil og din hund. Derudover kan hundetransportkassen justeres i dybden, s\u00e5 den passer perfekt ind i dit bagagerum og sp\u00e6ndingsb\u00e5nd sikrer, at det forbliver sikkert fastgjort under k\u00f8rslen.<\/p>\n<p>Veldesignet og velbygget &#8211; ingen st\u00f8j eller raslen kommer fra dette f\u00f8rsteklasses hundebur.<\/p>\n<p>Thule Allax Treshold har et vindue, der giver forbedret synlighed n\u00e5r som helst. P\u00e5 denne m\u00e5de kan du kontrollere din hund, n\u00e5r du vil.<\/p>\n<p>PRODUKT MATERIALER:\u00a0 Aluminium og st\u00e5l<\/p>\n<p>Registrere du dit Thule Allax Treshold bur hos Thule, gives der 3 \u00e5rs ekstra garanti p\u00e5 buret. Alts\u00e5 5 \u00e5rs garanti!<\/p>\n<div class=\"page\" role=\"region\" data-page-number=\"1\" aria-label=\"Page 1\" data-loaded=\"true\">\n<div class=\"textLayer\">\n<div class=\"page\" role=\"region\" data-loaded=\"true\" aria-label=\"Page 1\" data-page-number=\"1\">\n<div class=\"textLayer\">Leveringstid, hvis ikke at det er p\u00e5 lager ca. 1 uge<\/div>\n<\/div>\n<div class=\"page\" role=\"region\" data-loaded=\"true\" aria-label=\"Page 2\" data-page-number=\"2\">\n<div class=\"textLayer\"><\/div>\n<\/div>\n<div class=\"endOfContent\">\n<table width=\"427\">\n<tbody>\n<tr>\n<td width=\"94\">Bur<\/td>\n<td width=\"127\">St\u00f8rrelse<\/td>\n<td width=\"56\">V\u00e6gt bur<\/td>\n<td width=\"33\"><\/td>\n<td width=\"53\">Max v\u00e6gt hund<\/td>\n<td width=\"64\"><\/td>\n<\/tr>\n<tr>\n<td><\/td>\n<td><\/td>\n<td><\/td>\n<td><\/td>\n<td><\/td>\n<td><\/td>\n<\/tr>\n<tr>\n<td>XS<\/td>\n<td>50x50x66-72 cm<\/td>\n<td>15,5<\/td>\n<td>kg.<\/td>\n<td>25<\/td>\n<td>kg.<\/td>\n<\/tr>\n<tr>\n<td>S<\/td>\n<td>55x58x72-80 cm<\/td>\n<td>17,7<\/td>\n<td>kg.<\/td>\n<td>30<\/td>\n<td>kg.<\/td>\n<\/tr>\n<tr>\n<td>M<\/td>\n<td>65x65x82-90 cm<\/td>\n<td>23,3<\/td>\n<td>kg.<\/td>\n<td>35<\/td>\n<td>kg.<\/td>\n<\/tr>\n<tr>\n<td><\/td>\n<td><\/td>\n<td><\/td>\n<td><\/td>\n<td><\/td>\n<td><\/td>\n<\/tr>\n<tr>\n<td><\/td>\n<td><\/td>\n<td><\/td>\n<td><\/td>\n<td><\/td>\n<td><\/td>\n<\/tr>\n<tr>\n<td><\/td>\n<td><\/td>\n<td><\/td>\n<td><\/td>\n<td><\/td>\n<td><\/td>\n<\/tr>\n<tr>\n<td><\/td>\n<td><\/td>\n<td><\/td>\n<td><\/td>\n<td><\/td>\n<td><\/td>\n<\/tr>\n<tr>\n<td>M Compact<\/td>\n<td>65x65x77-82 cm<\/td>\n<td>22,0<\/td>\n<td>kg.<\/td>\n<td>35<\/td>\n<td>kg.<\/td>\n<\/tr>\n<tr>\n<td>L Compact<\/td>\n<td>70x69x87-93 cm<\/td>\n<td>23,4<\/td>\n<td>kg.<\/td>\n<td>45<\/td>\n<td>kg.<\/td>\n<\/tr>\n<tr>\n<td><\/td>\n<td><\/td>\n<td><\/td>\n<td><\/td>\n<td><\/td>\n<td><\/td>\n<\/tr>\n<tr>\n<td><\/td>\n<td><\/td>\n<td><\/td>\n<td><\/td>\n<td><\/td>\n<td><\/td>\n<\/tr>\n<\/tbody>\n<\/table>\n<\/div>\n<\/div>\n<\/div>\n<div class=\"page\" role=\"region\" data-page-number=\"2\" aria-label=\"Page 2\" data-loaded=\"true\">\n<div class=\"canvasWrapper\"><\/div>\n<\/div>\n","protected":false},"excerpt":{"rendered":"<p>Thule Allax Treshold er til biler med s\u00e6nket bagagerumsgulv Thule Allax treshold hundeburet er det perfekte valg til sikre og komfortable bilture med din firbenede ven. Den er designet til virkelige situationer, er grundigt kollisionstestet og har en innovativ Crumple Zone, der giver overlegen beskyttelse for b\u00e5de passagerer og din hund. D\u00f8ren er gas d\u00e6mpet, [&hellip;]<\/p>\n","protected":false},"featured_media":477,"comment_status":"open","ping_status":"closed","template":"","meta":[],"product_brand":[247],"product_cat":[338,341],"product_tag":[347,348,52],"class_list":{"0":"post-6597","1":"product","2":"type-product","3":"status-publish","4":"has-post-thumbnail","6":"product_brand-thule","7":"product_cat-sikkerhed","8":"product_cat-transport","9":"product_tag-crash-teste-hundebur","10":"product_tag-hundebur","11":"product_tag-sikkerhed","12":"pa_stoerrelse-l","13":"pa_stoerrelse-l-compact","14":"pa_stoerrelse-m","15":"pa_stoerrelse-m-compact","16":"pa_stoerrelse-s","17":"pa_stoerrelse-xl","18":"pa_stoerrelse-xl-compact","19":"pa_stoerrelse-xs","20":"pa_stoerrelse-xxl","21":"pa_stoerrelse-xxl-compact","23":"first","24":"instock","25":"taxable","26":"shipping-taxable","27":"purchasable","28":"product-type-variable"},"_links":{"self":[{"href":"https:\/\/barf-aalborg.dk\/index.php\/wp-json\/wp\/v2\/product\/6597","targetHints":{"allow":["GET"]}}],"collection":[{"href":"https:\/\/barf-aalborg.dk\/index.php\/wp-json\/wp\/v2\/product"}],"about":[{"href":"https:\/\/barf-aalborg.dk\/index.php\/wp-json\/wp\/v2\/types\/product"}],"replies":[{"embeddable":true,"href":"https:\/\/barf-aalborg.dk\/index.php\/wp-json\/wp\/v2\/comments?post=6597"}],"version-history":[{"count":2,"href":"https:\/\/barf-aalborg.dk\/index.php\/wp-json\/wp\/v2\/product\/6597\/revisions"}],"predecessor-version":[{"id":6613,"href":"https:\/\/barf-aalborg.dk\/index.php\/wp-json\/wp\/v2\/product\/6597\/revisions\/6613"}],"wp:featuredmedia":[{"embeddable":true,"href":"https:\/\/barf-aalborg.dk\/index.php\/wp-json\/wp\/v2\/media\/477"}],"wp:attachment":[{"href":"https:\/\/barf-aalborg.dk\/index.php\/wp-json\/wp\/v2\/media?parent=6597"}],"wp:term":[{"taxonomy":"product_brand","embeddable":true,"href":"https:\/\/barf-aalborg.dk\/index.php\/wp-json\/wp\/v2\/product_brand?post=6597"},{"taxonomy":"product_cat","embeddable":true,"href":"https:\/\/barf-aalborg.dk\/index.php\/wp-json\/wp\/v2\/product_cat?post=6597"},{"taxonomy":"product_tag","embeddable":true,"href":"https:\/\/barf-aalborg.dk\/index.php\/wp-json\/wp\/v2\/product_tag?post=6597"}],"curies":[{"name":"wp","href":"https:\/\/api.w.org\/{rel}","templated":true}]}}