{"id":6538,"date":"2025-05-12T14:48:34","date_gmt":"2025-05-12T12:48:34","guid":{"rendered":"https:\/\/barf-aalborg.dk\/?post_type=product&#038;p=6538"},"modified":"2025-05-12T14:48:35","modified_gmt":"2025-05-12T12:48:35","slug":"non-stop-strong-leash","status":"publish","type":"product","link":"https:\/\/barf-aalborg.dk\/index.php\/vare\/non-stop-strong-leash\/","title":{"rendered":"Non-Stop Strong Leash"},"content":{"rendered":"<div class=\"opened-product__details\">\n<div class=\"opened-product__description\">\n<p>Non-Stop Strong leash f\u00e5s i en r\u00e6kke forskellige l\u00e6ngder og kan derfor bruges til mange form\u00e5l.<\/p>\n<p>Den korteste snor er fremragende til at \u00f8ve sig i hverdagslydighed. Den l\u00e6ngste version giver din hund mere frihed til at udforske omgivelserne p\u00e5 en g\u00e5tur. Hvis du vil have lidt af begge dele, har vi ogs\u00e5 en 2 m version, som giver dig b\u00e5de kontrol og frihed til din hund.<\/p>\n<p>St\u00e6rk snor er kanalsyet, hvilket g\u00f8r den meget behagelig at holde. Hundesnoren leveres med et 3M reflekterende plaster for h\u00f8j synlighed i m\u00f8rke.<\/p>\n<\/div>\n<\/div>\n<div class=\"opened-product__specifications\">\n<h3>Specifikationer<\/h3>\n<div class=\"opened-product__specifications-list\">\n<ul>\n<li>Nylon<\/li>\n<li>3M reflekterende materiale<\/li>\n<li>Drejelig karabinhage<\/li>\n<li>Bredde: 26mm<\/li>\n<li>V\u00e6gt: 160 gram (2meter)<\/li>\n<\/ul>\n<\/div>\n<\/div>\n","protected":false},"excerpt":{"rendered":"<p>Non-Stop Strong leash f\u00e5s i en r\u00e6kke forskellige l\u00e6ngder og kan derfor bruges til mange form\u00e5l. Den korteste snor er fremragende til at \u00f8ve sig i hverdagslydighed. Den l\u00e6ngste version giver din hund mere frihed til at udforske omgivelserne p\u00e5 en g\u00e5tur. Hvis du vil have lidt af begge dele, har vi ogs\u00e5 en 2 [&hellip;]<\/p>\n","protected":false},"featured_media":6541,"comment_status":"open","ping_status":"closed","template":"","meta":[],"product_brand":[241],"product_cat":[330],"product_tag":[41],"class_list":{"0":"post-6538","1":"product","2":"type-product","3":"status-publish","4":"has-post-thumbnail","6":"product_brand-non-stop-dogwear","7":"product_cat-hunde-line","8":"product_tag-liner-til-hunde","9":"pa_laengde-20m","10":"pa_laengde-30m","12":"first","13":"instock","14":"taxable","15":"shipping-taxable","16":"purchasable","17":"product-type-variable"},"_links":{"self":[{"href":"https:\/\/barf-aalborg.dk\/index.php\/wp-json\/wp\/v2\/product\/6538","targetHints":{"allow":["GET"]}}],"collection":[{"href":"https:\/\/barf-aalborg.dk\/index.php\/wp-json\/wp\/v2\/product"}],"about":[{"href":"https:\/\/barf-aalborg.dk\/index.php\/wp-json\/wp\/v2\/types\/product"}],"replies":[{"embeddable":true,"href":"https:\/\/barf-aalborg.dk\/index.php\/wp-json\/wp\/v2\/comments?post=6538"}],"version-history":[{"count":1,"href":"https:\/\/barf-aalborg.dk\/index.php\/wp-json\/wp\/v2\/product\/6538\/revisions"}],"predecessor-version":[{"id":6544,"href":"https:\/\/barf-aalborg.dk\/index.php\/wp-json\/wp\/v2\/product\/6538\/revisions\/6544"}],"wp:featuredmedia":[{"embeddable":true,"href":"https:\/\/barf-aalborg.dk\/index.php\/wp-json\/wp\/v2\/media\/6541"}],"wp:attachment":[{"href":"https:\/\/barf-aalborg.dk\/index.php\/wp-json\/wp\/v2\/media?parent=6538"}],"wp:term":[{"taxonomy":"product_brand","embeddable":true,"href":"https:\/\/barf-aalborg.dk\/index.php\/wp-json\/wp\/v2\/product_brand?post=6538"},{"taxonomy":"product_cat","embeddable":true,"href":"https:\/\/barf-aalborg.dk\/index.php\/wp-json\/wp\/v2\/product_cat?post=6538"},{"taxonomy":"product_tag","embeddable":true,"href":"https:\/\/barf-aalborg.dk\/index.php\/wp-json\/wp\/v2\/product_tag?post=6538"}],"curies":[{"name":"wp","href":"https:\/\/api.w.org\/{rel}","templated":true}]}}