{"id":6526,"date":"2025-05-12T14:43:12","date_gmt":"2025-05-12T12:43:12","guid":{"rendered":"https:\/\/barf-aalborg.dk\/?post_type=product&#038;p=6526"},"modified":"2026-02-06T14:01:09","modified_gmt":"2026-02-06T13:01:09","slug":"non-stop-bungee-leash","status":"publish","type":"product","link":"https:\/\/barf-aalborg.dk\/index.php\/vare\/non-stop-bungee-leash\/","title":{"rendered":"Non-Stop Bungee Leash"},"content":{"rendered":"<div class=\"opened-product__details\">\n<div class=\"opened-product__description\">\n<p>Non-Stop Bungee-snoren til professionel l\u00f8bsbrug, men det er en fremragende linje til enhver aktiv hund og ejer. En elastisk snor absorberer st\u00f8d og er sk\u00e5nsom mod ryggen p\u00e5 b\u00e5de dig og din hund.<\/p>\n<p>Bungee-snoren f\u00e5s i to l\u00e6ngder, 2 meter og 2,8 meter. Den 2 meter lange snor giver positiv kontrol over din hund og er ideel til canicross og vandreture. Til aktiviteter som bikejoring og skijoring, hvor der kr\u00e6ves en sikker afstand til dit udstyr, er l\u00e6ngden p\u00e5 2,8 meter det perfekte valg.<\/p>\n<p>Kernen i Bungee-snoren er lavet af gummi af h\u00f8j kvalitet, der er st\u00e6rk nok til at holde selv de st\u00e6rkeste hunde. Kernen er beskyttet af et slidst\u00e6rkt polyesterlag.<\/p>\n<p>Bungee-snoren er fastgjort til din hunds sele med en Twistlock-karabinhage, som er den sikreste l\u00f8sning, der findes. Karabinhagen l\u00e5ser sig selv og sikrer, at din hund ikke kommer l\u00f8s.<\/p>\n<p>Bungee-snoren f\u00e5s i to farver; orange\/sort og bl\u00e5.<\/p>\n<\/div>\n<\/div>\n<div class=\"opened-product__specifications\">\n<h3>Specifikationer<\/h3>\n<div class=\"opened-product__specifications-list\">\n<ul>\n<li>Gummikerne<\/li>\n<li>Slidst\u00e6rkt yderlag af polyester<\/li>\n<li>Twistlock karabinhage vurderet til 300 kg\/661,4 pund<\/li>\n<li>To l\u00e6ngder: 2 meter (78,7 tommer) og 2,8 meter (110,2 tommer)<\/li>\n<li>Farve: Orange\/sort og bl\u00e5<\/li>\n<\/ul>\n<\/div>\n<\/div>\n","protected":false},"excerpt":{"rendered":"<p>Non-Stop Bungee-snoren til professionel l\u00f8bsbrug, men det er en fremragende linje til enhver aktiv hund og ejer. En elastisk snor absorberer st\u00f8d og er sk\u00e5nsom mod ryggen p\u00e5 b\u00e5de dig og din hund. Bungee-snoren f\u00e5s i to l\u00e6ngder, 2 meter og 2,8 meter. Den 2 meter lange snor giver positiv kontrol over din hund og [&hellip;]<\/p>\n","protected":false},"featured_media":6529,"comment_status":"open","ping_status":"closed","template":"","meta":[],"product_brand":[241],"product_cat":[330],"product_tag":[41],"class_list":{"0":"post-6526","1":"product","2":"type-product","3":"status-publish","4":"has-post-thumbnail","6":"product_brand-non-stop-dogwear","7":"product_cat-hunde-line","8":"product_tag-liner-til-hunde","9":"pa_farve-blaa","10":"pa_farve-orange-sort","11":"pa_laengde-20m","12":"pa_laengde-28m","14":"first","15":"instock","16":"taxable","17":"shipping-taxable","18":"purchasable","19":"product-type-variable"},"_links":{"self":[{"href":"https:\/\/barf-aalborg.dk\/index.php\/wp-json\/wp\/v2\/product\/6526","targetHints":{"allow":["GET"]}}],"collection":[{"href":"https:\/\/barf-aalborg.dk\/index.php\/wp-json\/wp\/v2\/product"}],"about":[{"href":"https:\/\/barf-aalborg.dk\/index.php\/wp-json\/wp\/v2\/types\/product"}],"replies":[{"embeddable":true,"href":"https:\/\/barf-aalborg.dk\/index.php\/wp-json\/wp\/v2\/comments?post=6526"}],"version-history":[{"count":1,"href":"https:\/\/barf-aalborg.dk\/index.php\/wp-json\/wp\/v2\/product\/6526\/revisions"}],"predecessor-version":[{"id":6532,"href":"https:\/\/barf-aalborg.dk\/index.php\/wp-json\/wp\/v2\/product\/6526\/revisions\/6532"}],"wp:featuredmedia":[{"embeddable":true,"href":"https:\/\/barf-aalborg.dk\/index.php\/wp-json\/wp\/v2\/media\/6529"}],"wp:attachment":[{"href":"https:\/\/barf-aalborg.dk\/index.php\/wp-json\/wp\/v2\/media?parent=6526"}],"wp:term":[{"taxonomy":"product_brand","embeddable":true,"href":"https:\/\/barf-aalborg.dk\/index.php\/wp-json\/wp\/v2\/product_brand?post=6526"},{"taxonomy":"product_cat","embeddable":true,"href":"https:\/\/barf-aalborg.dk\/index.php\/wp-json\/wp\/v2\/product_cat?post=6526"},{"taxonomy":"product_tag","embeddable":true,"href":"https:\/\/barf-aalborg.dk\/index.php\/wp-json\/wp\/v2\/product_tag?post=6526"}],"curies":[{"name":"wp","href":"https:\/\/api.w.org\/{rel}","templated":true}]}}