{"id":6516,"date":"2025-05-12T13:16:50","date_gmt":"2025-05-12T11:16:50","guid":{"rendered":"https:\/\/barf-aalborg.dk\/?post_type=product&#038;p=6516"},"modified":"2025-05-12T13:20:19","modified_gmt":"2025-05-12T11:20:19","slug":"non-stop-friction-long-line","status":"publish","type":"product","link":"https:\/\/barf-aalborg.dk\/index.php\/vare\/non-stop-friction-long-line\/","title":{"rendered":"Non-Stop Friction Long Line"},"content":{"rendered":"<div class=\"opened-product__details\">\n<div class=\"opened-product__description\">\n<p>Denne lange line giver din hund frihed til at bev\u00e6ge sig gennem terr\u00e6net. En lang line er ogs\u00e5 nyttig til at opbygge gode vaner til at g\u00e5 uden snor.<\/p>\n<p>Friction long line er let og nem at h\u00e5ndtere. Linen glider let gennem terr\u00e6net uden at blive viklet sammen. Gummiindsatserne giver dig fremragende greb under alle forhold. B\u00e5ndet fungerer godt i vand.<\/p>\n<p>Vi har valgt holdbare materialer, der kan modst\u00e5 slitage for\u00e5rsaget af kontakt med jord og vegetation. Syningerne er forst\u00e6rket med Hypalon, som ogs\u00e5 kan findes for enden af linen, s\u00e5 den er nem at m\u00e6rke, n\u00e5r du l\u00f8ber t\u00f8r for line.<\/p>\n<p>Friction long line er udstyret med en Twistlock karabinhage, der l\u00e5ser automatisk. Dette holder din hund sikker til enhver tid. Svirvelen roterer for at forhindre, at linen vrider sig.<\/p>\n<p>Den lyse orange farve giver synlighed. Friction long line f\u00e5s i to l\u00e6ngder; 10 meter\/32,9 fod og 15 meter\/49,2 fod.<\/p>\n<\/div>\n<\/div>\n<div class=\"opened-product__specifications\">\n<h3>Specifikationer<\/h3>\n<div class=\"opened-product__specifications-list\">\n<ul>\n<li>Polyesterb\u00e5nd med gummiindsatser<\/li>\n<li>Hypalon forst\u00e6rkning<\/li>\n<li>Twistlock karabinhage<\/li>\n<li>L\u00e6ngde: 10 m\/32,9 fod og 15 m\/49,2 fod.<\/li>\n<li>Bredde: 20 mm<\/li>\n<li>V\u00e6gt: 10 m = 314 g \/ 15 m = 456 g<\/li>\n<li>Farve: Orange<\/li>\n<\/ul>\n<\/div>\n<\/div>\n","protected":false},"excerpt":{"rendered":"<p>Denne lange line giver din hund frihed til at bev\u00e6ge sig gennem terr\u00e6net. En lang line er ogs\u00e5 nyttig til at opbygge gode vaner til at g\u00e5 uden snor. Friction long line er let og nem at h\u00e5ndtere. Linen glider let gennem terr\u00e6net uden at blive viklet sammen. Gummiindsatserne giver dig fremragende greb under alle [&hellip;]<\/p>\n","protected":false},"featured_media":6523,"comment_status":"open","ping_status":"closed","template":"","meta":[],"product_brand":[241],"product_cat":[330],"product_tag":[41,329],"class_list":{"0":"post-6516","1":"product","2":"type-product","3":"status-publish","4":"has-post-thumbnail","6":"product_brand-non-stop-dogwear","7":"product_cat-hunde-line","8":"product_tag-liner-til-hunde","9":"product_tag-spor-line","11":"first","12":"instock","13":"taxable","14":"shipping-taxable","15":"purchasable","16":"product-type-simple"},"_links":{"self":[{"href":"https:\/\/barf-aalborg.dk\/index.php\/wp-json\/wp\/v2\/product\/6516","targetHints":{"allow":["GET"]}}],"collection":[{"href":"https:\/\/barf-aalborg.dk\/index.php\/wp-json\/wp\/v2\/product"}],"about":[{"href":"https:\/\/barf-aalborg.dk\/index.php\/wp-json\/wp\/v2\/types\/product"}],"replies":[{"embeddable":true,"href":"https:\/\/barf-aalborg.dk\/index.php\/wp-json\/wp\/v2\/comments?post=6516"}],"version-history":[{"count":1,"href":"https:\/\/barf-aalborg.dk\/index.php\/wp-json\/wp\/v2\/product\/6516\/revisions"}],"predecessor-version":[{"id":6524,"href":"https:\/\/barf-aalborg.dk\/index.php\/wp-json\/wp\/v2\/product\/6516\/revisions\/6524"}],"wp:featuredmedia":[{"embeddable":true,"href":"https:\/\/barf-aalborg.dk\/index.php\/wp-json\/wp\/v2\/media\/6523"}],"wp:attachment":[{"href":"https:\/\/barf-aalborg.dk\/index.php\/wp-json\/wp\/v2\/media?parent=6516"}],"wp:term":[{"taxonomy":"product_brand","embeddable":true,"href":"https:\/\/barf-aalborg.dk\/index.php\/wp-json\/wp\/v2\/product_brand?post=6516"},{"taxonomy":"product_cat","embeddable":true,"href":"https:\/\/barf-aalborg.dk\/index.php\/wp-json\/wp\/v2\/product_cat?post=6516"},{"taxonomy":"product_tag","embeddable":true,"href":"https:\/\/barf-aalborg.dk\/index.php\/wp-json\/wp\/v2\/product_tag?post=6516"}],"curies":[{"name":"wp","href":"https:\/\/api.w.org\/{rel}","templated":true}]}}