{"id":6502,"date":"2025-05-12T12:30:29","date_gmt":"2025-05-12T10:30:29","guid":{"rendered":"https:\/\/barf-aalborg.dk\/?post_type=product&#038;p=6502"},"modified":"2025-05-12T12:31:23","modified_gmt":"2025-05-12T10:31:23","slug":"kurgo-rsg-aktivitetsbaelte-blaa-graa","status":"publish","type":"product","link":"https:\/\/barf-aalborg.dk\/index.php\/vare\/kurgo-rsg-aktivitetsbaelte-blaa-graa\/","title":{"rendered":"Kurgo RSG Aktivitetsb\u00e6lte Bl\u00e5\/Gr\u00e5"},"content":{"rendered":"<p>Kurgo l\u00f8beb\u00e6lte er lavet af h\u00e5rd polyester v\u00e6vning og holdbar ripstop, det er en robust og et uendeligt alsidigt v\u00e6sentligt element, uanset hvor du skal hen. Designet betyder, at du kan tilf\u00f8je det tilbeh\u00f8r, du har brug for.<\/p>\n<p>Justerbar pasform: 72-115 cm<br \/>\nReflekterende trim<br \/>\nLetv\u00e6gts polstring for komfort<\/p>\n","protected":false},"excerpt":{"rendered":"<p>Kurgo l\u00f8beb\u00e6lte er lavet af h\u00e5rd polyester v\u00e6vning og holdbar ripstop, det er en robust og et uendeligt alsidigt v\u00e6sentligt element, uanset hvor du skal hen. Designet betyder, at du kan tilf\u00f8je det tilbeh\u00f8r, du har brug for. Justerbar pasform: 72-115 cm Reflekterende trim Letv\u00e6gts polstring for komfort<\/p>\n","protected":false},"featured_media":6503,"comment_status":"open","ping_status":"closed","template":"","meta":[],"product_brand":[228],"product_cat":[327,328],"product_tag":[44],"class_list":{"0":"post-6502","1":"product","2":"type-product","3":"status-publish","4":"has-post-thumbnail","6":"product_brand-kurgo","7":"product_cat-ejeren","8":"product_cat-loebebaelte","9":"product_tag-loebebaelte","11":"first","12":"instock","13":"taxable","14":"shipping-taxable","15":"purchasable","16":"product-type-simple"},"_links":{"self":[{"href":"https:\/\/barf-aalborg.dk\/index.php\/wp-json\/wp\/v2\/product\/6502","targetHints":{"allow":["GET"]}}],"collection":[{"href":"https:\/\/barf-aalborg.dk\/index.php\/wp-json\/wp\/v2\/product"}],"about":[{"href":"https:\/\/barf-aalborg.dk\/index.php\/wp-json\/wp\/v2\/types\/product"}],"replies":[{"embeddable":true,"href":"https:\/\/barf-aalborg.dk\/index.php\/wp-json\/wp\/v2\/comments?post=6502"}],"version-history":[{"count":1,"href":"https:\/\/barf-aalborg.dk\/index.php\/wp-json\/wp\/v2\/product\/6502\/revisions"}],"predecessor-version":[{"id":6507,"href":"https:\/\/barf-aalborg.dk\/index.php\/wp-json\/wp\/v2\/product\/6502\/revisions\/6507"}],"wp:featuredmedia":[{"embeddable":true,"href":"https:\/\/barf-aalborg.dk\/index.php\/wp-json\/wp\/v2\/media\/6503"}],"wp:attachment":[{"href":"https:\/\/barf-aalborg.dk\/index.php\/wp-json\/wp\/v2\/media?parent=6502"}],"wp:term":[{"taxonomy":"product_brand","embeddable":true,"href":"https:\/\/barf-aalborg.dk\/index.php\/wp-json\/wp\/v2\/product_brand?post=6502"},{"taxonomy":"product_cat","embeddable":true,"href":"https:\/\/barf-aalborg.dk\/index.php\/wp-json\/wp\/v2\/product_cat?post=6502"},{"taxonomy":"product_tag","embeddable":true,"href":"https:\/\/barf-aalborg.dk\/index.php\/wp-json\/wp\/v2\/product_tag?post=6502"}],"curies":[{"name":"wp","href":"https:\/\/api.w.org\/{rel}","templated":true}]}}