{"id":6366,"date":"2025-05-07T10:54:18","date_gmt":"2025-05-07T08:54:18","guid":{"rendered":"https:\/\/barf-aalborg.dk\/?post_type=product&#038;p=6366"},"modified":"2025-05-07T11:18:17","modified_gmt":"2025-05-07T09:18:17","slug":"mush-ft-chicken","status":"publish","type":"product","link":"https:\/\/barf-aalborg.dk\/index.php\/vare\/mush-ft-chicken\/","title":{"rendered":"Mush FT Chicken 50gr."},"content":{"rendered":"<p>Mush FT Chicken\u00a0 er en sk\u00e5nsom godbid, men fuld af smag.<\/p>\n<p>Indehold: Kylling (k\u00f8d, kr\u00e5ser, lever, hjerte, knogler og brusk).<\/p>\n<p>Produceret i Sverige.<\/p>\n","protected":false},"excerpt":{"rendered":"<p>Mush FT Chicken\u00a0 er en sk\u00e5nsom godbid, men fuld af smag. Indehold: Kylling (k\u00f8d, kr\u00e5ser, lever, hjerte, knogler og brusk). Produceret i Sverige.<\/p>\n","protected":false},"featured_media":6367,"comment_status":"open","ping_status":"closed","template":"","meta":[],"product_brand":[234],"product_cat":[257],"product_tag":[312,40,92],"class_list":{"0":"post-6366","1":"product","2":"type-product","3":"status-publish","4":"has-post-thumbnail","6":"product_brand-mush","7":"product_cat-godbidder","8":"product_tag-frysetoerret-godbid","9":"product_tag-godbidder","10":"product_tag-traeningsgodbidder","12":"first","13":"instock","14":"taxable","15":"shipping-taxable","16":"purchasable","17":"product-type-simple"},"_links":{"self":[{"href":"https:\/\/barf-aalborg.dk\/index.php\/wp-json\/wp\/v2\/product\/6366","targetHints":{"allow":["GET"]}}],"collection":[{"href":"https:\/\/barf-aalborg.dk\/index.php\/wp-json\/wp\/v2\/product"}],"about":[{"href":"https:\/\/barf-aalborg.dk\/index.php\/wp-json\/wp\/v2\/types\/product"}],"replies":[{"embeddable":true,"href":"https:\/\/barf-aalborg.dk\/index.php\/wp-json\/wp\/v2\/comments?post=6366"}],"version-history":[{"count":2,"href":"https:\/\/barf-aalborg.dk\/index.php\/wp-json\/wp\/v2\/product\/6366\/revisions"}],"predecessor-version":[{"id":6373,"href":"https:\/\/barf-aalborg.dk\/index.php\/wp-json\/wp\/v2\/product\/6366\/revisions\/6373"}],"wp:featuredmedia":[{"embeddable":true,"href":"https:\/\/barf-aalborg.dk\/index.php\/wp-json\/wp\/v2\/media\/6367"}],"wp:attachment":[{"href":"https:\/\/barf-aalborg.dk\/index.php\/wp-json\/wp\/v2\/media?parent=6366"}],"wp:term":[{"taxonomy":"product_brand","embeddable":true,"href":"https:\/\/barf-aalborg.dk\/index.php\/wp-json\/wp\/v2\/product_brand?post=6366"},{"taxonomy":"product_cat","embeddable":true,"href":"https:\/\/barf-aalborg.dk\/index.php\/wp-json\/wp\/v2\/product_cat?post=6366"},{"taxonomy":"product_tag","embeddable":true,"href":"https:\/\/barf-aalborg.dk\/index.php\/wp-json\/wp\/v2\/product_tag?post=6366"}],"curies":[{"name":"wp","href":"https:\/\/api.w.org\/{rel}","templated":true}]}}