{"id":6358,"date":"2025-05-07T10:47:23","date_gmt":"2025-05-07T08:47:23","guid":{"rendered":"https:\/\/barf-aalborg.dk\/?post_type=product&#038;p=6358"},"modified":"2025-05-07T10:47:23","modified_gmt":"2025-05-07T08:47:23","slug":"ziwipeak-steam-dried-cat-fish-pouch","status":"publish","type":"product","link":"https:\/\/barf-aalborg.dk\/index.php\/vare\/ziwipeak-steam-dried-cat-fish-pouch\/","title":{"rendered":"ZiwiPeak Steam &#038; Dried, Cat Fish Pouch"},"content":{"rendered":"<p><strong>ZiwiPeak Steam &amp; Dried, Cat Fish Pouch\u00a0<\/strong><\/p>\n<p>Til den kr\u00e6sne kat. Et l\u00e6kkert, komplet og afbalanceret m\u00e5ltid rigt p\u00e5 omega-3&#8217;er for at underst\u00f8tte din kats hud- og pelssundhed. Vildfanget hel makrel, sydlig bl\u00e5hvilling, hoki og sardiner er rige kilder til Omega-3 fedtsyrer for at st\u00f8tte hudens generelle sundhed og en skinnende pels.<\/p>\n<p><strong>Sammens\u00e6tning:\u00a0<\/strong>72 % fisk (inklusive hele makrel, hoki, hel sydlig bl\u00e5hvilling, hel makrel), 7,5 % kylling, 4,5 % kyllingefedt, t\u00f8rrede gule \u00e6rter, t\u00f8rrede gr\u00f8nne linser, 3 % t\u00f8rret \u00e6ggehvide, lecithin, t\u00f8rret quinoa, t\u00f8rret \u00e6ble Presserester, mineraler, t\u00f8rret tang.<\/p>\n<p><strong>Analyse:\u00a0<\/strong>R\u00e5protein 44% Fedtindhold 29% R\u00e5fibre 1 % Fugt 6 % R\u00e5aske 8 % Omega-3 fedtsyrer 2,7% Kalorieindhold (beregnet) 4400 kcal\/kg<\/p>\n<p><strong>Ern\u00e6ringsm\u00e6ssige tils\u00e6tningsstoffer:\u00a0<\/strong>Vitamin D3 220 IE, zink (som zinkchelat af proteinhydrolysater) 44 mg, kobber (som kobber(II)chelat af proteinhydrolysater) 8,8 mg, jern (som jern(II)chelat af glycinhydrat) 26 mg, mangan (som Manganchelat af proteinhydrolysater) 4,4 mg; Teknologiske tils\u00e6tningsstoffer: Antioxidanter (tocopherolekstrakter af vegetabilske olier).<\/p>\n","protected":false},"excerpt":{"rendered":"<p>ZiwiPeak Steam &amp; Dried, Cat Fish Pouch\u00a0 Til den kr\u00e6sne kat. Et l\u00e6kkert, komplet og afbalanceret m\u00e5ltid rigt p\u00e5 omega-3&#8217;er for at underst\u00f8tte din kats hud- og pelssundhed. Vildfanget hel makrel, sydlig bl\u00e5hvilling, hoki og sardiner er rige kilder til Omega-3 fedtsyrer for at st\u00f8tte hudens generelle sundhed og en skinnende pels. Sammens\u00e6tning:\u00a072 % fisk [&hellip;]<\/p>\n","protected":false},"featured_media":6355,"comment_status":"open","ping_status":"closed","template":"","meta":[],"product_brand":[255],"product_cat":[297,311],"product_tag":[62,63,299],"class_list":{"0":"post-6358","1":"product","2":"type-product","3":"status-publish","4":"has-post-thumbnail","6":"product_brand-ziwipeak","7":"product_cat-toerfoder-kat","8":"product_cat-ziwipeak-kat","9":"product_tag-kattefoder","10":"product_tag-kornfrit-toerfoder-til-katte","11":"product_tag-toerfoder-kat","12":"pa_kilo-309","13":"pa_kilo-289","15":"first","16":"instock","17":"taxable","18":"shipping-taxable","19":"purchasable","20":"product-type-variable"},"_links":{"self":[{"href":"https:\/\/barf-aalborg.dk\/index.php\/wp-json\/wp\/v2\/product\/6358","targetHints":{"allow":["GET"]}}],"collection":[{"href":"https:\/\/barf-aalborg.dk\/index.php\/wp-json\/wp\/v2\/product"}],"about":[{"href":"https:\/\/barf-aalborg.dk\/index.php\/wp-json\/wp\/v2\/types\/product"}],"replies":[{"embeddable":true,"href":"https:\/\/barf-aalborg.dk\/index.php\/wp-json\/wp\/v2\/comments?post=6358"}],"version-history":[{"count":1,"href":"https:\/\/barf-aalborg.dk\/index.php\/wp-json\/wp\/v2\/product\/6358\/revisions"}],"predecessor-version":[{"id":6361,"href":"https:\/\/barf-aalborg.dk\/index.php\/wp-json\/wp\/v2\/product\/6358\/revisions\/6361"}],"wp:featuredmedia":[{"embeddable":true,"href":"https:\/\/barf-aalborg.dk\/index.php\/wp-json\/wp\/v2\/media\/6355"}],"wp:attachment":[{"href":"https:\/\/barf-aalborg.dk\/index.php\/wp-json\/wp\/v2\/media?parent=6358"}],"wp:term":[{"taxonomy":"product_brand","embeddable":true,"href":"https:\/\/barf-aalborg.dk\/index.php\/wp-json\/wp\/v2\/product_brand?post=6358"},{"taxonomy":"product_cat","embeddable":true,"href":"https:\/\/barf-aalborg.dk\/index.php\/wp-json\/wp\/v2\/product_cat?post=6358"},{"taxonomy":"product_tag","embeddable":true,"href":"https:\/\/barf-aalborg.dk\/index.php\/wp-json\/wp\/v2\/product_tag?post=6358"}],"curies":[{"name":"wp","href":"https:\/\/api.w.org\/{rel}","templated":true}]}}