{"id":6335,"date":"2025-05-05T17:14:03","date_gmt":"2025-05-05T15:14:03","guid":{"rendered":"https:\/\/barf-aalborg.dk\/?post_type=product&#038;p=6335"},"modified":"2025-05-05T17:14:04","modified_gmt":"2025-05-05T15:14:04","slug":"ziwipeak-steam-dried-dog-chicken-pouch","status":"publish","type":"product","link":"https:\/\/barf-aalborg.dk\/index.php\/vare\/ziwipeak-steam-dried-dog-chicken-pouch\/","title":{"rendered":"ZiwiPeak Steam &#038; Dried Dog Chicken Pouch"},"content":{"rendered":"<p>Ziwipeak t\u00f8rfoder til den kr\u00e6sne hund eller som en l\u00e6kker godbid.<\/p>\n<p>Et l\u00e6kkert, komplet og afbalanceret m\u00e5ltid rigt p\u00e5 n\u00e6ringsstoffer og fibre til at underst\u00f8tte din hunds ford\u00f8jelsessundhed. Frugt i frugthave er en naturlig kilde til n\u00e6ringsstoffer og fibre til at st\u00f8tte ford\u00f8jelsen. Cikorierod er en kilde til inulin, et naturligt pr\u00e6biotikum, der kan hj\u00e6lpe med at underst\u00f8tte v\u00e6ksten af gode bakterier i tarmen. 85 % premium animalske ingredienser: En kombination af r\u00e5 kylling, organer, animalsk fedt, fiskeolie og \u00e6ggehvide.<\/p>\n<p><strong>Sammens\u00e6tning:<\/strong>\u00a080 % kylling og kyllingeorganer (inklusive kylling, lever, nakke, knogler, brusk, hjerte), 4 % frugter (\u00e6ble, p\u00e6re, kiwi, bl\u00e5b\u00e6r, persimmons), 3 % t\u00f8rret \u00e6ggehvide, t\u00f8rrede gr\u00f8nne \u00e6rter, t\u00f8rrede gr\u00f8nne linser, T\u00f8rret quinoa, 2% kyllingefedt, fiskeolie, mineraler, t\u00f8rret cikorierod, t\u00f8rret tang.<\/p>\n<p><strong>Analyse:\u00a0<\/strong>R\u00e5protein 38,0 % Fedtindhold 28,0 % R\u00e5fibre 1,0 % Fugt 9,0 % R\u00e5aske 9,0 % Kalorieindhold (beregnet) 4300 kcal\/kg<\/p>\n<p><strong>Ern\u00e6ringsm\u00e6ssige tils\u00e6tningsstoffer:\u00a0<\/strong>Vitamin D3 671 IE, zink (som zinkchelat af proteinhydrolysater) 55 mg, kobber (som kobber(II)chelat af proteinhydrolysater) 6,7 mg, jern (som jern(II)chelat af glycinhydrat) 35 mg, mangan (som Manganchelat af proteinhydrolysater) 4,3 mg; Teknologiske tils\u00e6tningsstoffer: Antioxidanter (tocopherolekstrakter af vegetabilske olier).<\/p>\n","protected":false},"excerpt":{"rendered":"<p>Ziwipeak t\u00f8rfoder til den kr\u00e6sne hund eller som en l\u00e6kker godbid. Et l\u00e6kkert, komplet og afbalanceret m\u00e5ltid rigt p\u00e5 n\u00e6ringsstoffer og fibre til at underst\u00f8tte din hunds ford\u00f8jelsessundhed. Frugt i frugthave er en naturlig kilde til n\u00e6ringsstoffer og fibre til at st\u00f8tte ford\u00f8jelsen. Cikorierod er en kilde til inulin, et naturligt pr\u00e6biotikum, der kan hj\u00e6lpe [&hellip;]<\/p>\n","protected":false},"featured_media":6332,"comment_status":"open","ping_status":"closed","template":"","meta":[],"product_brand":[255],"product_cat":[17,265],"product_tag":[20,65],"class_list":{"0":"post-6335","1":"product","2":"type-product","3":"status-publish","4":"has-post-thumbnail","6":"product_brand-ziwipeak","7":"product_cat-toerfoder","8":"product_cat-ziwipeak","9":"product_tag-hundefoder","10":"product_tag-kornfrit-toerfoder-til-hunde","11":"pa_kilo-309","12":"pa_kilo-306","13":"pa_kilo-310","15":"first","16":"instock","17":"taxable","18":"shipping-taxable","19":"purchasable","20":"product-type-variable"},"_links":{"self":[{"href":"https:\/\/barf-aalborg.dk\/index.php\/wp-json\/wp\/v2\/product\/6335","targetHints":{"allow":["GET"]}}],"collection":[{"href":"https:\/\/barf-aalborg.dk\/index.php\/wp-json\/wp\/v2\/product"}],"about":[{"href":"https:\/\/barf-aalborg.dk\/index.php\/wp-json\/wp\/v2\/types\/product"}],"replies":[{"embeddable":true,"href":"https:\/\/barf-aalborg.dk\/index.php\/wp-json\/wp\/v2\/comments?post=6335"}],"version-history":[{"count":1,"href":"https:\/\/barf-aalborg.dk\/index.php\/wp-json\/wp\/v2\/product\/6335\/revisions"}],"predecessor-version":[{"id":6339,"href":"https:\/\/barf-aalborg.dk\/index.php\/wp-json\/wp\/v2\/product\/6335\/revisions\/6339"}],"wp:featuredmedia":[{"embeddable":true,"href":"https:\/\/barf-aalborg.dk\/index.php\/wp-json\/wp\/v2\/media\/6332"}],"wp:attachment":[{"href":"https:\/\/barf-aalborg.dk\/index.php\/wp-json\/wp\/v2\/media?parent=6335"}],"wp:term":[{"taxonomy":"product_brand","embeddable":true,"href":"https:\/\/barf-aalborg.dk\/index.php\/wp-json\/wp\/v2\/product_brand?post=6335"},{"taxonomy":"product_cat","embeddable":true,"href":"https:\/\/barf-aalborg.dk\/index.php\/wp-json\/wp\/v2\/product_cat?post=6335"},{"taxonomy":"product_tag","embeddable":true,"href":"https:\/\/barf-aalborg.dk\/index.php\/wp-json\/wp\/v2\/product_tag?post=6335"}],"curies":[{"name":"wp","href":"https:\/\/api.w.org\/{rel}","templated":true}]}}