{"id":6327,"date":"2025-05-05T17:09:26","date_gmt":"2025-05-05T15:09:26","guid":{"rendered":"https:\/\/barf-aalborg.dk\/?post_type=product&#038;p=6327"},"modified":"2026-04-01T09:13:25","modified_gmt":"2026-04-01T07:13:25","slug":"ziwipeak-steam-dried-dog-lamb-pouch","status":"publish","type":"product","link":"https:\/\/barf-aalborg.dk\/index.php\/vare\/ziwipeak-steam-dried-dog-lamb-pouch\/","title":{"rendered":"ZiwiPeak Steam &#038; Dried Dog Lamb Pouch"},"content":{"rendered":"<p>Ziwipeak t\u00f8rfoder til den kr\u00e6sne hund eller som en l\u00e6kker godbid.<\/p>\n<p>Et l\u00e6kkert, komplet og afbalanceret m\u00e5ltid rigt p\u00e5 n\u00e6ringsstoffer og fibre til at underst\u00f8tte din hunds ford\u00f8jelsessundhed. Gr\u00f8nne gr\u00f8ntsager er en naturlig kilde til n\u00e6ringsstoffer og fibre for at hj\u00e6lpe ford\u00f8jelsen. Cikorierod er en kilde til inulin, et naturligt pr\u00e6biotikum, der kan underst\u00f8tte v\u00e6ksten af gode bakterier i tarmen.<\/p>\n<p><strong>Sammens\u00e6tning:<\/strong>\u00a083% Lamb and Lamb Organs (including Lamb, Lung, Tripe, Liver, Heart, Plasma, Bone, Spleen, Cartilage), 4.3% Vegetables (Dried Green Peas, Spinach, Kale, Green Beans, Beet Greens), Dried Green Lentils, 2% Lamb Fat, Lecithin, Dried Quinoa, Dried Apple Pomace, Fish Oil, Minerals, Dried Chicory Root, Dried Kelp.<\/p>\n<p><strong>Analyse:<\/strong>\u00a0R\u00e5protein 36,0 % Fedtindhold 30,0 % R\u00e5fibre 1,0 % Fugt 9,0 % R\u00e5aske 9,0 % Kalorieindhold (beregnet) 4400 kcal\/kg<\/p>\n<p><strong>Ern\u00e6ringsm\u00e6ssige tils\u00e6tningsstoffer:<\/strong>\u00a0Vitamin D3 880 IE, zink (som zinkchelat af proteinhydrolysater) 65 mg, kobber (som kobber(II)chelat af proteinhydrolysater) 3,5 mg, jern (som jern(II)chelat af glycinhydrat) 35 mg, mangan (som Manganchelat af proteinhydrolysater) 4,3 mg, selen (som seleniseret g\u00e6r Saccharomyces cerevisiae CNCM I-3060) 0,1 mg; Teknologiske tils\u00e6tningsstoffer: Antioxidanter (tocopherolekstrakter af vegetabilske olier).<\/p>\n<p>&nbsp;<\/p>\n","protected":false},"excerpt":{"rendered":"<p>Ziwipeak t\u00f8rfoder til den kr\u00e6sne hund eller som en l\u00e6kker godbid. Et l\u00e6kkert, komplet og afbalanceret m\u00e5ltid rigt p\u00e5 n\u00e6ringsstoffer og fibre til at underst\u00f8tte din hunds ford\u00f8jelsessundhed. Gr\u00f8nne gr\u00f8ntsager er en naturlig kilde til n\u00e6ringsstoffer og fibre for at hj\u00e6lpe ford\u00f8jelsen. Cikorierod er en kilde til inulin, et naturligt pr\u00e6biotikum, der kan underst\u00f8tte v\u00e6ksten [&hellip;]<\/p>\n","protected":false},"featured_media":6333,"comment_status":"open","ping_status":"closed","template":"","meta":[],"product_brand":[255],"product_cat":[17,265],"product_tag":[20,65],"class_list":{"0":"post-6327","1":"product","2":"type-product","3":"status-publish","4":"has-post-thumbnail","6":"product_brand-ziwipeak","7":"product_cat-toerfoder","8":"product_cat-ziwipeak","9":"product_tag-hundefoder","10":"product_tag-kornfrit-toerfoder-til-hunde","11":"pa_kilo-309","12":"pa_kilo-306","13":"pa_kilo-310","15":"first","16":"outofstock","17":"taxable","18":"shipping-taxable","19":"purchasable","20":"product-type-variable"},"_links":{"self":[{"href":"https:\/\/barf-aalborg.dk\/index.php\/wp-json\/wp\/v2\/product\/6327","targetHints":{"allow":["GET"]}}],"collection":[{"href":"https:\/\/barf-aalborg.dk\/index.php\/wp-json\/wp\/v2\/product"}],"about":[{"href":"https:\/\/barf-aalborg.dk\/index.php\/wp-json\/wp\/v2\/types\/product"}],"replies":[{"embeddable":true,"href":"https:\/\/barf-aalborg.dk\/index.php\/wp-json\/wp\/v2\/comments?post=6327"}],"version-history":[{"count":1,"href":"https:\/\/barf-aalborg.dk\/index.php\/wp-json\/wp\/v2\/product\/6327\/revisions"}],"predecessor-version":[{"id":6334,"href":"https:\/\/barf-aalborg.dk\/index.php\/wp-json\/wp\/v2\/product\/6327\/revisions\/6334"}],"wp:featuredmedia":[{"embeddable":true,"href":"https:\/\/barf-aalborg.dk\/index.php\/wp-json\/wp\/v2\/media\/6333"}],"wp:attachment":[{"href":"https:\/\/barf-aalborg.dk\/index.php\/wp-json\/wp\/v2\/media?parent=6327"}],"wp:term":[{"taxonomy":"product_brand","embeddable":true,"href":"https:\/\/barf-aalborg.dk\/index.php\/wp-json\/wp\/v2\/product_brand?post=6327"},{"taxonomy":"product_cat","embeddable":true,"href":"https:\/\/barf-aalborg.dk\/index.php\/wp-json\/wp\/v2\/product_cat?post=6327"},{"taxonomy":"product_tag","embeddable":true,"href":"https:\/\/barf-aalborg.dk\/index.php\/wp-json\/wp\/v2\/product_tag?post=6327"}],"curies":[{"name":"wp","href":"https:\/\/api.w.org\/{rel}","templated":true}]}}