{"id":6316,"date":"2025-05-05T14:57:49","date_gmt":"2025-05-05T12:57:49","guid":{"rendered":"https:\/\/barf-aalborg.dk\/?post_type=product&#038;p=6316"},"modified":"2026-04-01T09:13:20","modified_gmt":"2026-04-01T07:13:20","slug":"leonardo-fresh-okse-kylling","status":"publish","type":"product","link":"https:\/\/barf-aalborg.dk\/index.php\/vare\/leonardo-fresh-okse-kylling\/","title":{"rendered":"Leonardo Fresh Okse &#038; Kylling"},"content":{"rendered":"<p><strong>Leonardo Fresh Okse &amp; Kylling.<\/strong><\/p>\n<p><strong>Komplet foder til katte med hele 85% frisk k\u00f8d &#8211; 15% holistiske ingredienser<\/strong><\/p>\n<p>K\u00f8d er en dyrebar vare &#8211; derfor er Leonardo overbevist om, at det kun skal tilberedes p\u00e5 den bedst mulige m\u00e5de.<\/p>\n<p>LEONARDO fersk k\u00f8d forarbejdes og undg\u00e5r stort set k\u00f8dmel. LEONARDO har derfor opn\u00e5et et produkt, som tidligere ans\u00e5s som umuligt at fremstille.<\/p>\n<p>De bruger en Fresh Meat teknologi, der forarbejder det friske k\u00f8d direkte til den f\u00e6rdige foderpille. Det sparer processen med at t\u00f8rre og ingredienserne forbliver friske indtil kort f\u00f8r de forarbejdes. Dermed har de udviklet den fulde smag af k\u00f8det i foderpillen.<\/p>\n<p>I foderpillen er der udover k\u00f8d ogs\u00e5 gr\u00f8ntsager, urter og b\u00e6rblandinger, som supplerer og giver katten dens naturlige ern\u00e6ringsbehov. Ingredienser som traneb\u00e6r, chlorella alger eller chiafr\u00f8 giver positive virkninger p\u00e5 kattens velbefindende.<\/p>\n<p>Der er b\u00e5de PH-control til at sikre urinens PH-v\u00e6rdi, beta-glucaner fra \u00f8lg\u00e6r til at styrke kattens immunforsvar og s\u00e5 STAY-CLEAN til plakreduktion. Katte kan kun behandle gr\u00f8ntsagsstivelse i bestemte m\u00e6ngder og derefter kun hvis det er ford\u00f8jede kulhydrater. Derfor har LEONARDO en god sammens\u00e6tning, hvor der er proteiner og l\u00e6kre animalske fedtstoffer. Amarant og \u00e6rter bidrager til stivelsen. Det g\u00f8r, at blodsukkeret stiger langsomt efter et m\u00e5ltid. Det g\u00f8r katten er m\u00e6t i l\u00e6ngere tid.<\/p>\n<p>&nbsp;<\/p>\n<p><strong>Sammens\u00e6tning:<\/strong><\/p>\n<p>Frisk oksemuskelk\u00f8d, lever, nyre (43%); Fersk fjerkr\u00e6k\u00f8d (42%); \u00c6rtmel; Amarant; Marine zooplankton, formalet (Krill, 1,7%); \u00c6g, t\u00f8rret; Fiskemel fra havfisk, t\u00f8rret, hydrolyseret; Fjerkr\u00e6lever, hydrolyseret; Chia fr\u00f8; Bryggerig\u00e6r, t\u00f8rret (0,4%, kilde til beta-glucaner og mannan-oligosaccharider); Kibbled johannesbr\u00f8d; \u00c6blemasse, t\u00f8rret; Gr\u00f8ntsager, t\u00f8rrede (guler\u00f8dder, pastinak, r\u00f8dbeder, porre); T\u00f8rrede alger (0,18%, Chlorella vulgaris); Dicalciumphosphat; Kaliumchlorid; Vilde b\u00e6r, t\u00f8rrede (i alt: 0,07%; rogn, hyben, bl\u00e5b\u00e6r, hyldeb\u00e6r, ribs); Traneb\u00e6r (0,07%); Urter, t\u00f8rrede (br\u00e6nden\u00e6lde blade, gentian rod, Centaury, kamille, fennikel, karve, mistel, ryllike, bromb\u00e6r blade); Oliven ekstrakt (Olea europaea)<\/p>\n<p><b>Analytiske bestanddele:<\/b><\/p>\n<p>Protein 40%; Fedtindhold 22%; R\u00e5aske 7,0%; R\u00e5fiber 2,5%; Fugtighed 10%; Calcium 1,0%; Fosfor 0,9%; Natrium 0,4 %<\/p>\n","protected":false},"excerpt":{"rendered":"<p>Leonardo Fresh Okse &amp; Kylling. Komplet foder til katte med hele 85% frisk k\u00f8d &#8211; 15% holistiske ingredienser K\u00f8d er en dyrebar vare &#8211; derfor er Leonardo overbevist om, at det kun skal tilberedes p\u00e5 den bedst mulige m\u00e5de. LEONARDO fersk k\u00f8d forarbejdes og undg\u00e5r stort set k\u00f8dmel. LEONARDO har derfor opn\u00e5et et produkt, som [&hellip;]<\/p>\n","protected":false},"featured_media":6308,"comment_status":"open","ping_status":"closed","template":"","meta":[],"product_brand":[229],"product_cat":[305,297],"product_tag":[62,63,299],"class_list":{"0":"post-6316","1":"product","2":"type-product","3":"status-publish","4":"has-post-thumbnail","6":"product_brand-leonardo","7":"product_cat-leonardo","8":"product_cat-toerfoder-kat","9":"product_tag-kattefoder","10":"product_tag-kornfrit-toerfoder-til-katte","11":"product_tag-toerfoder-kat","12":"pa_kilo-306","13":"pa_kilo-307","15":"first","16":"instock","17":"taxable","18":"shipping-taxable","19":"purchasable","20":"product-type-variable"},"_links":{"self":[{"href":"https:\/\/barf-aalborg.dk\/index.php\/wp-json\/wp\/v2\/product\/6316","targetHints":{"allow":["GET"]}}],"collection":[{"href":"https:\/\/barf-aalborg.dk\/index.php\/wp-json\/wp\/v2\/product"}],"about":[{"href":"https:\/\/barf-aalborg.dk\/index.php\/wp-json\/wp\/v2\/types\/product"}],"replies":[{"embeddable":true,"href":"https:\/\/barf-aalborg.dk\/index.php\/wp-json\/wp\/v2\/comments?post=6316"}],"version-history":[{"count":1,"href":"https:\/\/barf-aalborg.dk\/index.php\/wp-json\/wp\/v2\/product\/6316\/revisions"}],"predecessor-version":[{"id":6319,"href":"https:\/\/barf-aalborg.dk\/index.php\/wp-json\/wp\/v2\/product\/6316\/revisions\/6319"}],"wp:featuredmedia":[{"embeddable":true,"href":"https:\/\/barf-aalborg.dk\/index.php\/wp-json\/wp\/v2\/media\/6308"}],"wp:attachment":[{"href":"https:\/\/barf-aalborg.dk\/index.php\/wp-json\/wp\/v2\/media?parent=6316"}],"wp:term":[{"taxonomy":"product_brand","embeddable":true,"href":"https:\/\/barf-aalborg.dk\/index.php\/wp-json\/wp\/v2\/product_brand?post=6316"},{"taxonomy":"product_cat","embeddable":true,"href":"https:\/\/barf-aalborg.dk\/index.php\/wp-json\/wp\/v2\/product_cat?post=6316"},{"taxonomy":"product_tag","embeddable":true,"href":"https:\/\/barf-aalborg.dk\/index.php\/wp-json\/wp\/v2\/product_tag?post=6316"}],"curies":[{"name":"wp","href":"https:\/\/api.w.org\/{rel}","templated":true}]}}