{"id":6246,"date":"2025-04-26T10:54:03","date_gmt":"2025-04-26T08:54:03","guid":{"rendered":"https:\/\/barf-aalborg.dk\/?post_type=product&#038;p=6246"},"modified":"2026-04-01T09:13:24","modified_gmt":"2026-04-01T07:13:24","slug":"orijen-original","status":"publish","type":"product","link":"https:\/\/barf-aalborg.dk\/index.php\/vare\/orijen-original\/","title":{"rendered":"Orijen Original"},"content":{"rendered":"<p>Hj\u00e6lp din hund med at trives med proteinrige opskrifter, der giver maksimal n\u00e6ring. Hunde er nedarvede k\u00f8d\u00e6dere, s\u00e5 de har brug for en Biologically Appropriate\u2122 kost, der er rig og varieret p\u00e5 hele animalske ingredienser. ORIJEN<sup>\u2122<\/sup><strong>\u00a0Original\u00a0<\/strong>foder er fyldt med 85% animalske kvalitetsingredienser som fersk eller r\u00e5 kylling og kalkun, og vildtfanget eller b\u00e6redygtigt opdr\u00e6ttet fisk. Fyldt med WholePrey dyreingredienser som organer og brusk er ORIJEN\u2122 foderet lavet med de n\u00e6ringst\u00e6tte, saftige dele af byttet for at levere den n\u00e6ring, hunde har brug for. Resultatet er en kost til din hund, der er uden sammenligning.<\/p>\n<ul>\n<li>De 5 hovedingredienser er ferske eller r\u00e5 fjerkr\u00e6- og fiskeingredienser.<\/li>\n<li>85% kvalitetsfjerkr\u00e6 og fiskeingredienser, der giver en st\u00e6rk kilde til essentielle proteiner, vitaminer og mineraler.<\/li>\n<li>Vores autentiske WholePrey-di\u00e6t indeholder de saftige dele af byttet som fjerkr\u00e6 eller fisk, organer og brusk for at efterligne, hvad din hunds forf\u00e6dre spiste i naturen.<\/li>\n<li>Fryset\u00f8rret lever coated for en eksplosion af r\u00e5 smag, som din hund instinktivt l\u00e6nges efter.<\/li>\n<li>Fremstillet i Canada med de bedste ingredienser.<\/li>\n<li>Kornfrit<\/li>\n<\/ul>\n<p>Metaboliserbar energi er 3860 kcal\/kg (463 kcal pr. 250 ml\/120 g kop). Kalorierne er fordelt for at underst\u00f8tte den bedste kondition med 39 % fra protein, 19 % fra kulhydrater og 42 % fra fedt.<\/p>\n<div class=\"px-1 pt-1 pb-0 small\">\n<div class=\"font-weight-bold\">Sammens\u00e6tning<\/div>\n<div>\n<p>Fersk kylling (25 %), r\u00e5 kalkun (8 %), fersk kyllingeindvolde (lever, hjerte) (7 %), r\u00e5 hele sild (6 %), r\u00e5 hele kulmule (5 %), friske \u00e6g (5 %), r\u00e5 kalkunlever (5 %), dehydreret kylling (4 %), dehydreret kalkun (4 %), dehydreret makrel (4 %), dehydreret sardin (4 %), dehydreret sild (4 %), hele r\u00f8de linser, hele kik\u00e6rter, hele \u00e6rter, kyllingefedt (3 %), hele gr\u00f8nne linser, hele pinto-b\u00f8nner, hele navy-b\u00f8nner, linsefibre, sejolie (1 %), \u00e6rtestivelse, t\u00f8rret tang, friske hele gr\u00e6skar, friske hele butternutsquash, friske hele courgetter, friske hele guler\u00f8dder, friske hele \u00e6bler, friske hele p\u00e6rer, t\u00f8rret cikorierod, frisk gr\u00f8nk\u00e5l, frisk spinat, frisk r\u00f8dbedegr\u00f8nt, frisk majroe, hele traneb\u00e6r, hele bl\u00e5b\u00e6r, hele saskatoonb\u00e6r, gurkemeje, marietidsel, burrerod, lavendel, althearod, hybenroser.<\/p>\n<\/div>\n<\/div>\n<div class=\"px-1 pt-1 pb-0 small\">\n<div class=\"font-weight-bold\">Analytiske bestanddele<\/div>\n<div>\n<p>R\u00e5protein: 38% R\u00e5fedt: 18% R\u00e5aske: 9% R\u00e5fibre: 5% Fugtighed: 12% Calcium: 1,4% Fosfor: 1,1% Omega-3-fedtsyrer: 1,0% Omega-6-fedtsyrer: 3,0% DHA (docosahexaensyre): 0,3 % EPA (eicosapentaensyre): 0.2%<\/p>\n<\/div>\n<\/div>\n<div class=\"px-1 pt-1 pb-0 small\">\n<div class=\"font-weight-bold\">Tils\u00e6tningsstoffer<\/div>\n<div>Teknologiske tils\u00e6tningsstoffer: Tocopherolekstrakt fra vegetabilske olier: 121 mg, citronsyre: 40 mg. Sensoriske tils\u00e6tningsstoffer: Rosmarinekstrakt: 80 mg. N\u00e6ringsm\u00e6ssige tils\u00e6tningsstoffer: 3b606 (Zink: 105 mg), 3b406 (Kobber: 11 mg), 3a821 Vitamin B1: 10 mg, 3a672a Vitamin A: 3750 IU, 3a671 Vitamin D3: 500 IU, 3a700 Vitamin E: 80 IU. Zootekniske tils\u00e6tningsstoffer: 4b1707 Enterococcus faecium NCIMB 10415 1&#215;10^9 CFU.<\/div>\n<\/div>\n","protected":false},"excerpt":{"rendered":"<p>Hj\u00e6lp din hund med at trives med proteinrige opskrifter, der giver maksimal n\u00e6ring. Hunde er nedarvede k\u00f8d\u00e6dere, s\u00e5 de har brug for en Biologically Appropriate\u2122 kost, der er rig og varieret p\u00e5 hele animalske ingredienser. ORIJEN\u2122\u00a0Original\u00a0foder er fyldt med 85% animalske kvalitetsingredienser som fersk eller r\u00e5 kylling og kalkun, og vildtfanget eller b\u00e6redygtigt opdr\u00e6ttet fisk. [&hellip;]<\/p>\n","protected":false},"featured_media":6248,"comment_status":"open","ping_status":"closed","template":"","meta":[],"product_brand":[243],"product_cat":[266,17],"product_tag":[20,65,19],"class_list":{"0":"post-6246","1":"product","2":"type-product","3":"status-publish","4":"has-post-thumbnail","6":"product_brand-orijen","7":"product_cat-orijen","8":"product_cat-toerfoder","9":"product_tag-hundefoder","10":"product_tag-kornfrit-toerfoder-til-hunde","11":"product_tag-toerfoder","12":"pa_kilo-291","13":"pa_kilo-271","14":"pa_kilo-290","16":"first","17":"instock","18":"taxable","19":"shipping-taxable","20":"purchasable","21":"product-type-variable"},"_links":{"self":[{"href":"https:\/\/barf-aalborg.dk\/index.php\/wp-json\/wp\/v2\/product\/6246","targetHints":{"allow":["GET"]}}],"collection":[{"href":"https:\/\/barf-aalborg.dk\/index.php\/wp-json\/wp\/v2\/product"}],"about":[{"href":"https:\/\/barf-aalborg.dk\/index.php\/wp-json\/wp\/v2\/types\/product"}],"replies":[{"embeddable":true,"href":"https:\/\/barf-aalborg.dk\/index.php\/wp-json\/wp\/v2\/comments?post=6246"}],"version-history":[{"count":2,"href":"https:\/\/barf-aalborg.dk\/index.php\/wp-json\/wp\/v2\/product\/6246\/revisions"}],"predecessor-version":[{"id":6253,"href":"https:\/\/barf-aalborg.dk\/index.php\/wp-json\/wp\/v2\/product\/6246\/revisions\/6253"}],"wp:featuredmedia":[{"embeddable":true,"href":"https:\/\/barf-aalborg.dk\/index.php\/wp-json\/wp\/v2\/media\/6248"}],"wp:attachment":[{"href":"https:\/\/barf-aalborg.dk\/index.php\/wp-json\/wp\/v2\/media?parent=6246"}],"wp:term":[{"taxonomy":"product_brand","embeddable":true,"href":"https:\/\/barf-aalborg.dk\/index.php\/wp-json\/wp\/v2\/product_brand?post=6246"},{"taxonomy":"product_cat","embeddable":true,"href":"https:\/\/barf-aalborg.dk\/index.php\/wp-json\/wp\/v2\/product_cat?post=6246"},{"taxonomy":"product_tag","embeddable":true,"href":"https:\/\/barf-aalborg.dk\/index.php\/wp-json\/wp\/v2\/product_tag?post=6246"}],"curies":[{"name":"wp","href":"https:\/\/api.w.org\/{rel}","templated":true}]}}