{"id":6233,"date":"2025-04-14T17:33:20","date_gmt":"2025-04-14T15:33:20","guid":{"rendered":"https:\/\/barf-aalborg.dk\/?post_type=product&#038;p=6233"},"modified":"2026-04-01T10:55:09","modified_gmt":"2026-04-01T08:55:09","slug":"lilys-kitchen-shepherds-pie","status":"publish","type":"product","link":"https:\/\/barf-aalborg.dk\/index.php\/vare\/lilys-kitchen-shepherds-pie\/","title":{"rendered":"Lily\u00b4s Kitchen Shepherd\u00b4s Pie"},"content":{"rendered":"<section class=\"slice white animate-hover-slide\">\n<div class=\"container\">\n<div class=\"row\">\n<div class=\"col-md-12 col-sm-12 col-xm-12\">\n<div class=\"container\">\n<div class=\"row\">\n<div class=\"col-md-12\">\n<div class=\"col-md-12 col-sm-12 col-xs-12\">\n<div class=\"row product detail\">\n<div class=\"col-md-8 col-sm-8 col-xs-12\">\n<div id=\"productinfo\" class=\"product-info\">\n<div class=\"tabs-wrapper hidden-xs\">\n<div class=\"tab-content\">\n<div id=\"description\" class=\"tab-pane active\" role=\"tabpanel\">\n<p>Lily`s Kitchen Adult Lamb &#8211; En kornfri t\u00f8rfoder samt fedtfattig til voksne hunde med kun lam, velegnet til bla. allergihunde.<\/p>\n<p>Indeholder: <strong>32% frisklavet: lam (27%), lamlever (5%), <\/strong>s\u00f8de kartofler (20%),Kartoffel (16%), \u00c6rteprotein, Kartoffelprotein, Hele \u00e6rter (4%), Hele linser, h\u00f8rfr\u00f8, lammesvin, mineraler, botaniske planter og urter * (1%), solsikkeolie, \u00e6rtefibre, pr\u00e6biotika (Mannan oligosaccharider 2g \/ kg, Fructooligosaccharider 1,2 g \/ kg), Joint Care Mix (Methylsulfonylmethan 200 mg \/ kg, Chondroitinsulfat 200 mg \/ kg, Glucosamin 200 mg \/ kg), Guler\u00f8dder, Persille (0,01%), Traneb\u00e6r, \u00c6bler, Spinat.<\/p>\n<\/div>\n<div class=\"tab-pane active\" role=\"tabpanel\">\n<p>* Botanik og urter: Alfalfa, Chickweed, Cleavers, Golden Rod, Nettles, tang, M\u00e6lkeb\u00f8tterod, Sellerifr\u00f8, m\u00e6lketistel, Burdock Root, Marigold Flowers, Rosehips.<\/p>\n<p>Kalorier<br \/>\n347 kcal \/ 100 g<\/p>\n<p>Analytiske bestanddele<br \/>\nR\u00e5protein 23%<br \/>\nR\u00e5 fedtstoffer og olier 9%<br \/>\nR\u00e5fibre 3,5%<br \/>\nR\u00e5aske 7%<br \/>\nOmega 6 1,5%<br \/>\nOmega 3 1,2%<br \/>\nCalcium 1%<br \/>\nFosfor 0,7%<\/p>\n<p>Vitaminer (pr. Kg):<br \/>\nA-vitamin (som retinylacetat) 18.000 IE, vitamin D3 (som cholecalciferol) 1.800 IE, vitamin E (som alfa-tocopherolacetat) 150 IE, L-carnitin 400 mg<\/p>\n<p>Sporelementer (pr. Kg):<br \/>\nZink (som zinkchelat af aminosyrer, hydrat) 50 mg, mangan (som mangankelet af aminosyrer, hydrat) 10 mg, kobber (som kobber (II) chelat af aminosyrer, hydrat) 9 mg, selen (som organisk selen S. cerevisiae CNCM 1- 3060) 0,1 mg, jod (som vandfri calciumjodat) 0,5 mg<\/p>\n<p>Fodringsforslag: Dette er et komplet foder til voksne hunde.<\/p>\n<p>Der skal altid v\u00e6re en sk\u00e5l med frisk vand klar.<\/p>\n<p>Fremstillet i England.<\/p>\n<p>Findes i flg. st\u00f8rrelser : 2,5 kg. of 7 kg.<\/p>\n<\/div>\n<\/div>\n<\/div>\n<\/div>\n<\/div>\n<\/div>\n<\/div>\n<\/div>\n<\/div>\n<\/div>\n<\/div>\n<\/div>\n<\/div>\n<\/section>\n<div class=\"body-wrap fluid\"><\/div>\n","protected":false},"excerpt":{"rendered":"<p>Lily`s Kitchen Adult Lamb &#8211; En kornfri t\u00f8rfoder samt fedtfattig til voksne hunde med kun lam, velegnet til bla. allergihunde. Indeholder: 32% frisklavet: lam (27%), lamlever (5%), s\u00f8de kartofler (20%),Kartoffel (16%), \u00c6rteprotein, Kartoffelprotein, Hele \u00e6rter (4%), Hele linser, h\u00f8rfr\u00f8, lammesvin, mineraler, botaniske planter og urter * (1%), solsikkeolie, \u00e6rtefibre, pr\u00e6biotika (Mannan oligosaccharider 2g \/ kg, [&hellip;]<\/p>\n","protected":false},"featured_media":6234,"comment_status":"closed","ping_status":"closed","template":"","meta":[],"product_brand":[231],"product_cat":[262,17],"product_tag":[294,65,135,19],"class_list":{"0":"post-6233","1":"product","2":"type-product","3":"status-publish","4":"has-post-thumbnail","6":"product_brand-lilys-kitchen","7":"product_cat-lilys-kitchen","8":"product_cat-toerfoder","9":"product_tag-fedtfattig-hundefoder","10":"product_tag-kornfrit-toerfoder-til-hunde","11":"product_tag-singleprotein","12":"product_tag-toerfoder","13":"pa_kilo-300","14":"pa_kilo-301","16":"first","17":"instock","18":"taxable","19":"shipping-taxable","20":"purchasable","21":"product-type-variable"},"_links":{"self":[{"href":"https:\/\/barf-aalborg.dk\/index.php\/wp-json\/wp\/v2\/product\/6233","targetHints":{"allow":["GET"]}}],"collection":[{"href":"https:\/\/barf-aalborg.dk\/index.php\/wp-json\/wp\/v2\/product"}],"about":[{"href":"https:\/\/barf-aalborg.dk\/index.php\/wp-json\/wp\/v2\/types\/product"}],"replies":[{"embeddable":true,"href":"https:\/\/barf-aalborg.dk\/index.php\/wp-json\/wp\/v2\/comments?post=6233"}],"version-history":[{"count":1,"href":"https:\/\/barf-aalborg.dk\/index.php\/wp-json\/wp\/v2\/product\/6233\/revisions"}],"predecessor-version":[{"id":6237,"href":"https:\/\/barf-aalborg.dk\/index.php\/wp-json\/wp\/v2\/product\/6233\/revisions\/6237"}],"wp:featuredmedia":[{"embeddable":true,"href":"https:\/\/barf-aalborg.dk\/index.php\/wp-json\/wp\/v2\/media\/6234"}],"wp:attachment":[{"href":"https:\/\/barf-aalborg.dk\/index.php\/wp-json\/wp\/v2\/media?parent=6233"}],"wp:term":[{"taxonomy":"product_brand","embeddable":true,"href":"https:\/\/barf-aalborg.dk\/index.php\/wp-json\/wp\/v2\/product_brand?post=6233"},{"taxonomy":"product_cat","embeddable":true,"href":"https:\/\/barf-aalborg.dk\/index.php\/wp-json\/wp\/v2\/product_cat?post=6233"},{"taxonomy":"product_tag","embeddable":true,"href":"https:\/\/barf-aalborg.dk\/index.php\/wp-json\/wp\/v2\/product_tag?post=6233"}],"curies":[{"name":"wp","href":"https:\/\/api.w.org\/{rel}","templated":true}]}}